{"id":3771,"date":"2025-03-06T14:46:09","date_gmt":"2025-03-06T13:46:09","guid":{"rendered":"https:\/\/gardarssongolf.com\/datenschutzrichtlinie\/"},"modified":"2026-03-03T13:39:18","modified_gmt":"2026-03-03T12:39:18","slug":"privacy-policy","status":"publish","type":"page","link":"https:\/\/gardarssongolf.com\/de\/privacy-policy\/","title":{"rendered":"Datenschutzrichtlinie"},"content":{"rendered":"\n<p>Der Betreiber informiert Sie \u00fcber seine Datenschutzrichtlinie hinsichtlich der Verarbeitung und des Schutzes personenbezogener Daten von Nutzern, die beim Besuch der Website https:\/\/gardarssongolf.com\/ erhoben werden k\u00f6nnen.<\/p>\n\n\n\n<p>Der Betreiber gew\u00e4hrleistet die Einhaltung der geltenden Bestimmungen zum Schutz personenbezogener Daten, wie sie im spanischen Organgesetz 3\/2018 vom 5. Dezember zum Schutz personenbezogener Daten und zur Gew\u00e4hrleistung digitaler Rechte (LOPD GDD) festgelegt sind. Er erf\u00fcllt au\u00dferdem die Anforderungen der Verordnung (EU) 2016\/679 des Europ\u00e4ischen Parlaments und des Rates vom 27. April 2016 zum Schutz nat\u00fcrlicher Personen (DSGVO).<\/p>\n\n\n\n<p>Die Nutzung der Website setzt die Akzeptanz dieser Datenschutzrichtlinie sowie der im Impressum enthaltenen Bedingungen voraus.<\/p>\n\n\n\n<h2 class=\"wp-block-heading\">Verantwortliche Stelle f\u00fcr die Datenverarbeitung<\/h2>\n\n\n\n<ul class=\"wp-block-list\">\n<li><strong>Verantwortliche Stelle f\u00fcr die Datenverarbeitung:<\/strong>&nbsp; Ulyana Petrus.<\/li>\n\n\n\n<li><strong>Steuernummer<\/strong>:&nbsp;X4174928Z<\/li>\n\n\n\n<li><strong>Adresse:<\/strong>&nbsp; San Javier, 30720, Murcia &#8211; Espa\u00f1a.<\/li>\n\n\n\n<li><strong>E-Mail:<\/strong>&nbsp; info@gardarssongolf.com<\/li>\n\n\n\n<li><strong>Website:<\/strong>&nbsp;&nbsp;<a href=\"https:\/\/gardarssongolf.com\/de\/\">https:\/\/gardarssongolf.com\/<\/a><\/li>\n<\/ul>\n\n\n\n<h2 class=\"wp-block-heading\">Prinzipien der Datenverarbeitung<\/h2>\n\n\n\n<p>Bei der Verarbeitung Ihrer personenbezogenen Daten wendet der Datenverantwortliche die folgenden Grunds\u00e4tze an, die den Anforderungen der neuen europ\u00e4ischen Datenschutzverordnung (DSGVO) entsprechen:<\/p>\n\n\n\n<ul class=\"wp-block-list\">\n<li>Grundsatz der Rechtm\u00e4\u00dfigkeit, Fairness und Transparenz: Der Inhaber wird stets die Einwilligung zur Verarbeitung personenbezogener Daten einholen, die f\u00fcr einen oder mehrere bestimmte Zwecke erfolgen kann, \u00fcber die der Inhaber den Nutzer im Voraus mit absoluter Transparenz informieren wird.<\/li>\n\n\n\n<li>Grundsatz der Datenminimierung: Der Eigent\u00fcmer fordert nur die Daten an, die f\u00fcr den Zweck oder die Zwecke, f\u00fcr die sie angefordert werden, unbedingt erforderlich sind.<\/li>\n\n\n\n<li>Grundsatz der Speicherdauerbegrenzung: Der Verantwortliche speichert die erhobenen personenbezogenen Daten nur so lange, wie es f\u00fcr den\/die Verarbeitungszweck(e) unbedingt erforderlich ist. Der Verantwortliche informiert den Nutzer \u00fcber die jeweilige Speicherdauer.<br>Bei Abonnements \u00fcberpr\u00fcft der Verantwortliche die Listen regelm\u00e4\u00dfig und l\u00f6scht Datens\u00e4tze, die \u00fcber einen l\u00e4ngeren Zeitraum inaktiv waren.<\/li>\n\n\n\n<li>Grundsatz der Integrit\u00e4t und Vertraulichkeit: Die erhobenen personenbezogenen Daten werden so verarbeitet, dass ihre Sicherheit, Vertraulichkeit und Integrit\u00e4t gew\u00e4hrleistet sind.<br>Der Verantwortliche trifft die notwendigen Vorkehrungen, um unbefugten Zugriff auf oder Missbrauch von Nutzerdaten durch Dritte zu verhindern.<\/li>\n<\/ul>\n\n\n\n<h2 class=\"wp-block-heading\">Erhebung personenbezogener Daten<\/h2>\n\n\n\n<p>Sie m\u00fcssen keine pers\u00f6nlichen Daten angeben, um die Website zu besuchen.<\/p>\n\n\n\n<h2 class=\"wp-block-heading\">Rechte<\/h2>\n\n\n\n<p>Der Datenverantwortliche informiert Sie dar\u00fcber, dass Sie hinsichtlich Ihrer personenbezogenen Daten folgende Rechte haben:<\/p>\n\n\n\n<ul class=\"wp-block-list\">\n<li>Fordern Sie Zugriff auf die gespeicherten Daten an.<\/li>\n\n\n\n<li>Eine Berichtigung oder L\u00f6schung beantragen.<\/li>\n\n\n\n<li>Beantragen Sie die Einschr\u00e4nkung Ihrer Behandlung.<\/li>\n\n\n\n<li>Sich der Behandlung widersetzen.<\/li>\n<\/ul>\n\n\n\n<p>Sie k\u00f6nnen Ihr Recht auf Daten\u00fcbertragbarkeit nicht aus\u00fcben.<\/p>\n\n\n\n<p>Die Aus\u00fcbung dieser Rechte ist pers\u00f6nlich und muss daher direkt von der betroffenen Person erfolgen, indem sie diese direkt beim Inhaber beantragt. Das bedeutet, dass jeder Kunde, Abonnent oder Mitarbeiter, der seine Daten zu einem beliebigen Zeitpunkt angegeben hat, sich an den Inhaber wenden und Auskunft \u00fcber die gespeicherten Daten und deren Erhebung verlangen, die Berichtigung dieser Daten verlangen, der Verarbeitung widersprechen, deren Nutzung einschr\u00e4nken oder die L\u00f6schung dieser Daten aus den Dateien des Inhabers verlangen kann.<\/p>\n\n\n\n<p>Um Ihre Rechte auszu\u00fcben, senden Sie bitte Ihre Anfrage zusammen mit einer Kopie Ihres Personalausweises oder eines gleichwertigen Dokuments an die folgende E-Mail-Adresse: info@gardarssongolf.com<\/p>\n\n\n\n<p>Die Aus\u00fcbung dieser Rechte umfasst keine Daten, die der Inhaber aus administrativen, rechtlichen oder Sicherheitsgr\u00fcnden aufbewahren muss.<\/p>\n\n\n\n<p>Sie haben das Recht auf wirksamen Rechtsschutz und k\u00f6nnen eine Beschwerde bei der Aufsichtsbeh\u00f6rde, in diesem Fall der spanischen Datenschutzbeh\u00f6rde, einreichen, wenn Sie der Ansicht sind, dass die Verarbeitung Ihrer personenbezogenen Daten gegen die Verordnung verst\u00f6\u00dft.<\/p>\n\n\n\n<h2 class=\"wp-block-heading\" id=\"finalidad-del-tratamiento-de-datos-personales\">Zweck der Verarbeitung personenbezogener Daten<\/h2>\n\n\n\n<p>Wenn Sie sich \u00fcber die Website mit dem Inhaber verbinden, um eine E-Mail zu senden oder den Newsletter zu abonnieren, \u00fcbermitteln Sie personenbezogene Daten, f\u00fcr die der Inhaber verantwortlich ist. Zu diesen Daten k\u00f6nnen beispielsweise Ihre IP-Adresse, Ihr Vor- und Nachname, Ihre Anschrift, Ihre E-Mail-Adresse, Ihre Telefonnummer und weitere Informationen geh\u00f6ren. Mit der \u00dcbermittlung dieser Daten erkl\u00e4ren Sie sich damit einverstanden, dass Ihre Daten von Gardarsson Golf School and Properties ausschlie\u00dflich wie auf den folgenden Seiten beschrieben erhoben, verwendet, verwaltet und gespeichert werden:<\/p>\n\n\n\n<ul class=\"wp-block-list\">\n<li><a href=\"\/de\/rechtlicher-hinweis\">Rechtlicher Hinweis<\/a><\/li>\n\n\n\n<li><a href=\"\/de\/privacy-policy\/\">Datenschutzrichtlinie<\/a><\/li>\n<\/ul>\n\n\n\n<p>Die Art der personenbezogenen Daten und der Zweck ihrer Verarbeitung durch den Verantwortlichen unterscheiden sich je nach dem verwendeten Datenerfassungssystem:<\/p>\n\n\n\n<ul class=\"wp-block-list\">\n<li><\/li>\n<\/ul>\n\n\n\n<p>Der Datenverantwortliche verarbeitet personenbezogene Daten auch zu anderen Zwecken:<\/p>\n\n\n\n<ul class=\"wp-block-list\">\n<li>Um die Einhaltung der im Impressum und im geltenden Recht festgelegten Bedingungen zu gew\u00e4hrleisten, kann dies die Entwicklung von Tools und Algorithmen umfassen, die der Website helfen, die Vertraulichkeit der von ihr erhobenen personenbezogenen Daten zu garantieren.<\/li>\n\n\n\n<li>Zur Unterst\u00fctzung und Verbesserung der auf dieser Website angebotenen Dienste.<\/li>\n\n\n\n<li>Zur Analyse des Nutzerverhaltens. Der Inhaber erhebt weitere nicht-personenbezogene Daten mithilfe von Cookies, die beim Besuch der Website auf den Computer des Nutzers heruntergeladen werden. Die Eigenschaften und der Zweck dieser Cookies werden auf der Seite&nbsp;<a href=\"\/de\/cookies\/\">\u201eCookie-Richtlinie\u201c<\/a>&nbsp;detailliert beschrieben .<\/li>\n<\/ul>\n\n\n\n<h2 class=\"wp-block-heading\">Sicherheit personenbezogener Daten<\/h2>\n\n\n\n<p>Zum Schutz Ihrer personenbezogenen Daten trifft der Inhaber alle angemessenen Vorkehrungen und befolgt die branchen\u00fcblichen Best Practices, um deren Verlust, Missbrauch, unbefugten Zugriff, Offenlegung, Ver\u00e4nderung oder Zerst\u00f6rung zu verhindern.<\/p>\n\n\n\n<p>Ihre Daten k\u00f6nnen in eine Mailingliste aufgenommen werden, deren Verwaltung und Verarbeitung dem Verantwortlichen obliegt. Die Sicherheit Ihrer Daten ist gew\u00e4hrleistet, da der Verantwortliche alle erforderlichen Sicherheitsma\u00dfnahmen trifft und sicherstellt, dass personenbezogene Daten ausschlie\u00dflich f\u00fcr die angegebenen Zwecke verwendet werden.<\/p>\n\n\n\n<p>Der Verantwortliche f\u00fcr die Datenverarbeitung informiert den Nutzer dar\u00fcber, dass seine personenbezogenen Daten nicht an Dritte weitergegeben werden, es sei denn, die Weitergabe ist gesetzlich vorgeschrieben oder die Erbringung einer Dienstleistung erfordert eine vertragliche Beziehung mit einem Auftragsverarbeiter. Im letzteren Fall werden die Daten nur dann an den Dritten weitergegeben, wenn der Verantwortliche f\u00fcr die Datenverarbeitung die ausdr\u00fcckliche Einwilligung des Nutzers eingeholt hat.<\/p>\n\n\n\n<p>In manchen F\u00e4llen kann jedoch eine Zusammenarbeit mit anderen Fachleuten erforderlich sein. In solchen F\u00e4llen ist die Einwilligung des Nutzers notwendig, und er wird \u00fcber die Identit\u00e4t des Kooperationspartners sowie den Zweck der Zusammenarbeit informiert. Alle Kooperationen erfolgen unter Einhaltung strengster Sicherheitsstandards.<\/p>\n\n\n\n<h2 class=\"wp-block-heading\">Inhalte von anderen Websites<\/h2>\n\n\n\n<p>Seiten dieser Website k\u00f6nnen eingebettete Inhalte (z. B. Videos, Bilder, Artikel usw.) enthalten. Eingebettete Inhalte von anderen Websites verhalten sich genauso, als ob Sie die andere Website besucht h\u00e4tten.<\/p>\n\n\n\n<p>Diese Websites k\u00f6nnen Daten \u00fcber Sie sammeln, Cookies verwenden, zus\u00e4tzlichen Tracking-Code von Drittanbietern einbetten und Ihre Interaktion mithilfe dieses Codes \u00fcberwachen.<\/p>\n\n\n\n<h2 class=\"wp-block-heading\">Cookie-Richtlinie<\/h2>\n\n\n\n<p>Diese Website ben\u00f6tigt Cookies, also Informationen, die in Ihrem Webbrowser gespeichert werden, um ordnungsgem\u00e4\u00df zu funktionieren.<\/p>\n\n\n\n<p>Alle Informationen zur Richtlinie f\u00fcr die Erfassung und Verarbeitung von Cookies finden Sie auf der Seite&nbsp;<a href=\"\/de\/cookies\/\">\u201eCookie-Richtlinie\u201c<\/a>&nbsp;.<\/p>\n\n\n\n<h2 class=\"wp-block-heading\">Rechtsgrundlage f\u00fcr die Datenverarbeitung<\/h2>\n\n\n\n<p>Die Rechtsgrundlage f\u00fcr die Verarbeitung Ihrer Daten ist:<\/p>\n\n\n\n<ul class=\"wp-block-list\">\n<li>Die Zustimmung der betroffenen Partei.<\/li>\n<\/ul>\n\n\n\n<h2 class=\"wp-block-heading\">Kategorien personenbezogener Daten<\/h2>\n\n\n\n<p>Die vom Verantwortlichen verarbeiteten Kategorien personenbezogener Daten sind:<\/p>\n\n\n\n<ul class=\"wp-block-list\">\n<li>Identifizierungsdaten.<\/li>\n\n\n\n<li>Hierbei handelt es sich nicht um besonders gesch\u00fctzte Datenkategorien.<\/li>\n<\/ul>\n\n\n\n<h2 class=\"wp-block-heading\">Aufbewahrung personenbezogener Daten<\/h2>\n\n\n\n<p>Die dem Inhaber \u00fcbermittelten personenbezogenen Daten werden so lange aufbewahrt, bis Sie deren L\u00f6schung beantragen.<\/p>\n\n\n\n<ul class=\"wp-block-list\">\n<li><\/li>\n<\/ul>\n\n\n\n<h2 class=\"wp-block-heading\">Webnavigation<\/h2>\n\n\n\n<p>Beim Besuch der Website k\u00f6nnen nicht-personenbezogene Daten erfasst werden, wie z. B. IP-Adresse, Geolokalisierungsdaten, Aufzeichnungen \u00fcber die Nutzung von Diensten und Websites, Surfverhalten und andere Daten, die nicht zur Identifizierung Ihrer Person verwendet werden k\u00f6nnen.<\/p>\n\n\n\n<p>Die Website nutzt folgende Analysedienste von Drittanbietern:<\/p>\n\n\n\n<ul class=\"wp-block-list\">\n<li><\/li>\n<\/ul>\n\n\n\n<p>Der Inhaber nutzt die gewonnenen Informationen, um statistische Daten zu erheben, Trends zu analysieren, die Website zu verwalten, das Surfverhalten zu untersuchen und demografische Informationen zu sammeln.<\/p>\n\n\n\n<p>Der Inhaber ist nicht verantwortlich f\u00fcr die Verarbeitung personenbezogener Daten durch die Websites, auf die Sie \u00fcber die verschiedenen auf der Website enthaltenen Links zugreifen k\u00f6nnen.<\/p>\n\n\n\n<h2 class=\"wp-block-heading\">Genauigkeit und Wahrhaftigkeit der personenbezogenen Daten<\/h2>\n\n\n\n<p>Sie stimmen zu, dass die dem Eigent\u00fcmer zur Verf\u00fcgung gestellten Daten korrekt, vollst\u00e4ndig, genau und aktuell sind und dass Sie diese stets auf dem neuesten Stand halten.<\/p>\n\n\n\n<p>Als Website-Nutzer sind Sie allein f\u00fcr die Richtigkeit und Vollst\u00e4ndigkeit der auf der Website angegebenen Daten verantwortlich und stellen den Inhaber von jeglicher Haftung in diesem Zusammenhang frei.<\/p>\n\n\n\n<h2 class=\"wp-block-heading\">Akzeptanz und Zustimmung<\/h2>\n\n\n\n<p>Als Nutzer der Website erkl\u00e4ren Sie, dass Sie \u00fcber die Bedingungen hinsichtlich des Schutzes personenbezogener Daten informiert wurden und dass Sie die Verarbeitung dieser Daten durch den Inhaber in der in dieser Datenschutzerkl\u00e4rung angegebenen Weise und zu den darin genannten Zwecken akzeptieren und ihr zustimmen.<\/p>\n\n\n\n<p>Um den Inhaber zu kontaktieren, einen Newsletter zu abonnieren oder Kommentare auf dieser Website abzugeben, m\u00fcssen Sie diese Datenschutzrichtlinie akzeptieren.<\/p>\n\n\n\n<h2 class=\"wp-block-heading\">\u00c4nderungen der Datenschutzrichtlinie<\/h2>\n\n\n\n<p>Der Inhaber beh\u00e4lt sich das Recht vor, diese Datenschutzrichtlinie zu \u00e4ndern, um sie an neue Gesetze oder Rechtsprechung sowie an Branchenpraktiken anzupassen.<\/p>\n\n\n\n<p>Diese Richtlinien bleiben so lange in Kraft, bis sie durch andere, ordnungsgem\u00e4\u00df ver\u00f6ffentlichte Richtlinien ge\u00e4ndert werden.<\/p>\n\n\n\n<p><\/p>\n","protected":false},"excerpt":{"rendered":"<p>Der Betreiber informiert Sie \u00fcber seine Datenschutzrichtlinie hinsichtlich der Verarbeitung und des Schutzes personenbezogener Daten von Nutzern, die beim Besuch der Website https:\/\/gardarssongolf.com\/ erhoben werden k\u00f6nnen. Der Betreiber gew\u00e4hrleistet die Einhaltung der geltenden Bestimmungen zum Schutz personenbezogener Daten, wie sie im spanischen Organgesetz 3\/2018 vom 5. Dezember zum Schutz personenbezogener Daten und zur Gew\u00e4hrleistung digitaler [&hellip;]<\/p>\n","protected":false},"author":2,"featured_media":0,"parent":0,"menu_order":0,"comment_status":"closed","ping_status":"closed","template":"","meta":{"footnotes":""},"class_list":["post-3771","page","type-page","status-publish","hentry"],"yoast_head":"<!-- This site is optimized with the Yoast SEO plugin v27.5 - https:\/\/yoast.com\/product\/yoast-seo-wordpress\/ -->\n<title>Datenschutzrichtlinie - Gardarsson Golf<\/title>\n<meta name=\"robots\" content=\"noindex, follow\" \/>\n<meta property=\"og:locale\" content=\"de_DE\" \/>\n<meta property=\"og:type\" content=\"article\" \/>\n<meta property=\"og:title\" content=\"Datenschutzrichtlinie - Gardarsson Golf\" \/>\n<meta property=\"og:description\" content=\"Der Betreiber informiert Sie \u00fcber seine Datenschutzrichtlinie hinsichtlich der Verarbeitung und des Schutzes personenbezogener Daten von Nutzern, die beim Besuch der Website https:\/\/gardarssongolf.com\/ erhoben werden k\u00f6nnen. Der Betreiber gew\u00e4hrleistet die Einhaltung der geltenden Bestimmungen zum Schutz personenbezogener Daten, wie sie im spanischen Organgesetz 3\/2018 vom 5. Dezember zum Schutz personenbezogener Daten und zur Gew\u00e4hrleistung digitaler [&hellip;]\" \/>\n<meta property=\"og:url\" content=\"https:\/\/gardarssongolf.com\/de\/privacy-policy\/\" \/>\n<meta property=\"og:site_name\" content=\"Gardarsson Golf\" \/>\n<meta property=\"article:modified_time\" content=\"2026-03-03T12:39:18+00:00\" \/>\n<meta property=\"og:image\" content=\"https:\/\/gardarssongolf.com\/wp-content\/uploads\/2026\/02\/jon-h-gardarsson-profesor-golf.webp\" \/>\n\t<meta property=\"og:image:width\" content=\"1600\" \/>\n\t<meta property=\"og:image:height\" content=\"720\" \/>\n\t<meta property=\"og:image:type\" content=\"image\/webp\" \/>\n<meta name=\"twitter:card\" content=\"summary_large_image\" \/>\n<meta name=\"twitter:label1\" content=\"Gesch\u00e4tzte Lesezeit\" \/>\n\t<meta name=\"twitter:data1\" content=\"6\u00a0Minuten\" \/>\n<script type=\"application\/ld+json\" class=\"yoast-schema-graph\">{\"@context\":\"https:\\\/\\\/schema.org\",\"@graph\":[{\"@type\":\"WebPage\",\"@id\":\"https:\\\/\\\/gardarssongolf.com\\\/de\\\/privacy-policy\\\/\",\"url\":\"https:\\\/\\\/gardarssongolf.com\\\/de\\\/privacy-policy\\\/\",\"name\":\"Datenschutzrichtlinie - Gardarsson Golf\",\"isPartOf\":{\"@id\":\"https:\\\/\\\/gardarssongolf.com\\\/de\\\/#website\"},\"datePublished\":\"2025-03-06T13:46:09+00:00\",\"dateModified\":\"2026-03-03T12:39:18+00:00\",\"breadcrumb\":{\"@id\":\"https:\\\/\\\/gardarssongolf.com\\\/de\\\/privacy-policy\\\/#breadcrumb\"},\"inLanguage\":\"de\",\"potentialAction\":[{\"@type\":\"ReadAction\",\"target\":[\"https:\\\/\\\/gardarssongolf.com\\\/de\\\/privacy-policy\\\/\"]}]},{\"@type\":\"BreadcrumbList\",\"@id\":\"https:\\\/\\\/gardarssongolf.com\\\/de\\\/privacy-policy\\\/#breadcrumb\",\"itemListElement\":[{\"@type\":\"ListItem\",\"position\":1,\"name\":\"Portada\",\"item\":\"https:\\\/\\\/gardarssongolf.com\\\/de\\\/\"},{\"@type\":\"ListItem\",\"position\":2,\"name\":\"Datenschutzrichtlinie\"}]},{\"@type\":\"WebSite\",\"@id\":\"https:\\\/\\\/gardarssongolf.com\\\/de\\\/#website\",\"url\":\"https:\\\/\\\/gardarssongolf.com\\\/de\\\/\",\"name\":\"Gardarsson Golf\",\"description\":\"\",\"publisher\":{\"@id\":\"https:\\\/\\\/gardarssongolf.com\\\/de\\\/#organization\"},\"potentialAction\":[{\"@type\":\"SearchAction\",\"target\":{\"@type\":\"EntryPoint\",\"urlTemplate\":\"https:\\\/\\\/gardarssongolf.com\\\/de\\\/?s={search_term_string}\"},\"query-input\":{\"@type\":\"PropertyValueSpecification\",\"valueRequired\":true,\"valueName\":\"search_term_string\"}}],\"inLanguage\":\"de\"},{\"@type\":\"Organization\",\"@id\":\"https:\\\/\\\/gardarssongolf.com\\\/de\\\/#organization\",\"name\":\"Gardarsson Golf\",\"url\":\"https:\\\/\\\/gardarssongolf.com\\\/de\\\/\",\"logo\":{\"@type\":\"ImageObject\",\"inLanguage\":\"de\",\"@id\":\"https:\\\/\\\/gardarssongolf.com\\\/de\\\/#\\\/schema\\\/logo\\\/image\\\/\",\"url\":\"https:\\\/\\\/gardarssongolf.com\\\/wp-content\\\/uploads\\\/2026\\\/02\\\/cropped-gardarsson-golf-school-and-properties.webp\",\"contentUrl\":\"https:\\\/\\\/gardarssongolf.com\\\/wp-content\\\/uploads\\\/2026\\\/02\\\/cropped-gardarsson-golf-school-and-properties.webp\",\"width\":1400,\"height\":400,\"caption\":\"Gardarsson Golf\"},\"image\":{\"@id\":\"https:\\\/\\\/gardarssongolf.com\\\/de\\\/#\\\/schema\\\/logo\\\/image\\\/\"}}]}<\/script>\n<!-- \/ Yoast SEO plugin. -->","yoast_head_json":{"title":"Datenschutzrichtlinie - Gardarsson Golf","robots":{"index":"noindex","follow":"follow"},"og_locale":"de_DE","og_type":"article","og_title":"Datenschutzrichtlinie - Gardarsson Golf","og_description":"Der Betreiber informiert Sie \u00fcber seine Datenschutzrichtlinie hinsichtlich der Verarbeitung und des Schutzes personenbezogener Daten von Nutzern, die beim Besuch der Website https:\/\/gardarssongolf.com\/ erhoben werden k\u00f6nnen. Der Betreiber gew\u00e4hrleistet die Einhaltung der geltenden Bestimmungen zum Schutz personenbezogener Daten, wie sie im spanischen Organgesetz 3\/2018 vom 5. Dezember zum Schutz personenbezogener Daten und zur Gew\u00e4hrleistung digitaler [&hellip;]","og_url":"https:\/\/gardarssongolf.com\/de\/privacy-policy\/","og_site_name":"Gardarsson Golf","article_modified_time":"2026-03-03T12:39:18+00:00","og_image":[{"width":1600,"height":720,"url":"https:\/\/gardarssongolf.com\/wp-content\/uploads\/2026\/02\/jon-h-gardarsson-profesor-golf.webp","type":"image\/webp"}],"twitter_card":"summary_large_image","twitter_misc":{"Gesch\u00e4tzte Lesezeit":"6\u00a0Minuten"},"schema":{"@context":"https:\/\/schema.org","@graph":[{"@type":"WebPage","@id":"https:\/\/gardarssongolf.com\/de\/privacy-policy\/","url":"https:\/\/gardarssongolf.com\/de\/privacy-policy\/","name":"Datenschutzrichtlinie - Gardarsson Golf","isPartOf":{"@id":"https:\/\/gardarssongolf.com\/de\/#website"},"datePublished":"2025-03-06T13:46:09+00:00","dateModified":"2026-03-03T12:39:18+00:00","breadcrumb":{"@id":"https:\/\/gardarssongolf.com\/de\/privacy-policy\/#breadcrumb"},"inLanguage":"de","potentialAction":[{"@type":"ReadAction","target":["https:\/\/gardarssongolf.com\/de\/privacy-policy\/"]}]},{"@type":"BreadcrumbList","@id":"https:\/\/gardarssongolf.com\/de\/privacy-policy\/#breadcrumb","itemListElement":[{"@type":"ListItem","position":1,"name":"Portada","item":"https:\/\/gardarssongolf.com\/de\/"},{"@type":"ListItem","position":2,"name":"Datenschutzrichtlinie"}]},{"@type":"WebSite","@id":"https:\/\/gardarssongolf.com\/de\/#website","url":"https:\/\/gardarssongolf.com\/de\/","name":"Gardarsson Golf","description":"","publisher":{"@id":"https:\/\/gardarssongolf.com\/de\/#organization"},"potentialAction":[{"@type":"SearchAction","target":{"@type":"EntryPoint","urlTemplate":"https:\/\/gardarssongolf.com\/de\/?s={search_term_string}"},"query-input":{"@type":"PropertyValueSpecification","valueRequired":true,"valueName":"search_term_string"}}],"inLanguage":"de"},{"@type":"Organization","@id":"https:\/\/gardarssongolf.com\/de\/#organization","name":"Gardarsson Golf","url":"https:\/\/gardarssongolf.com\/de\/","logo":{"@type":"ImageObject","inLanguage":"de","@id":"https:\/\/gardarssongolf.com\/de\/#\/schema\/logo\/image\/","url":"https:\/\/gardarssongolf.com\/wp-content\/uploads\/2026\/02\/cropped-gardarsson-golf-school-and-properties.webp","contentUrl":"https:\/\/gardarssongolf.com\/wp-content\/uploads\/2026\/02\/cropped-gardarsson-golf-school-and-properties.webp","width":1400,"height":400,"caption":"Gardarsson Golf"},"image":{"@id":"https:\/\/gardarssongolf.com\/de\/#\/schema\/logo\/image\/"}}]}},"_links":{"self":[{"href":"https:\/\/gardarssongolf.com\/de\/wp-json\/wp\/v2\/pages\/3771","targetHints":{"allow":["GET"]}}],"collection":[{"href":"https:\/\/gardarssongolf.com\/de\/wp-json\/wp\/v2\/pages"}],"about":[{"href":"https:\/\/gardarssongolf.com\/de\/wp-json\/wp\/v2\/types\/page"}],"author":[{"embeddable":true,"href":"https:\/\/gardarssongolf.com\/de\/wp-json\/wp\/v2\/users\/2"}],"replies":[{"embeddable":true,"href":"https:\/\/gardarssongolf.com\/de\/wp-json\/wp\/v2\/comments?post=3771"}],"version-history":[{"count":3,"href":"https:\/\/gardarssongolf.com\/de\/wp-json\/wp\/v2\/pages\/3771\/revisions"}],"predecessor-version":[{"id":3793,"href":"https:\/\/gardarssongolf.com\/de\/wp-json\/wp\/v2\/pages\/3771\/revisions\/3793"}],"wp:attachment":[{"href":"https:\/\/gardarssongolf.com\/de\/wp-json\/wp\/v2\/media?parent=3771"}],"curies":[{"name":"wp","href":"https:\/\/api.w.org\/{rel}","templated":true}]}}