{"id":3780,"date":"2025-03-06T14:46:09","date_gmt":"2025-03-06T13:46:09","guid":{"rendered":"https:\/\/gardarssongolf.com\/rechtlicher-hinweis\/"},"modified":"2026-03-03T13:32:30","modified_gmt":"2026-03-03T12:32:30","slug":"rechtlicher-hinweis","status":"publish","type":"page","link":"https:\/\/gardarssongolf.com\/de\/rechtlicher-hinweis\/","title":{"rendered":"Rechtlicher Hinweis"},"content":{"rendered":"\n<h2 class=\"wp-block-heading\">Identifizierung und Inhaberschaft<\/h2>\n\n\n\n<p>Gem\u00e4\u00df Artikel 10 des Gesetzes 34\/2002 vom 11. Juli \u00fcber Dienste der Informationsgesellschaft und des elektronischen Gesch\u00e4ftsverkehrs stellt die Inhaberin folgende Informationen zur Verf\u00fcgung:<\/p>\n\n\n\n<ul class=\"wp-block-list\">\n<li><strong>Inhaberin:<\/strong>\u00a0 Ulyana Petrus.<\/li>\n\n\n\n<li><strong>Steuernummer:<\/strong>\u00a0X4174928Z<\/li>\n\n\n\n<li><strong>Adresse:<\/strong>\u00a0 San Javier, 30720, Murcia &#8211; Espa\u00f1a.<\/li>\n\n\n\n<li><strong>E-Mail:<\/strong>\u00a0 info@gardarssongolf.com<\/li>\n\n\n\n<li><strong>Website:<\/strong>\u00a0\u00a0<a href=\"https:\/\/gardarssongolf.com\/de\/\">https:\/\/gardarssongolf.com\/<\/a><\/li>\n<\/ul>\n\n\n\n<h2 class=\"wp-block-heading\">Nutzungsbedingungen<\/h2>\n\n\n\n<p>Durch die Nutzung dieser Website werden Sie zum Nutzer und stimmen allen auf den folgenden Seiten aufgef\u00fchrten Nutzungsbedingungen zu:<\/p>\n\n\n\n<ul class=\"wp-block-list\">\n<li><a href=\"\/de\/rechtlicher-hinweis\/\">Rechtlicher Hinweis<\/a><\/li>\n\n\n\n<li><a href=\"https:\/\/anoysercompany.com\/politica-de-privacidad\/\">Datenschutzrichtlinie<\/a><\/li>\n\n\n\n<li><a href=\"\/de\/cookies\/\">Cookie-Richtlinie<\/a><\/li>\n<\/ul>\n\n\n\n<p>Wenn Sie mit keiner einzelnen dieser Bedingungen einverstanden sind, sehen Sie bitte von der Nutzung der Website ab.<\/p>\n\n\n\n<p>Der Zugriff auf die Website impliziert in keiner Weise den Beginn einer Gesch\u00e4ftsbeziehung mit dem Eigent\u00fcmer.<\/p>\n\n\n\n<p>\u00dcber die Website erm\u00f6glicht Ihnen der Inhaber den Zugriff auf und die Nutzung verschiedener Inhalte, die der Inhaber und\/oder seine Mitarbeiter \u00fcber das Internet ver\u00f6ffentlicht haben.<\/p>\n\n\n\n<p>Zu diesem Zweck sind Sie verpflichtet, KEINEN Inhalt der Website f\u00fcr rechtswidrige Zwecke oder Wirkungen zu nutzen, die in diesem Rechtshinweis oder durch geltende Gesetze verboten sind, die Rechte und Interessen Dritter beeintr\u00e4chtigen oder in irgendeiner Weise die Inhalte, Computerger\u00e4te oder Dokumente, Dateien und alle Arten von Inhalten, die auf Computerger\u00e4ten gespeichert sind, die dem Eigent\u00fcmer, anderen Benutzern oder Internetnutzern geh\u00f6ren oder von diesen beauftragt wurden, besch\u00e4digen, deaktivieren, \u00fcberlasten, beeintr\u00e4chtigen oder deren normale Nutzung verhindern k\u00f6nnen.<\/p>\n\n\n\n<h2 class=\"wp-block-heading\">Sicherheitsma\u00dfnahmen<\/h2>\n\n\n\n<p>Die von Ihnen an den Inhaber \u00fcbermittelten personenbezogenen Daten k\u00f6nnen in automatisierten oder nicht automatisierten Datenbanken gespeichert werden, die sich ausschlie\u00dflich im Besitz des Inhabers befinden. Dieser \u00fcbernimmt alle technischen, organisatorischen und sicherheitstechnischen Ma\u00dfnahmen, die die Vertraulichkeit, Integrit\u00e4t und Qualit\u00e4t der darin enthaltenen Informationen gem\u00e4\u00df den Bestimmungen der geltenden Datenschutzvorschriften gew\u00e4hrleisten.<\/p>\n\n\n\n<p>Sie sollten sich jedoch dar\u00fcber im Klaren sein, dass die Sicherheitsma\u00dfnahmen von Computersystemen im Internet nicht v\u00f6llig zuverl\u00e4ssig sind und dass der Eigent\u00fcmer daher nicht garantieren kann, dass keine Viren oder andere Elemente vorhanden sind, die Ver\u00e4nderungen an den Computersystemen (Software und Hardware) des Benutzers oder an den darin enthaltenen elektronischen Dokumenten und Dateien verursachen k\u00f6nnen, obwohl der Eigent\u00fcmer alle notwendigen Mittel einsetzt und geeignete Sicherheitsma\u00dfnahmen ergreift, um das Vorhandensein dieser sch\u00e4dlichen Elemente zu verhindern.<\/p>\n\n\n\n<h2 class=\"wp-block-heading\">Verarbeitung personenbezogener Daten<\/h2>\n\n\n\n<p>Alle Informationen zur Verarbeitung der vom Inhaber erhobenen personenbezogenen Daten k\u00f6nnen Sie auf der Seite\u00a0<a href=\"\/de\/privacy-policy\/\">Datenschutzerkl\u00e4rung<\/a>\u00a0einsehen .<\/p>\n\n\n\n<h2 class=\"wp-block-heading\">Inhalt<\/h2>\n\n\n\n<p>Der Betreiber hat die auf der Website enthaltenen Informationen, Multimedia-Inhalte und Materialien aus Quellen bezogen, die er f\u00fcr zuverl\u00e4ssig h\u00e4lt. Obwohl er alle zumutbaren Schritte unternommen hat, um die Richtigkeit der enthaltenen Informationen zu gew\u00e4hrleisten, \u00fcbernimmt er keine Gew\u00e4hr f\u00fcr deren Genauigkeit, Vollst\u00e4ndigkeit oder Aktualit\u00e4t. Der Betreiber schlie\u00dft jegliche Haftung f\u00fcr Fehler oder Auslassungen in den auf den Website-Seiten enthaltenen Informationen ausdr\u00fccklich aus.<\/p>\n\n\n\n<p>Es ist verboten, \u00fcber die Website illegale oder unzul\u00e4ssige Inhalte, Computerviren oder Nachrichten zu \u00fcbermitteln oder zu versenden, die im Allgemeinen die Rechte des Eigent\u00fcmers oder Dritter beeintr\u00e4chtigen oder verletzen.<\/p>\n\n\n\n<p>Die Inhalte der Website dienen ausschlie\u00dflich Informationszwecken und d\u00fcrfen unter keinen Umst\u00e4nden als Verkaufsangebot, Aufforderung zum Kaufangebot oder Empfehlung zur Durchf\u00fchrung einer anderen Transaktion verwendet oder betrachtet werden, es sei denn, es ist ausdr\u00fccklich anders angegeben.<\/p>\n\n\n\n<p>Der Eigent\u00fcmer beh\u00e4lt sich das Recht vor, den Inhalt der Website, die Links oder die \u00fcber die Website erhaltenen Informationen ohne vorherige Ank\u00fcndigung zu \u00e4ndern, auszusetzen, zu l\u00f6schen oder einzuschr\u00e4nken.<\/p>\n\n\n\n<p>Der Eigent\u00fcmer haftet nicht f\u00fcr Sch\u00e4den, die durch die Nutzung der Informationen auf der Website entstehen.<\/p>\n\n\n\n<h2 class=\"wp-block-heading\">Cookie-Richtlinie<\/h2>\n\n\n\n<p>Alle Informationen zur Richtlinie f\u00fcr die Erfassung und Verarbeitung von Cookies finden Sie auf der Seite\u00a0<a href=\"\/de\/cookies\/\">\u201eCookie-Richtlinie\u201c<\/a>\u00a0.<\/p>\n\n\n\n<h2 class=\"wp-block-heading\">Links zu anderen Webseiten<\/h2>\n\n\n\n<p>Der Inhaber kann Ihnen \u00fcber Links Zugang zu Webseiten Dritter gew\u00e4hren, ausschlie\u00dflich um Sie \u00fcber die Existenz anderer Informationsquellen im Internet zu informieren, in denen Sie die auf der Webseite angebotenen Daten erg\u00e4nzen k\u00f6nnen.<\/p>\n\n\n\n<p>Diese Links zu anderen Webseiten stellen keine Empfehlung oder Aufforderung zum Besuch dieser Webseiten dar, da diese au\u00dferhalb des Einflussbereichs des Betreibers liegen. Daher \u00fcbernimmt der Betreiber keine Verantwortung f\u00fcr die Inhalte der verlinkten Webseiten oder die Ergebnisse, die Sie durch das Folgen dieser Links erzielen. Ebenso wenig \u00fcbernimmt der Betreiber Verantwortung f\u00fcr die Links auf den verlinkten Webseiten, zu denen er Ihnen Zugang gew\u00e4hrt.<\/p>\n\n\n\n<p>Die Einrichtung des Links impliziert in keinem Fall das Bestehen einer Beziehung zwischen dem Inhaber und dem Inhaber der Website, auf der der Link eingerichtet wird, noch die Akzeptanz oder Billigung der Inhalte oder Dienste dieser Website durch den Inhaber.<\/p>\n\n\n\n<p>Wenn Sie \u00fcber einen Link auf dieser Website auf eine externe Website zugreifen, sollten Sie die Datenschutzrichtlinie dieser anderen Website lesen, da diese von der Datenschutzrichtlinie dieser Website abweichen kann.<\/p>\n\n\n\n<h2 class=\"wp-block-heading\">Geistiges und gewerbliches Eigentum<\/h2>\n\n\n\n<p>Alle Rechte vorbehalten.<\/p>\n\n\n\n<p>Der Zugriff auf diese Website unterliegt den folgenden Bedingungen: Die Vervielf\u00e4ltigung, dauerhafte Speicherung und Verbreitung der Inhalte oder jede andere Nutzung, die einem \u00f6ffentlichen oder kommerziellen Zweck dient, ist ohne die vorherige ausdr\u00fcckliche schriftliche Zustimmung des Eigent\u00fcmers ausdr\u00fccklich untersagt.<\/p>\n\n\n\n<h2 class=\"wp-block-heading\">Haftungsbeschr\u00e4nkung<\/h2>\n\n\n\n<p>Die auf der Website enthaltenen oder \u00fcber sie verf\u00fcgbaren Informationen und Dienste k\u00f6nnen Ungenauigkeiten oder Tippfehler enthalten. Der Betreiber nimmt regelm\u00e4\u00dfig Verbesserungen und\/oder \u00c4nderungen an den Informationen und\/oder Diensten vor, die jederzeit in Kraft treten k\u00f6nnen.<\/p>\n\n\n\n<p>Der Eigent\u00fcmer sichert nicht zu und gew\u00e4hrleistet nicht, dass die Dienste oder Inhalte ununterbrochen oder fehlerfrei funktionieren, dass Fehler behoben werden oder dass der Dienst oder der Server, der ihn bereitstellt, frei von Viren oder anderen sch\u00e4dlichen Komponenten ist, ungeachtet der besten Bem\u00fchungen des Eigent\u00fcmers, solche Vorf\u00e4lle zu vermeiden.<\/p>\n\n\n\n<p>Der Eigent\u00fcmer \u00fcbernimmt keine Haftung f\u00fcr Unterbrechungen oder Funktionsst\u00f6rungen der online angebotenen Dienste oder Inhalte, unabh\u00e4ngig von deren Ursache. Ebenso haftet der Eigent\u00fcmer nicht f\u00fcr Netzwerkausf\u00e4lle, daraus resultierende Gesch\u00e4ftsverluste, vor\u00fcbergehende Stromausf\u00e4lle oder sonstige indirekte Sch\u00e4den, die durch Umst\u00e4nde au\u00dferhalb seines Einflussbereichs verursacht werden.<\/p>\n\n\n\n<p>Bevor Sie Entscheidungen treffen und\/oder Ma\u00dfnahmen ergreifen, die auf den Informationen dieser Website basieren, empfiehlt der Inhaber, die erhaltenen Informationen mit anderen Quellen zu \u00fcberpr\u00fcfen und zu vergleichen.<\/p>\n\n\n\n<h2 class=\"wp-block-heading\">Kontakt<\/h2>\n\n\n\n<p>Bei Fragen zu diesem Rechtshinweis oder Anmerkungen zur Website senden Sie bitte eine E-Mail an: info@gardarssongolf.com<\/p>\n","protected":false},"excerpt":{"rendered":"<p>Identifizierung und Inhaberschaft Gem\u00e4\u00df Artikel 10 des Gesetzes 34\/2002 vom 11. Juli \u00fcber Dienste der Informationsgesellschaft und des elektronischen Gesch\u00e4ftsverkehrs stellt die Inhaberin folgende Informationen zur Verf\u00fcgung: Nutzungsbedingungen Durch die Nutzung dieser Website werden Sie zum Nutzer und stimmen allen auf den folgenden Seiten aufgef\u00fchrten Nutzungsbedingungen zu: Wenn Sie mit keiner einzelnen dieser Bedingungen einverstanden [&hellip;]<\/p>\n","protected":false},"author":2,"featured_media":0,"parent":0,"menu_order":0,"comment_status":"closed","ping_status":"closed","template":"","meta":{"footnotes":""},"class_list":["post-3780","page","type-page","status-publish","hentry"],"yoast_head":"<!-- This site is optimized with the Yoast SEO plugin v27.5 - https:\/\/yoast.com\/product\/yoast-seo-wordpress\/ -->\n<title>Rechtlicher Hinweis - Gardarsson Golf<\/title>\n<meta name=\"robots\" content=\"noindex, follow\" \/>\n<meta property=\"og:locale\" content=\"de_DE\" \/>\n<meta property=\"og:type\" content=\"article\" \/>\n<meta property=\"og:title\" content=\"Rechtlicher Hinweis - Gardarsson Golf\" \/>\n<meta property=\"og:description\" content=\"Identifizierung und Inhaberschaft Gem\u00e4\u00df Artikel 10 des Gesetzes 34\/2002 vom 11. Juli \u00fcber Dienste der Informationsgesellschaft und des elektronischen Gesch\u00e4ftsverkehrs stellt die Inhaberin folgende Informationen zur Verf\u00fcgung: Nutzungsbedingungen Durch die Nutzung dieser Website werden Sie zum Nutzer und stimmen allen auf den folgenden Seiten aufgef\u00fchrten Nutzungsbedingungen zu: Wenn Sie mit keiner einzelnen dieser Bedingungen einverstanden [&hellip;]\" \/>\n<meta property=\"og:url\" content=\"https:\/\/gardarssongolf.com\/de\/rechtlicher-hinweis\/\" \/>\n<meta property=\"og:site_name\" content=\"Gardarsson Golf\" \/>\n<meta property=\"article:modified_time\" content=\"2026-03-03T12:32:30+00:00\" \/>\n<meta property=\"og:image\" content=\"https:\/\/gardarssongolf.com\/wp-content\/uploads\/2026\/02\/jon-h-gardarsson-profesor-golf.webp\" \/>\n\t<meta property=\"og:image:width\" content=\"1600\" \/>\n\t<meta property=\"og:image:height\" content=\"720\" \/>\n\t<meta property=\"og:image:type\" content=\"image\/webp\" \/>\n<meta name=\"twitter:card\" content=\"summary_large_image\" \/>\n<meta name=\"twitter:label1\" content=\"Gesch\u00e4tzte Lesezeit\" \/>\n\t<meta name=\"twitter:data1\" content=\"5\u00a0Minuten\" \/>\n<script type=\"application\/ld+json\" class=\"yoast-schema-graph\">{\"@context\":\"https:\\\/\\\/schema.org\",\"@graph\":[{\"@type\":\"WebPage\",\"@id\":\"https:\\\/\\\/gardarssongolf.com\\\/de\\\/rechtlicher-hinweis\\\/\",\"url\":\"https:\\\/\\\/gardarssongolf.com\\\/de\\\/rechtlicher-hinweis\\\/\",\"name\":\"Rechtlicher Hinweis - Gardarsson Golf\",\"isPartOf\":{\"@id\":\"https:\\\/\\\/gardarssongolf.com\\\/de\\\/#website\"},\"datePublished\":\"2025-03-06T13:46:09+00:00\",\"dateModified\":\"2026-03-03T12:32:30+00:00\",\"breadcrumb\":{\"@id\":\"https:\\\/\\\/gardarssongolf.com\\\/de\\\/rechtlicher-hinweis\\\/#breadcrumb\"},\"inLanguage\":\"de\",\"potentialAction\":[{\"@type\":\"ReadAction\",\"target\":[\"https:\\\/\\\/gardarssongolf.com\\\/de\\\/rechtlicher-hinweis\\\/\"]}]},{\"@type\":\"BreadcrumbList\",\"@id\":\"https:\\\/\\\/gardarssongolf.com\\\/de\\\/rechtlicher-hinweis\\\/#breadcrumb\",\"itemListElement\":[{\"@type\":\"ListItem\",\"position\":1,\"name\":\"Portada\",\"item\":\"https:\\\/\\\/gardarssongolf.com\\\/de\\\/\"},{\"@type\":\"ListItem\",\"position\":2,\"name\":\"Rechtlicher Hinweis\"}]},{\"@type\":\"WebSite\",\"@id\":\"https:\\\/\\\/gardarssongolf.com\\\/de\\\/#website\",\"url\":\"https:\\\/\\\/gardarssongolf.com\\\/de\\\/\",\"name\":\"Gardarsson Golf\",\"description\":\"\",\"publisher\":{\"@id\":\"https:\\\/\\\/gardarssongolf.com\\\/de\\\/#organization\"},\"potentialAction\":[{\"@type\":\"SearchAction\",\"target\":{\"@type\":\"EntryPoint\",\"urlTemplate\":\"https:\\\/\\\/gardarssongolf.com\\\/de\\\/?s={search_term_string}\"},\"query-input\":{\"@type\":\"PropertyValueSpecification\",\"valueRequired\":true,\"valueName\":\"search_term_string\"}}],\"inLanguage\":\"de\"},{\"@type\":\"Organization\",\"@id\":\"https:\\\/\\\/gardarssongolf.com\\\/de\\\/#organization\",\"name\":\"Gardarsson Golf\",\"url\":\"https:\\\/\\\/gardarssongolf.com\\\/de\\\/\",\"logo\":{\"@type\":\"ImageObject\",\"inLanguage\":\"de\",\"@id\":\"https:\\\/\\\/gardarssongolf.com\\\/de\\\/#\\\/schema\\\/logo\\\/image\\\/\",\"url\":\"https:\\\/\\\/gardarssongolf.com\\\/wp-content\\\/uploads\\\/2026\\\/02\\\/cropped-gardarsson-golf-school-and-properties.webp\",\"contentUrl\":\"https:\\\/\\\/gardarssongolf.com\\\/wp-content\\\/uploads\\\/2026\\\/02\\\/cropped-gardarsson-golf-school-and-properties.webp\",\"width\":1400,\"height\":400,\"caption\":\"Gardarsson Golf\"},\"image\":{\"@id\":\"https:\\\/\\\/gardarssongolf.com\\\/de\\\/#\\\/schema\\\/logo\\\/image\\\/\"}}]}<\/script>\n<!-- \/ Yoast SEO plugin. -->","yoast_head_json":{"title":"Rechtlicher Hinweis - Gardarsson Golf","robots":{"index":"noindex","follow":"follow"},"og_locale":"de_DE","og_type":"article","og_title":"Rechtlicher Hinweis - Gardarsson Golf","og_description":"Identifizierung und Inhaberschaft Gem\u00e4\u00df Artikel 10 des Gesetzes 34\/2002 vom 11. Juli \u00fcber Dienste der Informationsgesellschaft und des elektronischen Gesch\u00e4ftsverkehrs stellt die Inhaberin folgende Informationen zur Verf\u00fcgung: Nutzungsbedingungen Durch die Nutzung dieser Website werden Sie zum Nutzer und stimmen allen auf den folgenden Seiten aufgef\u00fchrten Nutzungsbedingungen zu: Wenn Sie mit keiner einzelnen dieser Bedingungen einverstanden [&hellip;]","og_url":"https:\/\/gardarssongolf.com\/de\/rechtlicher-hinweis\/","og_site_name":"Gardarsson Golf","article_modified_time":"2026-03-03T12:32:30+00:00","og_image":[{"width":1600,"height":720,"url":"https:\/\/gardarssongolf.com\/wp-content\/uploads\/2026\/02\/jon-h-gardarsson-profesor-golf.webp","type":"image\/webp"}],"twitter_card":"summary_large_image","twitter_misc":{"Gesch\u00e4tzte Lesezeit":"5\u00a0Minuten"},"schema":{"@context":"https:\/\/schema.org","@graph":[{"@type":"WebPage","@id":"https:\/\/gardarssongolf.com\/de\/rechtlicher-hinweis\/","url":"https:\/\/gardarssongolf.com\/de\/rechtlicher-hinweis\/","name":"Rechtlicher Hinweis - Gardarsson Golf","isPartOf":{"@id":"https:\/\/gardarssongolf.com\/de\/#website"},"datePublished":"2025-03-06T13:46:09+00:00","dateModified":"2026-03-03T12:32:30+00:00","breadcrumb":{"@id":"https:\/\/gardarssongolf.com\/de\/rechtlicher-hinweis\/#breadcrumb"},"inLanguage":"de","potentialAction":[{"@type":"ReadAction","target":["https:\/\/gardarssongolf.com\/de\/rechtlicher-hinweis\/"]}]},{"@type":"BreadcrumbList","@id":"https:\/\/gardarssongolf.com\/de\/rechtlicher-hinweis\/#breadcrumb","itemListElement":[{"@type":"ListItem","position":1,"name":"Portada","item":"https:\/\/gardarssongolf.com\/de\/"},{"@type":"ListItem","position":2,"name":"Rechtlicher Hinweis"}]},{"@type":"WebSite","@id":"https:\/\/gardarssongolf.com\/de\/#website","url":"https:\/\/gardarssongolf.com\/de\/","name":"Gardarsson Golf","description":"","publisher":{"@id":"https:\/\/gardarssongolf.com\/de\/#organization"},"potentialAction":[{"@type":"SearchAction","target":{"@type":"EntryPoint","urlTemplate":"https:\/\/gardarssongolf.com\/de\/?s={search_term_string}"},"query-input":{"@type":"PropertyValueSpecification","valueRequired":true,"valueName":"search_term_string"}}],"inLanguage":"de"},{"@type":"Organization","@id":"https:\/\/gardarssongolf.com\/de\/#organization","name":"Gardarsson Golf","url":"https:\/\/gardarssongolf.com\/de\/","logo":{"@type":"ImageObject","inLanguage":"de","@id":"https:\/\/gardarssongolf.com\/de\/#\/schema\/logo\/image\/","url":"https:\/\/gardarssongolf.com\/wp-content\/uploads\/2026\/02\/cropped-gardarsson-golf-school-and-properties.webp","contentUrl":"https:\/\/gardarssongolf.com\/wp-content\/uploads\/2026\/02\/cropped-gardarsson-golf-school-and-properties.webp","width":1400,"height":400,"caption":"Gardarsson Golf"},"image":{"@id":"https:\/\/gardarssongolf.com\/de\/#\/schema\/logo\/image\/"}}]}},"_links":{"self":[{"href":"https:\/\/gardarssongolf.com\/de\/wp-json\/wp\/v2\/pages\/3780","targetHints":{"allow":["GET"]}}],"collection":[{"href":"https:\/\/gardarssongolf.com\/de\/wp-json\/wp\/v2\/pages"}],"about":[{"href":"https:\/\/gardarssongolf.com\/de\/wp-json\/wp\/v2\/types\/page"}],"author":[{"embeddable":true,"href":"https:\/\/gardarssongolf.com\/de\/wp-json\/wp\/v2\/users\/2"}],"replies":[{"embeddable":true,"href":"https:\/\/gardarssongolf.com\/de\/wp-json\/wp\/v2\/comments?post=3780"}],"version-history":[{"count":1,"href":"https:\/\/gardarssongolf.com\/de\/wp-json\/wp\/v2\/pages\/3780\/revisions"}],"predecessor-version":[{"id":3786,"href":"https:\/\/gardarssongolf.com\/de\/wp-json\/wp\/v2\/pages\/3780\/revisions\/3786"}],"wp:attachment":[{"href":"https:\/\/gardarssongolf.com\/de\/wp-json\/wp\/v2\/media?parent=3780"}],"curies":[{"name":"wp","href":"https:\/\/api.w.org\/{rel}","templated":true}]}}