{"id":3797,"date":"2025-03-06T14:46:09","date_gmt":"2025-03-06T13:46:09","guid":{"rendered":"https:\/\/gardarssongolf.com\/cookie-richtlinie\/"},"modified":"2026-03-03T15:10:30","modified_gmt":"2026-03-03T14:10:30","slug":"cookies","status":"publish","type":"page","link":"https:\/\/gardarssongolf.com\/de\/cookies\/","title":{"rendered":"Cookie Richtlinie"},"content":{"rendered":"\n<h2 class=\"wp-block-heading\">Was sind Cookies?<\/h2>\n\n\n\n<p>Im Englischen bedeutet \u201eCookie\u201c Keks, aber im Kontext des Surfens im Internet hat ein \u201eCookie\u201c eine ganz andere Bedeutung. Wenn Sie unsere Website besuchen, wird eine kleine Textdatei, ein sogenannter \u201eCookie\u201c, im Browser Ihres Ger\u00e4ts gespeichert. Diese Datei enth\u00e4lt verschiedene Informationen \u00fcber Ihr Surfverhalten, Ihre Pr\u00e4ferenzen, Ihre individuellen Anpassungen von Inhalten usw.<\/p>\n\n\n\n<p>Es gibt weitere Technologien, die \u00e4hnlich funktionieren und ebenfalls dazu verwendet werden, Daten \u00fcber Ihre Surfaktivit\u00e4ten zu sammeln. Wir bezeichnen all diese Technologien zusammenfassend als \u201eCookies\u201c.<\/p>\n\n\n\n<p>Die konkreten Einsatzm\u00f6glichkeiten dieser Technologien werden in diesem Dokument beschrieben.<\/p>\n\n\n\n<h2 class=\"wp-block-heading\">Wozu dienen Cookies auf dieser Website?<\/h2>\n\n\n\n<p>Cookies sind ein wesentlicher Bestandteil der Funktionsweise dieser Website. Hauptzweck unserer Cookies ist die Verbesserung Ihres Nutzererlebnisses. So speichern wir beispielsweise Ihre Pr\u00e4ferenzen (Sprache, Land usw.) w\u00e4hrend Ihrer Sitzung und bei zuk\u00fcnftigen Besuchen. Die in Cookies gesammelten Informationen erm\u00f6glichen es uns au\u00dferdem, die Website zu optimieren, sie an Ihre Interessen anzupassen, Ihre Suchanfragen zu beschleunigen und vieles mehr.<\/p>\n\n\n\n<p>In bestimmten F\u00e4llen, sofern wir Ihre vorherige informierte Einwilligung erhalten haben, k\u00f6nnen wir Cookies auch f\u00fcr andere Zwecke verwenden, beispielsweise um Informationen zu erhalten, die es uns erm\u00f6glichen, Ihnen auf der Grundlage der Analyse Ihres Surfverhaltens Werbung anzuzeigen.<\/p>\n\n\n\n<h2 class=\"wp-block-heading\">Wozu werden Cookies auf dieser Website NICHT verwendet?<\/h2>\n\n\n\n<p>Die von uns verwendeten Cookies speichern keine sensiblen personenbezogenen Daten wie Ihren Namen, Ihre Adresse, Ihr Passwort usw.<\/p>\n\n\n\n<h2 class=\"wp-block-heading\">Wer nutzt die in Cookies gespeicherten Informationen?<\/h2>\n\n\n\n<p>Die in Cookies auf unserer Website gespeicherten Informationen werden ausschlie\u00dflich von uns verwendet, mit Ausnahme der unten als \u201eDrittanbieter-Cookies\u201c gekennzeichneten Cookies. Diese werden von externen Anbietern verwendet und verwaltet, die uns Dienstleistungen zur Verbesserung der Benutzerfreundlichkeit bereitstellen. Beispiele hierf\u00fcr sind Statistiken \u00fcber die Anzahl der Besuche, die beliebtesten Inhalte usw.<\/p>\n\n\n\n<h2 class=\"wp-block-heading\">Wie kann ich die Verwendung von Cookies auf dieser Website verhindern?<\/h2>\n\n\n\n<p>Wenn Sie die Verwendung von Cookies vermeiden m\u00f6chten, k\u00f6nnen Sie deren Verwendung ABLEHNEN oder Sie k\u00f6nnen KONFIGURIEREN, welche Cookies Sie vermeiden und welche Sie zulassen m\u00f6chten (in diesem Dokument geben wir Ihnen detailliertere Informationen \u00fcber jeden Cookie-Typ, seinen Zweck, Empf\u00e4nger, Dauer usw.).<\/p>\n\n\n\n<p>Wenn Sie den Cookies zugestimmt haben, werden wir Sie nicht erneut fragen, es sei denn, Sie l\u00f6schen die Cookies auf Ihrem Ger\u00e4t, wie im n\u00e4chsten Abschnitt beschrieben. Wenn Sie Ihre Einwilligung widerrufen m\u00f6chten, m\u00fcssen Sie die Cookies l\u00f6schen und sie erneut konfigurieren.<\/p>\n\n\n\n<h2 class=\"wp-block-heading\">Wie kann ich die Verwendung von Cookies deaktivieren und diese l\u00f6schen?<\/h2>\n\n\n\n<p>Der Websitebetreiber stellt Informationen zu seiner Cookie-Richtlinie im Cookie-Banner bereit, das auf allen Seiten der Website zug\u00e4nglich ist. Das Cookie-Banner enth\u00e4lt wichtige Informationen zur Datenverarbeitung und erm\u00f6glicht dem Nutzer folgende Aktionen:<\/p>\n\n\n\n<ul class=\"wp-block-list\">\n<li>Sie k\u00f6nnen die Installation von Cookies akzeptieren oder ablehnen oder eine zuvor erteilte Einwilligung widerrufen.<\/li>\n\n\n\n<li>Weitere Informationen finden Sie auf der Seite&nbsp;<a href=\"\/de\/cookies\/\">mit den Cookie-Richtlinien<\/a>&nbsp;.<\/li>\n<\/ul>\n\n\n\n<p>Um Cookies dieser Website (und von Drittanbietern) einzuschr\u00e4nken, zu blockieren oder zu l\u00f6schen, k\u00f6nnen Sie Ihre Browsereinstellungen jederzeit \u00e4ndern. Bitte beachten Sie, dass diese Einstellungen je nach Browser variieren.<\/p>\n\n\n\n<p>Unter den folgenden Links finden Sie Anleitungen zum Aktivieren bzw. Deaktivieren von Cookies in den g\u00e4ngigsten Browsern.<\/p>\n\n\n\n<ul class=\"wp-block-list\">\n<li><a href=\"http:\/\/support.mozilla.org\/es\/kb\/habilitar-y-deshabilitar-cookies-que-los-sitios-we\" target=\"_blank\" rel=\"noreferrer noopener\">Firefox<\/a><\/li>\n\n\n\n<li><a href=\"https:\/\/support.google.com\/chrome\/answer\/95647?hl=es\" target=\"_blank\" rel=\"noreferrer noopener\">Google Chrome<\/a><\/li>\n\n\n\n<li><a href=\"https:\/\/support.microsoft.com\/es-es\/help\/17442\/windows-internet-explorer-delete-manage-cookies#ie=%22ie-10\" target=\"_blank\" rel=\"noreferrer noopener\">Internet Explorer<\/a><\/li>\n\n\n\n<li><a href=\"https:\/\/support.microsoft.com\/es-es\/help\/4468242\/microsoft-edge-browsing-data-and-privacy\" target=\"_blank\" rel=\"noreferrer noopener\">Microsoft Edge<\/a><\/li>\n\n\n\n<li><a href=\"http:\/\/support.apple.com\/kb\/HT1677?viewlocale=es_ES\" target=\"_blank\" rel=\"noreferrer noopener\">Safari<\/a><\/li>\n<\/ul>\n\n\n\n<h2 class=\"wp-block-heading\">Welche Arten von Cookies werden auf dieser Website verwendet?<\/h2>\n\n\n\n<p>Jede Website verwendet ihre eigenen Cookies. Auf unserer Website verwenden wir die unten aufgef\u00fchrten Cookies:<\/p>\n\n\n\n<p><strong>Laut der Organisation, die es verwaltet<\/strong><\/p>\n\n\n\n<p><strong>Erstanbieter-Cookies:<\/strong><\/p>\n\n\n\n<p>Dies sind solche, die vom Herausgeber selbst verwalteten Computer oder der Dom\u00e4ne an das Endger\u00e4t des Nutzers gesendet werden und von der der vom Nutzer angeforderte Dienst bereitgestellt wird.<\/p>\n\n\n\n<p><strong>Cookies von Drittanbietern:<\/strong><\/p>\n\n\n\n<p>Hierbei handelt es sich um Daten, die vom Computer oder der Domain des Nutzers an dessen Endger\u00e4t gesendet werden. Diese Domain wird nicht vom Herausgeber verwaltet, sondern von einer anderen Stelle, die die \u00fcber die Cookies gewonnenen Daten verarbeitet.<\/p>\n\n\n\n<p>Falls Cookies von einem Computer oder einer Domain bereitgestellt werden, die vom Herausgeber selbst verwaltet wird, die durch sie gesammelten Informationen jedoch von einem Dritten verwaltet werden, k\u00f6nnen sie nicht als Erstanbieter-Cookies betrachtet werden, wenn der Dritte sie f\u00fcr seine eigenen Zwecke verwendet (z. B. zur Verbesserung der von ihm angebotenen Dienste oder zur Bereitstellung von Werbedienstleistungen f\u00fcr andere Unternehmen).<\/p>\n\n\n\n<p><strong>IHREM ZWECK NACH<\/strong><\/p>\n\n\n\n<p><strong>Technische Cookies:<\/strong><\/p>\n\n\n\n<p>Hierbei handelt es sich um Cookies, die f\u00fcr die Navigation und das ordnungsgem\u00e4\u00dfe Funktionieren unserer Website erforderlich sind, wie z. B. die Steuerung des Datenverkehrs und der Datenkommunikation, die Identifizierung der Sitzung, der Zugriff auf gesch\u00fctzte Bereiche, die Bearbeitung von Registrierungs- oder Teilnahmeanfragen f\u00fcr eine Veranstaltung, die Z\u00e4hlung von Besuchen zum Zwecke der Abrechnung von Softwarelizenzen, die den Website-Dienst erm\u00f6glichen, die Nutzung von Sicherheitsfunktionen w\u00e4hrend der Navigation, das Speichern von Inhalten f\u00fcr die Video- oder Audiowiedergabe und die Erm\u00f6glichung dynamischer Inhalte (z. B. Ladeanimationen von Text oder Bildern).<\/p>\n\n\n\n<p><strong>Analyse-Cookies:<\/strong><\/p>\n\n\n\n<p>Sie erm\u00f6glichen es uns, die Anzahl der Nutzer zu quantifizieren und somit statistische Messungen und Analysen dar\u00fcber durchzuf\u00fchren, wie die Nutzer die Website nutzen.<\/p>\n\n\n\n<p><strong>Pr\u00e4ferenz- oder Personalisierungs-Cookies:<\/strong><\/p>\n\n\n\n<p>Hierbei handelt es sich um Cookies, die es erm\u00f6glichen, Informationen zu speichern, damit der Benutzer auf den Dienst mit bestimmten Merkmalen zugreifen kann, die sein Erlebnis von dem anderer Benutzer unterscheiden k\u00f6nnen, wie zum Beispiel die Sprache, die Anzahl der Ergebnisse, die bei einer Suche angezeigt werden, das Erscheinungsbild oder der Inhalt des Dienstes in Abh\u00e4ngigkeit vom Browsertyp, mit dem der Benutzer auf den Dienst zugreift, oder der Region, aus der er auf den Dienst zugreift usw.<\/p>\n\n\n\n<p><strong>JE NACH DER DAUER IHRER AKTIVIT\u00c4T<\/strong><\/p>\n\n\n\n<p><strong>Sitzungscookies:<\/strong><\/p>\n\n\n\n<p>Hierbei handelt es sich um Cookies, die dazu dienen, Daten zu sammeln und zu speichern, w\u00e4hrend der Benutzer auf eine Website zugreift.<\/p>\n\n\n\n<p>Sie dienen in der Regel dazu, Informationen zu speichern, die nur f\u00fcr die Erbringung der vom Benutzer angeforderten Dienstleistung bei einer einzelnen Gelegenheit relevant sind (z. B. eine Liste der gekauften Produkte) und verschwinden, wenn die Sitzung endet.<\/p>\n\n\n\n<p><strong>Permanente Cookies:<\/strong><\/p>\n\n\n\n<p>Hierbei handelt es sich um Cookies, deren Daten auf dem Ger\u00e4t des Nutzers gespeichert bleiben und f\u00fcr einen vom Cookie-Anbieter festgelegten Zeitraum \u2013 von wenigen Minuten bis zu mehreren Jahren \u2013 abgerufen und verarbeitet werden k\u00f6nnen. Daher ist es unerl\u00e4sslich, sorgf\u00e4ltig zu pr\u00fcfen, ob die Verwendung persistenter Cookies notwendig ist, da sich Datenschutzrisiken durch die Verwendung von Session-Cookies verringern lassen. Sollten persistente Cookies installiert werden, empfiehlt es sich, deren Lebensdauer unter Ber\u00fccksichtigung ihres Zwecks zu minimieren. Die Stellungnahme 4\/2012 der Artikel-29-Datenschutzgruppe stellte in diesem Zusammenhang fest, dass die G\u00fcltigkeitsdauer eines Cookies mit seinem Zweck in Zusammenhang stehen muss, um von der Einwilligungspflicht befreit zu sein. Session-Cookies sind daher deutlich h\u00e4ufiger von der Einwilligungspflicht befreit als persistente Cookies.<\/p>\n","protected":false},"excerpt":{"rendered":"<p>Was sind Cookies? Im Englischen bedeutet \u201eCookie\u201c Keks, aber im Kontext des Surfens im Internet hat ein \u201eCookie\u201c eine ganz andere Bedeutung. Wenn Sie unsere Website besuchen, wird eine kleine Textdatei, ein sogenannter \u201eCookie\u201c, im Browser Ihres Ger\u00e4ts gespeichert. Diese Datei enth\u00e4lt verschiedene Informationen \u00fcber Ihr Surfverhalten, Ihre Pr\u00e4ferenzen, Ihre individuellen Anpassungen von Inhalten usw. [&hellip;]<\/p>\n","protected":false},"author":2,"featured_media":0,"parent":0,"menu_order":0,"comment_status":"closed","ping_status":"closed","template":"","meta":{"footnotes":""},"class_list":["post-3797","page","type-page","status-publish","hentry"],"yoast_head":"<!-- This site is optimized with the Yoast SEO plugin v27.5 - https:\/\/yoast.com\/product\/yoast-seo-wordpress\/ -->\n<title>Cookie Richtlinie - Gardarsson Golf<\/title>\n<meta name=\"robots\" content=\"noindex, follow\" \/>\n<meta property=\"og:locale\" content=\"de_DE\" \/>\n<meta property=\"og:type\" content=\"article\" \/>\n<meta property=\"og:title\" content=\"Cookie Richtlinie - Gardarsson Golf\" \/>\n<meta property=\"og:description\" content=\"Was sind Cookies? Im Englischen bedeutet \u201eCookie\u201c Keks, aber im Kontext des Surfens im Internet hat ein \u201eCookie\u201c eine ganz andere Bedeutung. Wenn Sie unsere Website besuchen, wird eine kleine Textdatei, ein sogenannter \u201eCookie\u201c, im Browser Ihres Ger\u00e4ts gespeichert. Diese Datei enth\u00e4lt verschiedene Informationen \u00fcber Ihr Surfverhalten, Ihre Pr\u00e4ferenzen, Ihre individuellen Anpassungen von Inhalten usw. [&hellip;]\" \/>\n<meta property=\"og:url\" content=\"https:\/\/gardarssongolf.com\/de\/cookies\/\" \/>\n<meta property=\"og:site_name\" content=\"Gardarsson Golf\" \/>\n<meta property=\"article:modified_time\" content=\"2026-03-03T14:10:30+00:00\" \/>\n<meta property=\"og:image\" content=\"https:\/\/gardarssongolf.com\/wp-content\/uploads\/2026\/02\/jon-h-gardarsson-profesor-golf.webp\" \/>\n\t<meta property=\"og:image:width\" content=\"1600\" \/>\n\t<meta property=\"og:image:height\" content=\"720\" \/>\n\t<meta property=\"og:image:type\" content=\"image\/webp\" \/>\n<meta name=\"twitter:card\" content=\"summary_large_image\" \/>\n<meta name=\"twitter:label1\" content=\"Gesch\u00e4tzte Lesezeit\" \/>\n\t<meta name=\"twitter:data1\" content=\"5\u00a0Minuten\" \/>\n<script type=\"application\/ld+json\" class=\"yoast-schema-graph\">{\"@context\":\"https:\\\/\\\/schema.org\",\"@graph\":[{\"@type\":\"WebPage\",\"@id\":\"https:\\\/\\\/gardarssongolf.com\\\/de\\\/cookies\\\/\",\"url\":\"https:\\\/\\\/gardarssongolf.com\\\/de\\\/cookies\\\/\",\"name\":\"Cookie Richtlinie - Gardarsson Golf\",\"isPartOf\":{\"@id\":\"https:\\\/\\\/gardarssongolf.com\\\/de\\\/#website\"},\"datePublished\":\"2025-03-06T13:46:09+00:00\",\"dateModified\":\"2026-03-03T14:10:30+00:00\",\"breadcrumb\":{\"@id\":\"https:\\\/\\\/gardarssongolf.com\\\/de\\\/cookies\\\/#breadcrumb\"},\"inLanguage\":\"de\",\"potentialAction\":[{\"@type\":\"ReadAction\",\"target\":[\"https:\\\/\\\/gardarssongolf.com\\\/de\\\/cookies\\\/\"]}]},{\"@type\":\"BreadcrumbList\",\"@id\":\"https:\\\/\\\/gardarssongolf.com\\\/de\\\/cookies\\\/#breadcrumb\",\"itemListElement\":[{\"@type\":\"ListItem\",\"position\":1,\"name\":\"Portada\",\"item\":\"https:\\\/\\\/gardarssongolf.com\\\/de\\\/\"},{\"@type\":\"ListItem\",\"position\":2,\"name\":\"Cookie Richtlinie\"}]},{\"@type\":\"WebSite\",\"@id\":\"https:\\\/\\\/gardarssongolf.com\\\/de\\\/#website\",\"url\":\"https:\\\/\\\/gardarssongolf.com\\\/de\\\/\",\"name\":\"Gardarsson Golf\",\"description\":\"\",\"publisher\":{\"@id\":\"https:\\\/\\\/gardarssongolf.com\\\/de\\\/#organization\"},\"potentialAction\":[{\"@type\":\"SearchAction\",\"target\":{\"@type\":\"EntryPoint\",\"urlTemplate\":\"https:\\\/\\\/gardarssongolf.com\\\/de\\\/?s={search_term_string}\"},\"query-input\":{\"@type\":\"PropertyValueSpecification\",\"valueRequired\":true,\"valueName\":\"search_term_string\"}}],\"inLanguage\":\"de\"},{\"@type\":\"Organization\",\"@id\":\"https:\\\/\\\/gardarssongolf.com\\\/de\\\/#organization\",\"name\":\"Gardarsson Golf\",\"url\":\"https:\\\/\\\/gardarssongolf.com\\\/de\\\/\",\"logo\":{\"@type\":\"ImageObject\",\"inLanguage\":\"de\",\"@id\":\"https:\\\/\\\/gardarssongolf.com\\\/de\\\/#\\\/schema\\\/logo\\\/image\\\/\",\"url\":\"https:\\\/\\\/gardarssongolf.com\\\/wp-content\\\/uploads\\\/2026\\\/02\\\/cropped-gardarsson-golf-school-and-properties.webp\",\"contentUrl\":\"https:\\\/\\\/gardarssongolf.com\\\/wp-content\\\/uploads\\\/2026\\\/02\\\/cropped-gardarsson-golf-school-and-properties.webp\",\"width\":1400,\"height\":400,\"caption\":\"Gardarsson Golf\"},\"image\":{\"@id\":\"https:\\\/\\\/gardarssongolf.com\\\/de\\\/#\\\/schema\\\/logo\\\/image\\\/\"}}]}<\/script>\n<!-- \/ Yoast SEO plugin. -->","yoast_head_json":{"title":"Cookie Richtlinie - Gardarsson Golf","robots":{"index":"noindex","follow":"follow"},"og_locale":"de_DE","og_type":"article","og_title":"Cookie Richtlinie - Gardarsson Golf","og_description":"Was sind Cookies? Im Englischen bedeutet \u201eCookie\u201c Keks, aber im Kontext des Surfens im Internet hat ein \u201eCookie\u201c eine ganz andere Bedeutung. Wenn Sie unsere Website besuchen, wird eine kleine Textdatei, ein sogenannter \u201eCookie\u201c, im Browser Ihres Ger\u00e4ts gespeichert. Diese Datei enth\u00e4lt verschiedene Informationen \u00fcber Ihr Surfverhalten, Ihre Pr\u00e4ferenzen, Ihre individuellen Anpassungen von Inhalten usw. [&hellip;]","og_url":"https:\/\/gardarssongolf.com\/de\/cookies\/","og_site_name":"Gardarsson Golf","article_modified_time":"2026-03-03T14:10:30+00:00","og_image":[{"width":1600,"height":720,"url":"https:\/\/gardarssongolf.com\/wp-content\/uploads\/2026\/02\/jon-h-gardarsson-profesor-golf.webp","type":"image\/webp"}],"twitter_card":"summary_large_image","twitter_misc":{"Gesch\u00e4tzte Lesezeit":"5\u00a0Minuten"},"schema":{"@context":"https:\/\/schema.org","@graph":[{"@type":"WebPage","@id":"https:\/\/gardarssongolf.com\/de\/cookies\/","url":"https:\/\/gardarssongolf.com\/de\/cookies\/","name":"Cookie Richtlinie - Gardarsson Golf","isPartOf":{"@id":"https:\/\/gardarssongolf.com\/de\/#website"},"datePublished":"2025-03-06T13:46:09+00:00","dateModified":"2026-03-03T14:10:30+00:00","breadcrumb":{"@id":"https:\/\/gardarssongolf.com\/de\/cookies\/#breadcrumb"},"inLanguage":"de","potentialAction":[{"@type":"ReadAction","target":["https:\/\/gardarssongolf.com\/de\/cookies\/"]}]},{"@type":"BreadcrumbList","@id":"https:\/\/gardarssongolf.com\/de\/cookies\/#breadcrumb","itemListElement":[{"@type":"ListItem","position":1,"name":"Portada","item":"https:\/\/gardarssongolf.com\/de\/"},{"@type":"ListItem","position":2,"name":"Cookie Richtlinie"}]},{"@type":"WebSite","@id":"https:\/\/gardarssongolf.com\/de\/#website","url":"https:\/\/gardarssongolf.com\/de\/","name":"Gardarsson Golf","description":"","publisher":{"@id":"https:\/\/gardarssongolf.com\/de\/#organization"},"potentialAction":[{"@type":"SearchAction","target":{"@type":"EntryPoint","urlTemplate":"https:\/\/gardarssongolf.com\/de\/?s={search_term_string}"},"query-input":{"@type":"PropertyValueSpecification","valueRequired":true,"valueName":"search_term_string"}}],"inLanguage":"de"},{"@type":"Organization","@id":"https:\/\/gardarssongolf.com\/de\/#organization","name":"Gardarsson Golf","url":"https:\/\/gardarssongolf.com\/de\/","logo":{"@type":"ImageObject","inLanguage":"de","@id":"https:\/\/gardarssongolf.com\/de\/#\/schema\/logo\/image\/","url":"https:\/\/gardarssongolf.com\/wp-content\/uploads\/2026\/02\/cropped-gardarsson-golf-school-and-properties.webp","contentUrl":"https:\/\/gardarssongolf.com\/wp-content\/uploads\/2026\/02\/cropped-gardarsson-golf-school-and-properties.webp","width":1400,"height":400,"caption":"Gardarsson Golf"},"image":{"@id":"https:\/\/gardarssongolf.com\/de\/#\/schema\/logo\/image\/"}}]}},"_links":{"self":[{"href":"https:\/\/gardarssongolf.com\/de\/wp-json\/wp\/v2\/pages\/3797","targetHints":{"allow":["GET"]}}],"collection":[{"href":"https:\/\/gardarssongolf.com\/de\/wp-json\/wp\/v2\/pages"}],"about":[{"href":"https:\/\/gardarssongolf.com\/de\/wp-json\/wp\/v2\/types\/page"}],"author":[{"embeddable":true,"href":"https:\/\/gardarssongolf.com\/de\/wp-json\/wp\/v2\/users\/2"}],"replies":[{"embeddable":true,"href":"https:\/\/gardarssongolf.com\/de\/wp-json\/wp\/v2\/comments?post=3797"}],"version-history":[{"count":2,"href":"https:\/\/gardarssongolf.com\/de\/wp-json\/wp\/v2\/pages\/3797\/revisions"}],"predecessor-version":[{"id":3809,"href":"https:\/\/gardarssongolf.com\/de\/wp-json\/wp\/v2\/pages\/3797\/revisions\/3809"}],"wp:attachment":[{"href":"https:\/\/gardarssongolf.com\/de\/wp-json\/wp\/v2\/media?parent=3797"}],"curies":[{"name":"wp","href":"https:\/\/api.w.org\/{rel}","templated":true}]}}