{"id":3220,"date":"2026-02-10T12:46:02","date_gmt":"2026-02-10T11:46:02","guid":{"rendered":"https:\/\/gardarssongolf.com\/namskeid\/"},"modified":"2026-03-04T15:09:28","modified_gmt":"2026-03-04T14:09:28","slug":"namskeid","status":"publish","type":"page","link":"https:\/\/gardarssongolf.com\/is\/namskeid\/","title":{"rendered":"N\u00e1mskei\u00f0"},"content":{"rendered":"\t\t<div data-elementor-type=\"wp-page\" data-elementor-id=\"3220\" class=\"elementor elementor-3220 elementor-450\" data-elementor-post-type=\"page\">\n\t\t\t\t<div class=\"elementor-element elementor-element-a976c23 e-flex e-con-boxed e-con e-parent\" data-id=\"a976c23\" data-element_type=\"container\" data-e-type=\"container\" data-settings=\"{&quot;background_background&quot;:&quot;classic&quot;}\">\n\t\t\t\t\t<div class=\"e-con-inner\">\n\t\t\t\t<div class=\"elementor-element elementor-element-12de728 elementor-widget elementor-widget-heading\" data-id=\"12de728\" data-element_type=\"widget\" data-e-type=\"widget\" data-widget_type=\"heading.default\">\n\t\t\t\t\t<h1 class=\"elementor-heading-title elementor-size-default\">N\u00e1mskei\u00f0<\/h1>\t\t\t\t<\/div>\n\t\t\t\t\t<\/div>\n\t\t\t\t<\/div>\n\t\t<div class=\"elementor-element elementor-element-1162399 e-flex e-con-boxed e-con e-parent\" data-id=\"1162399\" data-element_type=\"container\" data-e-type=\"container\">\n\t\t\t\t\t<div class=\"e-con-inner\">\n\t\t\t\t<div class=\"elementor-element elementor-element-2de582e elementor-widget elementor-widget-heading\" data-id=\"2de582e\" data-element_type=\"widget\" data-e-type=\"widget\" data-widget_type=\"heading.default\">\n\t\t\t\t\t<h2 class=\"elementor-heading-title elementor-size-default\">Golf samanstendur af fj\u00f3rum \u00fe\u00e1ttum<\/h2>\t\t\t\t<\/div>\n\t\t<div class=\"elementor-element elementor-element-1cd55de e-con-full e-flex e-con e-child\" data-id=\"1cd55de\" data-element_type=\"container\" data-e-type=\"container\">\n\t\t<div class=\"elementor-element elementor-element-9de5cd3 e-con-full e-flex e-con e-child\" data-id=\"9de5cd3\" data-element_type=\"container\" data-e-type=\"container\">\n\t\t\t\t<div class=\"elementor-element elementor-element-825b3d4 elementor-widget elementor-widget-heading\" data-id=\"825b3d4\" data-element_type=\"widget\" data-e-type=\"widget\" data-widget_type=\"heading.default\">\n\t\t\t\t\t<span class=\"elementor-heading-title elementor-size-default\">Stutta spilid<\/span>\t\t\t\t<\/div>\n\t\t\t\t<\/div>\n\t\t<div class=\"elementor-element elementor-element-c424282 e-con-full e-flex e-con e-child\" data-id=\"c424282\" data-element_type=\"container\" data-e-type=\"container\">\n\t\t\t\t<div class=\"elementor-element elementor-element-ef32b05 elementor-widget elementor-widget-heading\" data-id=\"ef32b05\" data-element_type=\"widget\" data-e-type=\"widget\" data-widget_type=\"heading.default\">\n\t\t\t\t\t<span class=\"elementor-heading-title elementor-size-default\">Langa spilid<\/span>\t\t\t\t<\/div>\n\t\t\t\t<\/div>\n\t\t<div class=\"elementor-element elementor-element-3df96a0 e-con-full e-flex e-con e-child\" data-id=\"3df96a0\" data-element_type=\"container\" data-e-type=\"container\">\n\t\t\t\t<div class=\"elementor-element elementor-element-20710b7 elementor-widget elementor-widget-heading\" data-id=\"20710b7\" data-element_type=\"widget\" data-e-type=\"widget\" data-widget_type=\"heading.default\">\n\t\t\t\t\t<span class=\"elementor-heading-title elementor-size-default\">Andlegir \u00fe\u00e6ttir<\/span>\t\t\t\t<\/div>\n\t\t\t\t<\/div>\n\t\t<div class=\"elementor-element elementor-element-2d1d0cc e-con-full e-flex e-con e-child\" data-id=\"2d1d0cc\" data-element_type=\"container\" data-e-type=\"container\">\n\t\t\t\t<div class=\"elementor-element elementor-element-c8db947 elementor-widget elementor-widget-heading\" data-id=\"c8db947\" data-element_type=\"widget\" data-e-type=\"widget\" data-widget_type=\"heading.default\">\n\t\t\t\t\t<span class=\"elementor-heading-title elementor-size-default\">Vallastj\u00f3rnun<\/span>\t\t\t\t<\/div>\n\t\t\t\t<\/div>\n\t\t\t\t<\/div>\n\t\t\t\t<div class=\"elementor-element elementor-element-43681f6 elementor-widget elementor-widget-text-editor\" data-id=\"43681f6\" data-element_type=\"widget\" data-e-type=\"widget\" data-widget_type=\"text-editor.default\">\n\t\t\t\t\t\t\t\t\t<p>Til a\u00f0 b\u00e6ta hvern og einn af \u00feessum \u00fe\u00e1ttum leiksins eru <strong>EFTIRFARANDI<\/strong> n\u00e1mskei\u00f0 \u00ed bo\u00f0i fyrir daglega \u00fej\u00e1lfun.<\/p>\t\t\t\t\t\t\t\t<\/div>\n\t\t\t\t\t<\/div>\n\t\t\t\t<\/div>\n\t\t<div class=\"elementor-element elementor-element-ef0d6d4 e-flex e-con-boxed e-con e-parent\" data-id=\"ef0d6d4\" data-element_type=\"container\" data-e-type=\"container\">\n\t\t\t\t\t<div class=\"e-con-inner\">\n\t\t<div class=\"elementor-element elementor-element-f118773 e-con-full e-flex e-con e-child\" data-id=\"f118773\" data-element_type=\"container\" data-e-type=\"container\">\n\t\t<div class=\"elementor-element elementor-element-214b5ca e-con-full e-flex e-con e-child\" data-id=\"214b5ca\" data-element_type=\"container\" data-e-type=\"container\">\n\t\t\t\t<\/div>\n\t\t<div class=\"elementor-element elementor-element-4866dfc e-con-full e-flex e-con e-child\" data-id=\"4866dfc\" data-element_type=\"container\" data-e-type=\"container\" data-settings=\"{&quot;background_background&quot;:&quot;classic&quot;}\">\n\t\t\t\t<div class=\"elementor-element elementor-element-7713e85 elementor-widget elementor-widget-heading\" data-id=\"7713e85\" data-element_type=\"widget\" data-e-type=\"widget\" data-widget_type=\"heading.default\">\n\t\t\t\t\t<h2 class=\"elementor-heading-title elementor-size-default\">A\u00f0eins fyrir konur<\/h2>\t\t\t\t<\/div>\n\t\t\t\t<div class=\"elementor-element elementor-element-6599735 elementor-widget elementor-widget-text-editor\" data-id=\"6599735\" data-element_type=\"widget\" data-e-type=\"widget\" data-widget_type=\"text-editor.default\">\n\t\t\t\t\t\t\t\t\t<p>B\u00e6ttu t\u00e6kni \u00fe\u00edna \u00e1 \u00f6llum svi\u00f0um: fullri sveiflu, stuttu spili o.s.frv.<\/p>\t\t\t\t\t\t\t\t<\/div>\n\t\t\t\t<\/div>\n\t\t\t\t<\/div>\n\t\t<div class=\"elementor-element elementor-element-087726a e-con-full e-flex e-con e-child\" data-id=\"087726a\" data-element_type=\"container\" data-e-type=\"container\">\n\t\t<div class=\"elementor-element elementor-element-fe8cb96 e-con-full e-flex e-con e-child\" data-id=\"fe8cb96\" data-element_type=\"container\" data-e-type=\"container\">\n\t\t\t\t<\/div>\n\t\t<div class=\"elementor-element elementor-element-036d2fd e-con-full e-flex e-con e-child\" data-id=\"036d2fd\" data-element_type=\"container\" data-e-type=\"container\" data-settings=\"{&quot;background_background&quot;:&quot;classic&quot;}\">\n\t\t\t\t<div class=\"elementor-element elementor-element-f3f657d elementor-widget elementor-widget-heading\" data-id=\"f3f657d\" data-element_type=\"widget\" data-e-type=\"widget\" data-widget_type=\"heading.default\">\n\t\t\t\t\t<h2 class=\"elementor-heading-title elementor-size-default\">Lengra og n\u00e1kv\u00e6mara<\/h2>\t\t\t\t<\/div>\n\t\t\t\t<div class=\"elementor-element elementor-element-4557cf2 elementor-widget elementor-widget-text-editor\" data-id=\"4557cf2\" data-element_type=\"widget\" data-e-type=\"widget\" data-widget_type=\"text-editor.default\">\n\t\t\t\t\t\t\t\t\t<p>Hvernig \u00e1 a\u00f0 sl\u00e1 boltann lengra og n\u00e1kv\u00e6mara.<\/p>\t\t\t\t\t\t\t\t<\/div>\n\t\t\t\t<\/div>\n\t\t\t\t<\/div>\n\t\t<div class=\"elementor-element elementor-element-45bfd21 e-con-full e-flex e-con e-child\" data-id=\"45bfd21\" data-element_type=\"container\" data-e-type=\"container\">\n\t\t<div class=\"elementor-element elementor-element-e860c70 e-con-full e-flex e-con e-child\" data-id=\"e860c70\" data-element_type=\"container\" data-e-type=\"container\">\n\t\t\t\t<\/div>\n\t\t<div class=\"elementor-element elementor-element-9663e09 e-con-full e-flex e-con e-child\" data-id=\"9663e09\" data-element_type=\"container\" data-e-type=\"container\" data-settings=\"{&quot;background_background&quot;:&quot;classic&quot;}\">\n\t\t\t\t<div class=\"elementor-element elementor-element-4a853cb elementor-widget elementor-widget-heading\" data-id=\"4a853cb\" data-element_type=\"widget\" data-e-type=\"widget\" data-widget_type=\"heading.default\">\n\t\t\t\t\t<h2 class=\"elementor-heading-title elementor-size-default\">\u00cd kringum fl\u00f6tina<\/h2>\t\t\t\t<\/div>\n\t\t\t\t<div class=\"elementor-element elementor-element-1c32f94 elementor-widget elementor-widget-text-editor\" data-id=\"1c32f94\" data-element_type=\"widget\" data-e-type=\"widget\" data-widget_type=\"text-editor.default\">\n\t\t\t\t\t\t\t\t\t<p>Vibba, me\u00f0 og \u00e1n r\u00fallu. A\u00f0 komast r\u00e9tt \u00fat \u00far sandi gryfjunni.<\/p>\t\t\t\t\t\t\t\t<\/div>\n\t\t\t\t<\/div>\n\t\t\t\t<\/div>\n\t\t<div class=\"elementor-element elementor-element-e85dcfe e-con-full e-flex e-con e-child\" data-id=\"e85dcfe\" data-element_type=\"container\" data-e-type=\"container\">\n\t\t<div class=\"elementor-element elementor-element-5c93c6f e-con-full e-flex e-con e-child\" data-id=\"5c93c6f\" data-element_type=\"container\" data-e-type=\"container\">\n\t\t\t\t<\/div>\n\t\t<div class=\"elementor-element elementor-element-4a2113d e-con-full e-flex e-con e-child\" data-id=\"4a2113d\" data-element_type=\"container\" data-e-type=\"container\" data-settings=\"{&quot;background_background&quot;:&quot;classic&quot;}\">\n\t\t\t\t<div class=\"elementor-element elementor-element-578706f elementor-widget elementor-widget-heading\" data-id=\"578706f\" data-element_type=\"widget\" data-e-type=\"widget\" data-widget_type=\"heading.default\">\n\t\t\t\t\t<h2 class=\"elementor-heading-title elementor-size-default\">P\u00fatt<\/h2>\t\t\t\t<\/div>\n\t\t\t\t<div class=\"elementor-element elementor-element-78e7092 elementor-widget elementor-widget-text-editor\" data-id=\"78e7092\" data-element_type=\"widget\" data-e-type=\"widget\" data-widget_type=\"text-editor.default\">\n\t\t\t\t\t\t\t\t\t<p>P\u00fatt eru 66% af skori \u00fe\u00ednu. P\u00fatt eru au\u00f0veldari en margir halda. Fyrst \u00fearftu a\u00f0 lesa fl\u00f6tina, f\u00e6ra p\u00fattarann \u200b\u200br\u00e9tt og hitta mi\u00f0juna; annars r\u00fallar boltinn ekki beint.<\/p>\t\t\t\t\t\t\t\t<\/div>\n\t\t\t\t<\/div>\n\t\t\t\t<\/div>\n\t\t<div class=\"elementor-element elementor-element-087fb91 e-con-full e-flex e-con e-child\" data-id=\"087fb91\" data-element_type=\"container\" data-e-type=\"container\">\n\t\t<div class=\"elementor-element elementor-element-7840fd1 e-con-full e-flex e-con e-child\" data-id=\"7840fd1\" data-element_type=\"container\" data-e-type=\"container\">\n\t\t\t\t<\/div>\n\t\t<div class=\"elementor-element elementor-element-2e506e8 e-con-full e-flex e-con e-child\" data-id=\"2e506e8\" data-element_type=\"container\" data-e-type=\"container\" data-settings=\"{&quot;background_background&quot;:&quot;classic&quot;}\">\n\t\t\t\t<div class=\"elementor-element elementor-element-4ea638c elementor-widget elementor-widget-heading\" data-id=\"4ea638c\" data-element_type=\"widget\" data-e-type=\"widget\" data-widget_type=\"heading.default\">\n\t\t\t\t\t<h2 class=\"elementor-heading-title elementor-size-default\">B\u00f6rn<\/h2>\t\t\t\t<\/div>\n\t\t\t\t<div class=\"elementor-element elementor-element-a422d93 elementor-widget elementor-widget-text-editor\" data-id=\"a422d93\" data-element_type=\"widget\" data-e-type=\"widget\" data-widget_type=\"text-editor.default\">\n\t\t\t\t\t\t\t\t\t<p>Undir 14 \u00e1ra aldri. Golfsveiflan er s\u00fa sama, en b\u00f6rn eru ekki eins sterk og fullor\u00f0nir, \u00feannig a\u00f0 gripi\u00f0 og sveiflan eru a\u00f0eins \u00f6\u00f0ruv\u00edsi.<\/p>\t\t\t\t\t\t\t\t<\/div>\n\t\t\t\t<\/div>\n\t\t\t\t<\/div>\n\t\t<div class=\"elementor-element elementor-element-8904ffa e-con-full e-flex e-con e-child\" data-id=\"8904ffa\" data-element_type=\"container\" data-e-type=\"container\">\n\t\t<div class=\"elementor-element elementor-element-9b7fcfd e-con-full e-flex e-con e-child\" data-id=\"9b7fcfd\" data-element_type=\"container\" data-e-type=\"container\">\n\t\t\t\t<\/div>\n\t\t<div class=\"elementor-element elementor-element-d11ca47 e-con-full e-flex e-con e-child\" data-id=\"d11ca47\" data-element_type=\"container\" data-e-type=\"container\" data-settings=\"{&quot;background_background&quot;:&quot;classic&quot;}\">\n\t\t\t\t<div class=\"elementor-element elementor-element-67b290d elementor-widget elementor-widget-heading\" data-id=\"67b290d\" data-element_type=\"widget\" data-e-type=\"widget\" data-widget_type=\"heading.default\">\n\t\t\t\t\t<h2 class=\"elementor-heading-title elementor-size-default\">Golf\u00fej\u00e1lfun \u00e1 golfvellinum<\/h2>\t\t\t\t<\/div>\n\t\t\t\t<div class=\"elementor-element elementor-element-39445d3 elementor-widget elementor-widget-text-editor\" data-id=\"39445d3\" data-element_type=\"widget\" data-e-type=\"widget\" data-widget_type=\"text-editor.default\">\n\t\t\t\t\t\t\t\t\t<p>A\u00f0 beita r\u00e9ttri t\u00e6kni \u00e1 golfvellinum. \u00deetta ver\u00f0ur \u00fatsk\u00fdrt, s\u00fdnt og \u00e6ft s\u00ed\u00f0an.Se explicar\u00e1, demostrar\u00e1 y practicar\u00e1.<\/p>\t\t\t\t\t\t\t\t<\/div>\n\t\t\t\t<\/div>\n\t\t\t\t<\/div>\n\t\t\t\t\t<\/div>\n\t\t\t\t<\/div>\n\t\t<div class=\"elementor-element elementor-element-9983052 e-flex e-con-boxed e-con e-parent\" data-id=\"9983052\" data-element_type=\"container\" data-e-type=\"container\" data-settings=\"{&quot;shape_divider_bottom&quot;:&quot;mountains&quot;,&quot;shape_divider_top&quot;:&quot;mountains&quot;}\">\n\t\t\t\t\t<div class=\"e-con-inner\">\n\t\t\t\t<div class=\"elementor-shape elementor-shape-top\" aria-hidden=\"true\" data-negative=\"false\">\n\t\t\t<svg xmlns=\"http:\/\/www.w3.org\/2000\/svg\" viewBox=\"0 0 1000 100\" preserveAspectRatio=\"none\">\n\t<path class=\"elementor-shape-fill\" opacity=\"0.33\" d=\"M473,67.3c-203.9,88.3-263.1-34-320.3,0C66,119.1,0,59.7,0,59.7V0h1000v59.7 c0,0-62.1,26.1-94.9,29.3c-32.8,3.3-62.8-12.3-75.8-22.1C806,49.6,745.3,8.7,694.9,4.7S492.4,59,473,67.3z\"\/>\n\t<path class=\"elementor-shape-fill\" opacity=\"0.66\" d=\"M734,67.3c-45.5,0-77.2-23.2-129.1-39.1c-28.6-8.7-150.3-10.1-254,39.1 s-91.7-34.4-149.2,0C115.7,118.3,0,39.8,0,39.8V0h1000v36.5c0,0-28.2-18.5-92.1-18.5C810.2,18.1,775.7,67.3,734,67.3z\"\/>\n\t<path class=\"elementor-shape-fill\" d=\"M766.1,28.9c-200-57.5-266,65.5-395.1,19.5C242,1.8,242,5.4,184.8,20.6C128,35.8,132.3,44.9,89.9,52.5C28.6,63.7,0,0,0,0 h1000c0,0-9.9,40.9-83.6,48.1S829.6,47,766.1,28.9z\"\/>\n<\/svg>\t\t<\/div>\n\t\t\t\t<div class=\"elementor-shape elementor-shape-bottom\" aria-hidden=\"true\" data-negative=\"false\">\n\t\t\t<svg xmlns=\"http:\/\/www.w3.org\/2000\/svg\" viewBox=\"0 0 1000 100\" preserveAspectRatio=\"none\">\n\t<path class=\"elementor-shape-fill\" opacity=\"0.33\" d=\"M473,67.3c-203.9,88.3-263.1-34-320.3,0C66,119.1,0,59.7,0,59.7V0h1000v59.7 c0,0-62.1,26.1-94.9,29.3c-32.8,3.3-62.8-12.3-75.8-22.1C806,49.6,745.3,8.7,694.9,4.7S492.4,59,473,67.3z\"\/>\n\t<path class=\"elementor-shape-fill\" opacity=\"0.66\" d=\"M734,67.3c-45.5,0-77.2-23.2-129.1-39.1c-28.6-8.7-150.3-10.1-254,39.1 s-91.7-34.4-149.2,0C115.7,118.3,0,39.8,0,39.8V0h1000v36.5c0,0-28.2-18.5-92.1-18.5C810.2,18.1,775.7,67.3,734,67.3z\"\/>\n\t<path class=\"elementor-shape-fill\" d=\"M766.1,28.9c-200-57.5-266,65.5-395.1,19.5C242,1.8,242,5.4,184.8,20.6C128,35.8,132.3,44.9,89.9,52.5C28.6,63.7,0,0,0,0 h1000c0,0-9.9,40.9-83.6,48.1S829.6,47,766.1,28.9z\"\/>\n<\/svg>\t\t<\/div>\n\t\t\t\t<div class=\"elementor-element elementor-element-0b61405 elementor-widget elementor-widget-heading\" data-id=\"0b61405\" data-element_type=\"widget\" data-e-type=\"widget\" data-widget_type=\"heading.default\">\n\t\t\t\t\t<span class=\"elementor-heading-title elementor-size-default\">Myndbands Eftirlit<\/span>\t\t\t\t<\/div>\n\t\t\t\t<div class=\"elementor-element elementor-element-2972c9a elementor-widget elementor-widget-text-editor\" data-id=\"2972c9a\" data-element_type=\"widget\" data-e-type=\"widget\" data-widget_type=\"text-editor.default\">\n\t\t\t\t\t\t\t\t\t<p>Allar t\u00e6kni eru teknar upp, s\u00fdndar og \u00fatsk\u00fdr\u00f0ar \u00e1 myndbandi.<\/p>\t\t\t\t\t\t\t\t<\/div>\n\t\t\t\t<div class=\"elementor-element elementor-element-cd7b2b9 elementor-align-center elementor-widget elementor-widget-button\" data-id=\"cd7b2b9\" data-element_type=\"widget\" data-e-type=\"widget\" data-widget_type=\"button.default\">\n\t\t\t\t\t\t\t\t\t\t<a class=\"elementor-button elementor-button-link elementor-size-sm\" href=\"https:\/\/gardarssongolf.com\/is\/samband\/\">\n\t\t\t\t\t\t<span class=\"elementor-button-content-wrapper\">\n\t\t\t\t\t\t<span class=\"elementor-button-icon\">\n\t\t\t\t<svg aria-hidden=\"true\" class=\"e-font-icon-svg e-fas-angle-double-right\" viewBox=\"0 0 448 512\" xmlns=\"http:\/\/www.w3.org\/2000\/svg\"><path d=\"M224.3 273l-136 136c-9.4 9.4-24.6 9.4-33.9 0l-22.6-22.6c-9.4-9.4-9.4-24.6 0-33.9l96.4-96.4-96.4-96.4c-9.4-9.4-9.4-24.6 0-33.9L54.3 103c9.4-9.4 24.6-9.4 33.9 0l136 136c9.5 9.4 9.5 24.6.1 34zm192-34l-136-136c-9.4-9.4-24.6-9.4-33.9 0l-22.6 22.6c-9.4 9.4-9.4 24.6 0 33.9l96.4 96.4-96.4 96.4c-9.4 9.4-9.4 24.6 0 33.9l22.6 22.6c9.4 9.4 24.6 9.4 33.9 0l136-136c9.4-9.2 9.4-24.4 0-33.8z\"><\/path><\/svg>\t\t\t<\/span>\n\t\t\t\t\t\t\t\t\t<span class=\"elementor-button-text\">\u00c9g hef \u00e1huga<\/span>\n\t\t\t\t\t<\/span>\n\t\t\t\t\t<\/a>\n\t\t\t\t\t\t\t\t<\/div>\n\t\t\t\t\t<\/div>\n\t\t\t\t<\/div>\n\t\t\t\t<\/div>\n\t\t","protected":false},"excerpt":{"rendered":"<p>N\u00e1mskei\u00f0 Golf samanstendur af fj\u00f3rum \u00fe\u00e1ttum Stutta spilid Langa spilid Andlegir \u00fe\u00e6ttir Vallastj\u00f3rnun Til a\u00f0 b\u00e6ta hvern og einn af \u00feessum \u00fe\u00e1ttum leiksins eru EFTIRFARANDI n\u00e1mskei\u00f0 \u00ed bo\u00f0i fyrir daglega \u00fej\u00e1lfun. A\u00f0eins fyrir konur B\u00e6ttu t\u00e6kni \u00fe\u00edna \u00e1 \u00f6llum svi\u00f0um: fullri sveiflu, stuttu spili o.s.frv. Lengra og n\u00e1kv\u00e6mara Hvernig \u00e1 a\u00f0 sl\u00e1 boltann lengra og [&hellip;]<\/p>\n","protected":false},"author":2,"featured_media":0,"parent":0,"menu_order":0,"comment_status":"closed","ping_status":"closed","template":"","meta":{"footnotes":""},"class_list":["post-3220","page","type-page","status-publish","hentry"],"yoast_head":"<!-- This site is optimized with the Yoast SEO plugin v27.5 - https:\/\/yoast.com\/product\/yoast-seo-wordpress\/ -->\n<title>N\u00e1mskei\u00f0 - Gardarsson Golf<\/title>\n<meta name=\"robots\" content=\"index, follow, max-snippet:-1, max-image-preview:large, max-video-preview:-1\" \/>\n<link rel=\"canonical\" href=\"https:\/\/gardarssongolf.com\/is\/namskeid\/\" \/>\n<meta property=\"og:locale\" content=\"is_IS\" \/>\n<meta property=\"og:type\" content=\"article\" \/>\n<meta property=\"og:title\" content=\"N\u00e1mskei\u00f0 - Gardarsson Golf\" \/>\n<meta property=\"og:description\" content=\"N\u00e1mskei\u00f0 Golf samanstendur af fj\u00f3rum \u00fe\u00e1ttum Stutta spilid Langa spilid Andlegir \u00fe\u00e6ttir Vallastj\u00f3rnun Til a\u00f0 b\u00e6ta hvern og einn af \u00feessum \u00fe\u00e1ttum leiksins eru EFTIRFARANDI n\u00e1mskei\u00f0 \u00ed bo\u00f0i fyrir daglega \u00fej\u00e1lfun. A\u00f0eins fyrir konur B\u00e6ttu t\u00e6kni \u00fe\u00edna \u00e1 \u00f6llum svi\u00f0um: fullri sveiflu, stuttu spili o.s.frv. Lengra og n\u00e1kv\u00e6mara Hvernig \u00e1 a\u00f0 sl\u00e1 boltann lengra og [&hellip;]\" \/>\n<meta property=\"og:url\" content=\"https:\/\/gardarssongolf.com\/is\/namskeid\/\" \/>\n<meta property=\"og:site_name\" content=\"Gardarsson Golf\" \/>\n<meta property=\"article:modified_time\" content=\"2026-03-04T14:09:28+00:00\" \/>\n<meta property=\"og:image\" content=\"https:\/\/gardarssongolf.com\/wp-content\/uploads\/2026\/02\/jon-h-gardarsson-profesor-golf.webp\" \/>\n\t<meta property=\"og:image:width\" content=\"1600\" \/>\n\t<meta property=\"og:image:height\" content=\"720\" \/>\n\t<meta property=\"og:image:type\" content=\"image\/webp\" \/>\n<meta name=\"twitter:card\" content=\"summary_large_image\" \/>\n<meta name=\"twitter:label1\" content=\"Est. reading time\" \/>\n\t<meta name=\"twitter:data1\" content=\"1 minute\" \/>\n<script type=\"application\/ld+json\" class=\"yoast-schema-graph\">{\"@context\":\"https:\\\/\\\/schema.org\",\"@graph\":[{\"@type\":\"WebPage\",\"@id\":\"https:\\\/\\\/gardarssongolf.com\\\/is\\\/namskeid\\\/\",\"url\":\"https:\\\/\\\/gardarssongolf.com\\\/is\\\/namskeid\\\/\",\"name\":\"N\u00e1mskei\u00f0 - Gardarsson Golf\",\"isPartOf\":{\"@id\":\"https:\\\/\\\/gardarssongolf.com\\\/is\\\/#website\"},\"datePublished\":\"2026-02-10T11:46:02+00:00\",\"dateModified\":\"2026-03-04T14:09:28+00:00\",\"breadcrumb\":{\"@id\":\"https:\\\/\\\/gardarssongolf.com\\\/is\\\/namskeid\\\/#breadcrumb\"},\"inLanguage\":\"is\",\"potentialAction\":[{\"@type\":\"ReadAction\",\"target\":[\"https:\\\/\\\/gardarssongolf.com\\\/is\\\/namskeid\\\/\"]}]},{\"@type\":\"BreadcrumbList\",\"@id\":\"https:\\\/\\\/gardarssongolf.com\\\/is\\\/namskeid\\\/#breadcrumb\",\"itemListElement\":[{\"@type\":\"ListItem\",\"position\":1,\"name\":\"Portada\",\"item\":\"https:\\\/\\\/gardarssongolf.com\\\/is\\\/\"},{\"@type\":\"ListItem\",\"position\":2,\"name\":\"N\u00e1mskei\u00f0\"}]},{\"@type\":\"WebSite\",\"@id\":\"https:\\\/\\\/gardarssongolf.com\\\/is\\\/#website\",\"url\":\"https:\\\/\\\/gardarssongolf.com\\\/is\\\/\",\"name\":\"Gardarsson Golf\",\"description\":\"\",\"publisher\":{\"@id\":\"https:\\\/\\\/gardarssongolf.com\\\/is\\\/#organization\"},\"potentialAction\":[{\"@type\":\"SearchAction\",\"target\":{\"@type\":\"EntryPoint\",\"urlTemplate\":\"https:\\\/\\\/gardarssongolf.com\\\/is\\\/?s={search_term_string}\"},\"query-input\":{\"@type\":\"PropertyValueSpecification\",\"valueRequired\":true,\"valueName\":\"search_term_string\"}}],\"inLanguage\":\"is\"},{\"@type\":\"Organization\",\"@id\":\"https:\\\/\\\/gardarssongolf.com\\\/is\\\/#organization\",\"name\":\"Gardarsson Golf\",\"url\":\"https:\\\/\\\/gardarssongolf.com\\\/is\\\/\",\"logo\":{\"@type\":\"ImageObject\",\"inLanguage\":\"is\",\"@id\":\"https:\\\/\\\/gardarssongolf.com\\\/is\\\/#\\\/schema\\\/logo\\\/image\\\/\",\"url\":\"https:\\\/\\\/gardarssongolf.com\\\/wp-content\\\/uploads\\\/2026\\\/02\\\/cropped-gardarsson-golf-school-and-properties.webp\",\"contentUrl\":\"https:\\\/\\\/gardarssongolf.com\\\/wp-content\\\/uploads\\\/2026\\\/02\\\/cropped-gardarsson-golf-school-and-properties.webp\",\"width\":1400,\"height\":400,\"caption\":\"Gardarsson Golf\"},\"image\":{\"@id\":\"https:\\\/\\\/gardarssongolf.com\\\/is\\\/#\\\/schema\\\/logo\\\/image\\\/\"}}]}<\/script>\n<!-- \/ Yoast SEO plugin. -->","yoast_head_json":{"title":"N\u00e1mskei\u00f0 - Gardarsson Golf","robots":{"index":"index","follow":"follow","max-snippet":"max-snippet:-1","max-image-preview":"max-image-preview:large","max-video-preview":"max-video-preview:-1"},"canonical":"https:\/\/gardarssongolf.com\/is\/namskeid\/","og_locale":"is_IS","og_type":"article","og_title":"N\u00e1mskei\u00f0 - Gardarsson Golf","og_description":"N\u00e1mskei\u00f0 Golf samanstendur af fj\u00f3rum \u00fe\u00e1ttum Stutta spilid Langa spilid Andlegir \u00fe\u00e6ttir Vallastj\u00f3rnun Til a\u00f0 b\u00e6ta hvern og einn af \u00feessum \u00fe\u00e1ttum leiksins eru EFTIRFARANDI n\u00e1mskei\u00f0 \u00ed bo\u00f0i fyrir daglega \u00fej\u00e1lfun. A\u00f0eins fyrir konur B\u00e6ttu t\u00e6kni \u00fe\u00edna \u00e1 \u00f6llum svi\u00f0um: fullri sveiflu, stuttu spili o.s.frv. Lengra og n\u00e1kv\u00e6mara Hvernig \u00e1 a\u00f0 sl\u00e1 boltann lengra og [&hellip;]","og_url":"https:\/\/gardarssongolf.com\/is\/namskeid\/","og_site_name":"Gardarsson Golf","article_modified_time":"2026-03-04T14:09:28+00:00","og_image":[{"width":1600,"height":720,"url":"https:\/\/gardarssongolf.com\/wp-content\/uploads\/2026\/02\/jon-h-gardarsson-profesor-golf.webp","type":"image\/webp"}],"twitter_card":"summary_large_image","twitter_misc":{"Est. reading time":"1 minute"},"schema":{"@context":"https:\/\/schema.org","@graph":[{"@type":"WebPage","@id":"https:\/\/gardarssongolf.com\/is\/namskeid\/","url":"https:\/\/gardarssongolf.com\/is\/namskeid\/","name":"N\u00e1mskei\u00f0 - Gardarsson Golf","isPartOf":{"@id":"https:\/\/gardarssongolf.com\/is\/#website"},"datePublished":"2026-02-10T11:46:02+00:00","dateModified":"2026-03-04T14:09:28+00:00","breadcrumb":{"@id":"https:\/\/gardarssongolf.com\/is\/namskeid\/#breadcrumb"},"inLanguage":"is","potentialAction":[{"@type":"ReadAction","target":["https:\/\/gardarssongolf.com\/is\/namskeid\/"]}]},{"@type":"BreadcrumbList","@id":"https:\/\/gardarssongolf.com\/is\/namskeid\/#breadcrumb","itemListElement":[{"@type":"ListItem","position":1,"name":"Portada","item":"https:\/\/gardarssongolf.com\/is\/"},{"@type":"ListItem","position":2,"name":"N\u00e1mskei\u00f0"}]},{"@type":"WebSite","@id":"https:\/\/gardarssongolf.com\/is\/#website","url":"https:\/\/gardarssongolf.com\/is\/","name":"Gardarsson Golf","description":"","publisher":{"@id":"https:\/\/gardarssongolf.com\/is\/#organization"},"potentialAction":[{"@type":"SearchAction","target":{"@type":"EntryPoint","urlTemplate":"https:\/\/gardarssongolf.com\/is\/?s={search_term_string}"},"query-input":{"@type":"PropertyValueSpecification","valueRequired":true,"valueName":"search_term_string"}}],"inLanguage":"is"},{"@type":"Organization","@id":"https:\/\/gardarssongolf.com\/is\/#organization","name":"Gardarsson Golf","url":"https:\/\/gardarssongolf.com\/is\/","logo":{"@type":"ImageObject","inLanguage":"is","@id":"https:\/\/gardarssongolf.com\/is\/#\/schema\/logo\/image\/","url":"https:\/\/gardarssongolf.com\/wp-content\/uploads\/2026\/02\/cropped-gardarsson-golf-school-and-properties.webp","contentUrl":"https:\/\/gardarssongolf.com\/wp-content\/uploads\/2026\/02\/cropped-gardarsson-golf-school-and-properties.webp","width":1400,"height":400,"caption":"Gardarsson Golf"},"image":{"@id":"https:\/\/gardarssongolf.com\/is\/#\/schema\/logo\/image\/"}}]}},"_links":{"self":[{"href":"https:\/\/gardarssongolf.com\/is\/wp-json\/wp\/v2\/pages\/3220","targetHints":{"allow":["GET"]}}],"collection":[{"href":"https:\/\/gardarssongolf.com\/is\/wp-json\/wp\/v2\/pages"}],"about":[{"href":"https:\/\/gardarssongolf.com\/is\/wp-json\/wp\/v2\/types\/page"}],"author":[{"embeddable":true,"href":"https:\/\/gardarssongolf.com\/is\/wp-json\/wp\/v2\/users\/2"}],"replies":[{"embeddable":true,"href":"https:\/\/gardarssongolf.com\/is\/wp-json\/wp\/v2\/comments?post=3220"}],"version-history":[{"count":2,"href":"https:\/\/gardarssongolf.com\/is\/wp-json\/wp\/v2\/pages\/3220\/revisions"}],"predecessor-version":[{"id":3822,"href":"https:\/\/gardarssongolf.com\/is\/wp-json\/wp\/v2\/pages\/3220\/revisions\/3822"}],"wp:attachment":[{"href":"https:\/\/gardarssongolf.com\/is\/wp-json\/wp\/v2\/media?parent=3220"}],"curies":[{"name":"wp","href":"https:\/\/api.w.org\/{rel}","templated":true}]}}