{"id":3772,"date":"2025-03-06T14:46:09","date_gmt":"2025-03-06T13:46:09","guid":{"rendered":"https:\/\/gardarssongolf.com\/personuverndarstefna\/"},"modified":"2026-03-03T13:36:30","modified_gmt":"2026-03-03T12:36:30","slug":"personuverndarstefnuna","status":"publish","type":"page","link":"https:\/\/gardarssongolf.com\/is\/personuverndarstefnuna\/","title":{"rendered":"Pers\u00f3nuverndarstefna"},"content":{"rendered":"\n<p>Eigandinn uppl\u00fdsir \u00feig um pers\u00f3nuverndarstefnu s\u00edna var\u00f0andi vinnslu og vernd pers\u00f3nuuppl\u00fdsinga notenda sem kunna a\u00f0 vera safna\u00f0 vi\u00f0 vafra um vefs\u00ed\u00f0una: https:\/\/gardarssongolf.com\/<\/p>\n\n\n\n<p>\u00cd \u00feessu sambandi \u00e1byrgist eigandinn a\u00f0 fari\u00f0 s\u00e9 a\u00f0 gildandi reglum um vernd pers\u00f3nuuppl\u00fdsinga, eins og fram kemur \u00ed l\u00edfr\u00e6num l\u00f6gum 3\/2018 fr\u00e1 5. desember um vernd pers\u00f3nuuppl\u00fdsinga og \u00e1byrg\u00f0 stafr\u00e6nna r\u00e9ttinda (LOPD GDD). \u00dea\u00f0 er einnig \u00ed samr\u00e6mi vi\u00f0 regluger\u00f0 (ESB) 2016\/679 Evr\u00f3pu\u00feingsins og r\u00e1\u00f0sins fr\u00e1 27. apr\u00edl 2016 um vernd einstaklinga (GDPR).<\/p>\n\n\n\n<p>Notkun vefs\u00ed\u00f0unnar felur \u00ed s\u00e9r sam\u00feykki \u00feessarar pers\u00f3nuverndarstefnu sem og skilyr\u00f0a sem fram koma \u00ed lagalegri tilkynningu.<\/p>\n\n\n\n<h2 class=\"wp-block-heading\">Au\u00f0kenni gagna\u00e1byrg\u00f0ara\u00f0ila<\/h2>\n\n\n\n<ul class=\"wp-block-list\">\n<li><strong>\u00c1byrg\u00f0ara\u00f0ili gagna:<\/strong>&nbsp; Uliana Petrus.<\/li>\n\n\n\n<li><strong>Skattn\u00famer:<\/strong>&nbsp;X4174928Z<\/li>\n\n\n\n<li><strong>Heimilisfang:<\/strong>&nbsp; San Javier, 30720, Murcia &#8211; Espa\u00f1a.<\/li>\n\n\n\n<li><strong>Netfang:<\/strong>&nbsp; info@gardarssongolf.com<\/li>\n\n\n\n<li><strong>Vefs\u00ed\u00f0a:<\/strong>&nbsp;&nbsp;<a href=\"https:\/\/gardarssongolf.com\/is\/\">https:\/\/gardarssongolf.com\/<\/a><\/li>\n<\/ul>\n\n\n\n<h2 class=\"wp-block-heading\">Meginreglur sem nota\u00f0ar eru \u00ed gagnavinnslu<\/h2>\n\n\n\n<p>Vi\u00f0 vinnslu pers\u00f3nuuppl\u00fdsinga \u00feinna mun \u00e1byrg\u00f0ara\u00f0ili gagna beita eftirfarandi meginreglum sem eru \u00ed samr\u00e6mi vi\u00f0 kr\u00f6fur n\u00fdrrar evr\u00f3psku regluger\u00f0ar um gagnavernd (GDPR):<\/p>\n\n\n\n<ul class=\"wp-block-list\">\n<li>Meginregla um l\u00f6gm\u00e6ti, sanngirni og gagns\u00e6i: Eigandi mun alltaf krefjast sam\u00feykkis fyrir vinnslu pers\u00f3nuuppl\u00fdsinga, sem getur veri\u00f0 \u00ed einum e\u00f0a fleiri tilteknum tilgangi sem eigandi mun uppl\u00fdsa notandann um fyrirfram me\u00f0 fullkomnu gagns\u00e6i.<\/li>\n\n\n\n<li>Meginregla um l\u00e1gm\u00f6rkun gagna: Eigandi mun a\u00f0eins \u00f3ska \u200b\u200beftir \u00feeim g\u00f6gnum sem eru stranglega nau\u00f0synleg \u00ed \u00feeim tilgangi e\u00f0a tilgangum sem \u00feau eru be\u00f0in um.<\/li>\n\n\n\n<li>Meginregla um takm\u00f6rkun var\u00f0veislut\u00edma: \u00c1byrg\u00f0ara\u00f0ili gagna geymir pers\u00f3nuuppl\u00fdsingar sem safna\u00f0 er a\u00f0eins eins lengi og nau\u00f0synlegt er mi\u00f0a\u00f0 vi\u00f0 tilgang vinnslunnar. \u00c1byrg\u00f0ara\u00f0ili gagna mun uppl\u00fdsa notandann um samsvarandi var\u00f0veislut\u00edma \u00ed samr\u00e6mi vi\u00f0 tilganginn.<br>Ef um \u00e1skriftir er a\u00f0 r\u00e6\u00f0a mun \u00e1byrg\u00f0ara\u00f0ili gagna reglulega fara yfir listana og ey\u00f0a \u00f6llum f\u00e6rslum sem hafa veri\u00f0 \u00f3virkar \u00ed t\u00f6luver\u00f0an t\u00edma.<\/li>\n\n\n\n<li>Meginregla um hei\u00f0arleika og tr\u00fana\u00f0: Pers\u00f3nuuppl\u00fdsingar sem safna\u00f0 er ver\u00f0a unnar \u00e1 \u00feann h\u00e1tt a\u00f0 \u00f6ryggi \u00feeirra, tr\u00fana\u00f0ur og hei\u00f0arleiki s\u00e9u trygg\u00f0ir.<br>\u00c1byrg\u00f0ara\u00f0ili gagna gr\u00edpur til nau\u00f0synlegra var\u00fa\u00f0arr\u00e1\u00f0stafana til a\u00f0 koma \u00ed veg fyrir \u00f3heimilan a\u00f0gang a\u00f0 e\u00f0a misnotkun \u00e1 notendag\u00f6gnum af h\u00e1lfu \u00feri\u00f0ja a\u00f0ila.<\/li>\n<\/ul>\n\n\n\n<h2 class=\"wp-block-heading\">A\u00f0 afla pers\u00f3nuuppl\u00fdsinga<\/h2>\n\n\n\n<p>\u00de\u00fa \u00fearft ekki a\u00f0 gefa upp neinar pers\u00f3nuuppl\u00fdsingar til a\u00f0 sko\u00f0a vefs\u00ed\u00f0una.<\/p>\n\n\n\n<h2 class=\"wp-block-heading\">R\u00e9ttindi<\/h2>\n\n\n\n<p>\u00c1byrg\u00f0ara\u00f0ili gagna uppl\u00fdsir \u00feig um a\u00f0 \u00fe\u00fa hafir eftirfarandi r\u00e9ttindi var\u00f0andi pers\u00f3nuuppl\u00fdsingar \u00fe\u00ednar:<\/p>\n\n\n\n<ul class=\"wp-block-list\">\n<li>\u00d3ska eftir a\u00f0gangi a\u00f0 geymdum g\u00f6gnum.<\/li>\n\n\n\n<li>\u00d3ska eftir lei\u00f0r\u00e9ttingu e\u00f0a ey\u00f0ingu.<\/li>\n\n\n\n<li>\u00d3ska eftir takm\u00f6rkun \u00e1 me\u00f0fer\u00f0 \u00feinni.<\/li>\n\n\n\n<li>A\u00f0 andm\u00e6la me\u00f0fer\u00f0inni.<\/li>\n<\/ul>\n\n\n\n<p>\u00de\u00fa getur ekki n\u00fdtt \u00fe\u00e9r r\u00e9ttinn til gagnaflutnings.<\/p>\n\n\n\n<p>N\u00fdting \u00feessara r\u00e9ttinda er pers\u00f3nuleg og \u00fev\u00ed ver\u00f0ur a\u00f0 vera framkv\u00e6md beint af vi\u00f0komandi a\u00f0ila me\u00f0 \u00fev\u00ed a\u00f0 \u00f3ska \u200b\u200beftir \u00feeim beint fr\u00e1 eiganda, sem \u00fe\u00fd\u00f0ir a\u00f0 hver vi\u00f0skiptavinur, \u00e1skrifandi e\u00f0a samstarfsa\u00f0ili sem hefur gefi\u00f0 upp g\u00f6gn s\u00edn hven\u00e6r sem er getur haft samband vi\u00f0 eiganda og \u00f3ska\u00f0 eftir uppl\u00fdsingum um g\u00f6gnin sem hann hefur geymt og hvernig hann f\u00e9kk \u00feau, \u00f3ska\u00f0 eftir lei\u00f0r\u00e9ttingu \u00feeirra, andm\u00e6lt vinnslunni, takmarka\u00f0 notkun \u00feeirra e\u00f0a \u00f3ska\u00f0 eftir ey\u00f0ingu \u00feessara gagna \u00far skr\u00e1m eiganda.<\/p>\n\n\n\n<p>Til a\u00f0 n\u00fdta r\u00e9ttindi \u00fe\u00edn ver\u00f0ur \u00fe\u00fa a\u00f0 senda bei\u00f0ni \u00fe\u00edna \u00e1samt lj\u00f3sriti af \u00fej\u00f3\u00f0ernisskilr\u00edkjum \u00fe\u00ednum e\u00f0a samb\u00e6rilegu skjali \u00e1 eftirfarandi netfang: info@gardarssongolf.com<\/p>\n\n\n\n<p>N\u00fdting \u00feessara r\u00e9ttinda n\u00e6r ekki til neinna gagna sem handhafi er skyldugur til a\u00f0 geyma \u00ed stj\u00f3rns\u00fdslu-, lagalegum e\u00f0a \u00f6ryggistilgangi.<\/p>\n\n\n\n<p>\u00de\u00fa \u00e1tt r\u00e9tt \u00e1 virkri r\u00e9ttarvernd og til a\u00f0 leggja fram kv\u00f6rtun til eftirlitsyfirvalds, \u00ed \u00feessu tilviki Pers\u00f3nuverndarstofnunar Sp\u00e1nar, ef \u00fe\u00fa telur a\u00f0 vinnsla pers\u00f3nuuppl\u00fdsinga sem var\u00f0a \u00feig brj\u00f3ti \u00ed b\u00e1ga vi\u00f0 regluger\u00f0ina.<\/p>\n\n\n\n<h2 class=\"wp-block-heading\" id=\"finalidad-del-tratamiento-de-datos-personales\">Tilgangur vinnslu pers\u00f3nuuppl\u00fdsinga<\/h2>\n\n\n\n<p>\u00deegar \u00fe\u00fa tengist vefs\u00ed\u00f0unni til a\u00f0 senda eiganda t\u00f6lvup\u00f3st e\u00f0a gerast \u00e1skrifandi a\u00f0 fr\u00e9ttabr\u00e9fi \u00feeirra, \u00fe\u00e1 gefur \u00fe\u00fa upp pers\u00f3nuuppl\u00fdsingar sem eigandinn ber \u00e1byrg\u00f0 \u00e1. \u00deessar uppl\u00fdsingar geta innihaldi\u00f0 pers\u00f3nuuppl\u00fdsingar eins og IP-t\u00f6lu \u00fe\u00edna, nafn og eftirnafn, heimilisfang, netfang, s\u00edman\u00famer og a\u00f0rar uppl\u00fdsingar. Me\u00f0 \u00fev\u00ed a\u00f0 veita \u00feessar uppl\u00fdsingar sam\u00feykkir \u00fe\u00fa a\u00f0 uppl\u00fdsingar \u00fe\u00ednar s\u00e9u safna\u00f0ar, nota\u00f0ar, stj\u00f3rna\u00f0ar og geymdar af Gardarsson Golf School and Properties eing\u00f6ngu eins og l\u00fdst er \u00e1 eftirfarandi s\u00ed\u00f0um:<\/p>\n\n\n\n<ul class=\"wp-block-list\">\n<li><a href=\"\/is\/logleg-tilkynning\/\">L\u00f6gleg tilkynning<\/a><\/li>\n\n\n\n<li><a href=\"\/is\/personuverndarstefnuna\/\">Pers\u00f3nuverndarstefna<\/a><\/li>\n<\/ul>\n\n\n\n<p>Pers\u00f3nuuppl\u00fdsingarnar og tilgangur vinnslu \u00feeirra af h\u00e1lfu \u00e1byrg\u00f0ara\u00f0ila er mismunandi eftir \u00fev\u00ed hva\u00f0a uppl\u00fdsinga\u00f6flunarkerfi er nota\u00f0:<\/p>\n\n\n\n<ul class=\"wp-block-list\">\n<li><\/li>\n<\/ul>\n\n\n\n<p>\u00c1byrg\u00f0ara\u00f0ili gagna vinnur pers\u00f3nuuppl\u00fdsingar \u00ed \u00f6\u00f0rum tilgangi:<\/p>\n\n\n\n<ul class=\"wp-block-list\">\n<li>Til a\u00f0 tryggja a\u00f0 fari\u00f0 s\u00e9 a\u00f0 skilm\u00e1lum sem fram koma \u00ed lagalegum fyrirm\u00e6lum og gildandi l\u00f6gum. \u00deetta getur fali\u00f0 \u00ed s\u00e9r \u00fer\u00f3un verkf\u00e6ra og reiknirita sem hj\u00e1lpa vefs\u00ed\u00f0unni a\u00f0 tryggja tr\u00fana\u00f0 pers\u00f3nuuppl\u00fdsinga sem h\u00fan safnar.<\/li>\n\n\n\n<li>Til a\u00f0 sty\u00f0ja vi\u00f0 og b\u00e6ta \u00fej\u00f3nustuna sem \u00feessi vefs\u00ed\u00f0a b\u00fd\u00f0ur upp \u00e1.<\/li>\n\n\n\n<li>Til a\u00f0 greina notendalei\u00f0s\u00f6gn. Eigandinn safnar \u00f6\u00f0rum \u00f3pers\u00f3nugreinanlegum g\u00f6gnum sem afla\u00f0 er me\u00f0 notkun vafrak\u00f6kna sem eru s\u00f3ttar \u00e1 t\u00f6lvu notandans \u00feegar hann vafrar um vefs\u00ed\u00f0una, en einkenni og tilgangur \u00feeirra er n\u00e1nar l\u00fdst \u00e1 s\u00ed\u00f0unni\u00a0<a href=\"\/is\/vafrakokustefna\/\">um vafrak\u00f6kustefnu<\/a>\u00a0.<\/li>\n<\/ul>\n\n\n\n<h2 class=\"wp-block-heading\">\u00d6ryggi pers\u00f3nuuppl\u00fdsinga<\/h2>\n\n\n\n<p>Til a\u00f0 vernda pers\u00f3nuuppl\u00fdsingar \u00fe\u00ednar gr\u00edpur eigandinn til allra e\u00f0lilegra var\u00fa\u00f0arr\u00e1\u00f0stafana og fylgir bestu starfsvenjum \u00ed greininni til a\u00f0 koma \u00ed veg fyrir tap, misnotkun, \u00f3heimilan a\u00f0gang, upplj\u00f3strun, breytingu e\u00f0a ey\u00f0ingu \u00feeirra.<\/p>\n\n\n\n<p>G\u00f6gnum \u00fe\u00ednum kann a\u00f0 vera b\u00e6tt vi\u00f0 p\u00f3stlistaskr\u00e1 sem \u00e1byrg\u00f0ara\u00f0ili gagna ber \u00e1byrg\u00f0 \u00e1 a\u00f0 stj\u00f3rna og vinna \u00far. \u00d6ryggi gagna \u00feinna er tryggt \u00fear sem \u00e1byrg\u00f0ara\u00f0ili gagna gr\u00edpur til allra nau\u00f0synlegra \u00f6ryggisr\u00e1\u00f0stafana og tryggir a\u00f0 pers\u00f3nuuppl\u00fdsingar ver\u00f0i eing\u00f6ngu nota\u00f0ar \u00ed tilgreindum tilgangi.<\/p>\n\n\n\n<p>\u00c1byrg\u00f0ara\u00f0ili gagna uppl\u00fdsir notandann um a\u00f0 pers\u00f3nuuppl\u00fdsingar hans ver\u00f0i ekki afhentar \u00feri\u00f0ja a\u00f0ila, nema \u00feegar sl\u00edk flutningur er krafist samkv\u00e6mt l\u00f6gum e\u00f0a \u00feegar veiting \u00fej\u00f3nustu krefst samningsbundins sambands vi\u00f0 gagnavinnslua\u00f0ila. \u00cd s\u00ed\u00f0arnefnda tilvikinu ver\u00f0a g\u00f6gn a\u00f0eins afhent \u00feri\u00f0ja a\u00f0ila \u00feegar \u00e1byrg\u00f0ara\u00f0ili gagna hefur fengi\u00f0 sk\u00fdrt sam\u00feykki notandans.<\/p>\n\n\n\n<p>\u00cd sumum tilfellum getur \u00fe\u00f3 veri\u00f0 nau\u00f0synlegt a\u00f0 hafa samstarf vi\u00f0 a\u00f0ra faga\u00f0ila. \u00cd sl\u00edkum tilfellum \u00fearf sam\u00feykki notandans og honum ver\u00f0ur tilkynnt hver samstarfsa\u00f0ilinn er og tilgangur samstarfsins. \u00d6ll samstarf mun fylgja str\u00f6ngustu \u00f6ryggisst\u00f6\u00f0lum.<\/p>\n\n\n\n<h2 class=\"wp-block-heading\">Efni af \u00f6\u00f0rum vefs\u00ed\u00f0um<\/h2>\n\n\n\n<p>S\u00ed\u00f0ur \u00e1 \u00feessari vefs\u00ed\u00f0u geta innihaldi\u00f0 innbyggt efni (t.d. myndb\u00f6nd, myndir, greinar o.s.frv.). Innbyggt efni af \u00f6\u00f0rum vefs\u00ed\u00f0um heg\u00f0ar s\u00e9r \u00e1 n\u00e1kv\u00e6mlega sama h\u00e1tt og ef \u00fe\u00fa hef\u00f0ir heims\u00f3tt hina vefs\u00ed\u00f0una.<\/p>\n\n\n\n<p>\u00deessar vefs\u00ed\u00f0ur kunna a\u00f0 safna g\u00f6gnum um \u00feig, nota vafrak\u00f6kur, fella inn vi\u00f0b\u00f3tar rakningark\u00f3\u00f0a fr\u00e1 \u00feri\u00f0ja a\u00f0ila og fylgjast me\u00f0 samskiptum \u00fe\u00ednum me\u00f0 \u00feessum k\u00f3\u00f0a.<\/p>\n\n\n\n<h2 class=\"wp-block-heading\">Vafrak\u00f6kustefna<\/h2>\n\n\n\n<p>\u00deessi vefs\u00ed\u00f0a \u00fearf a\u00f0 nota vafrak\u00f6kur, sem eru uppl\u00fdsingar sem geymdar eru \u00ed vafranum \u00fe\u00ednum, til a\u00f0 virka r\u00e9tt.<\/p>\n\n\n\n<p>\u00de\u00fa getur fundi\u00f0 allar uppl\u00fdsingar var\u00f0andi stefnuna um s\u00f6fnun og vinnslu vafrak\u00f6kur \u00e1 s\u00ed\u00f0unni\u00a0<a href=\"\/is\/vafrakokustefna\/\">um vafrak\u00f6kustefnu<\/a>\u00a0.<\/p>\n\n\n\n<h2 class=\"wp-block-heading\">Lagalegur grundv\u00f6llur fyrir gagnavinnslu<\/h2>\n\n\n\n<p>Lagalegur grundv\u00f6llur fyrir vinnslu gagna \u00feinna er:<\/p>\n\n\n\n<ul class=\"wp-block-list\">\n<li>Sam\u00feykki hagsmunaa\u00f0ila.<\/li>\n<\/ul>\n\n\n\n<h2 class=\"wp-block-heading\">Flokkar pers\u00f3nuuppl\u00fdsinga<\/h2>\n\n\n\n<p>Flokkar pers\u00f3nuuppl\u00fdsinga sem \u00e1byrg\u00f0ara\u00f0ili vinnur me\u00f0 eru:<\/p>\n\n\n\n<ul class=\"wp-block-list\">\n<li>A\u00f0 bera kennsl \u00e1 g\u00f6gn.<\/li>\n\n\n\n<li>\u00deetta eru ekki s\u00e9rstaklega vernda\u00f0ir gagnaflokkar.<\/li>\n<\/ul>\n\n\n\n<h2 class=\"wp-block-heading\">Var\u00f0veisla pers\u00f3nuuppl\u00fdsinga<\/h2>\n\n\n\n<p>Pers\u00f3nuuppl\u00fdsingar sem eiganda eru veittar ver\u00f0a geymdar \u00fear til \u00fe\u00fa \u00f3skar eftir ey\u00f0ingu \u00feeirra.<\/p>\n\n\n\n<ul class=\"wp-block-list\">\n<li><\/li>\n<\/ul>\n\n\n\n<h2 class=\"wp-block-heading\">Veflei\u00f0s\u00f6gn<\/h2>\n\n\n\n<p>\u00deegar \u00fe\u00fa vafrar um vefs\u00ed\u00f0una geta \u00f3pers\u00f3nugreinanlegar uppl\u00fdsingar veri\u00f0 safna\u00f0, \u00fear \u00e1 me\u00f0al IP-t\u00f6lu, landfr\u00e6\u00f0ilega sta\u00f0setningu, skr\u00e1 yfir notkun \u00fej\u00f3nustu og vefs\u00ed\u00f0na, vafravenjur og a\u00f0rar uppl\u00fdsingar sem ekki er h\u00e6gt a\u00f0 nota til a\u00f0 bera kennsl \u00e1 \u00feig.<\/p>\n\n\n\n<p>Vefs\u00ed\u00f0an notar eftirfarandi greiningar\u00fej\u00f3nustu fr\u00e1 \u00feri\u00f0ja a\u00f0ila:<\/p>\n\n\n\n<ul class=\"wp-block-list\">\n<li><\/li>\n<\/ul>\n\n\n\n<p>Eigandinn notar uppl\u00fdsingarnar sem afla\u00f0 er til a\u00f0 safna t\u00f6lfr\u00e6\u00f0ilegum g\u00f6gnum, greina \u00fer\u00f3un, stj\u00f3rna vefs\u00ed\u00f0unni, rannsaka vafravenjur og safna l\u00fd\u00f0fr\u00e6\u00f0ilegum uppl\u00fdsingum.<\/p>\n\n\n\n<p>Eigandinn ber ekki \u00e1byrg\u00f0 \u00e1 vinnslu pers\u00f3nuuppl\u00fdsinga sem framkv\u00e6md er af vefs\u00ed\u00f0um sem \u00fe\u00fa g\u00e6tir n\u00e1lgast \u00ed gegnum \u00fdmsa tengla sem eru \u00e1 vefs\u00ed\u00f0unni.<\/p>\n\n\n\n<h2 class=\"wp-block-heading\">R\u00e9ttm\u00e6ti og sannleiksgildi pers\u00f3nuuppl\u00fdsinga<\/h2>\n\n\n\n<p>\u00de\u00fa sam\u00feykkir a\u00f0 g\u00f6gnin sem eiganda eru veitt s\u00e9u r\u00e9tt, t\u00e6mandi, n\u00e1kv\u00e6m og uppf\u00e6r\u00f0 og a\u00f0 halda \u00feeim r\u00e9tt uppf\u00e6r\u00f0um.<\/p>\n\n\n\n<p>Sem notandi vefs\u00ed\u00f0unnar ber\u00f0 \u00fe\u00fa eing\u00f6ngu \u00e1byrg\u00f0 \u00e1 sannleiksgildi og n\u00e1kv\u00e6mni uppl\u00fdsinganna sem sendar eru inn \u00e1 vefs\u00ed\u00f0una og s\u00fdknar \u00feannig eigandann af allri \u00e1byrg\u00f0 \u00ed \u00feessu sambandi.<\/p>\n\n\n\n<h2 class=\"wp-block-heading\">Sam\u00feykki og sam\u00feykki<\/h2>\n\n\n\n<p>Sem notandi vefs\u00ed\u00f0unnar l\u00fdsir \u00fe\u00fa \u00fev\u00ed yfir a\u00f0 \u00fe\u00fa hafir veri\u00f0 uppl\u00fdstur um skilyr\u00f0i var\u00f0andi vernd pers\u00f3nuuppl\u00fdsinga og a\u00f0 \u00fe\u00fa sam\u00feykkir og sam\u00feykkir a\u00f0 eigandi vinni me\u00f0 \u00feessar uppl\u00fdsingar \u00e1 \u00feann h\u00e1tt og \u00ed \u00feeim tilgangi sem tilgreindur er \u00ed \u00feessari pers\u00f3nuverndarstefnu.<\/p>\n\n\n\n<p>Til a\u00f0 hafa samband vi\u00f0 eigandann, gerast \u00e1skrifandi a\u00f0 fr\u00e9ttabr\u00e9fi e\u00f0a gera athugasemdir \u00e1 \u00feessari vefs\u00ed\u00f0u ver\u00f0ur \u00fe\u00fa a\u00f0 sam\u00feykkja \u00feessa pers\u00f3nuverndarstefnu.<\/p>\n\n\n\n<h2 class=\"wp-block-heading\">Breytingar \u00e1 pers\u00f3nuverndarstefnu<\/h2>\n\n\n\n<p>Eigandi \u00e1skilur s\u00e9r r\u00e9tt til a\u00f0 breyta \u00feessari pers\u00f3nuverndarstefnu til a\u00f0 laga hana a\u00f0 n\u00fdjum l\u00f6gum e\u00f0a d\u00f3maframkv\u00e6md, sem og starfsh\u00e1ttum \u00ed greininni.<\/p>\n\n\n\n<p>\u00deessar reglur halda gildi s\u00ednu \u00fear til \u00fe\u00e6r eru breyttar me\u00f0 \u00f6\u00f0rum birtum reglum.<\/p>\n","protected":false},"excerpt":{"rendered":"<p>Eigandinn uppl\u00fdsir \u00feig um pers\u00f3nuverndarstefnu s\u00edna var\u00f0andi vinnslu og vernd pers\u00f3nuuppl\u00fdsinga notenda sem kunna a\u00f0 vera safna\u00f0 vi\u00f0 vafra um vefs\u00ed\u00f0una: https:\/\/gardarssongolf.com\/ \u00cd \u00feessu sambandi \u00e1byrgist eigandinn a\u00f0 fari\u00f0 s\u00e9 a\u00f0 gildandi reglum um vernd pers\u00f3nuuppl\u00fdsinga, eins og fram kemur \u00ed l\u00edfr\u00e6num l\u00f6gum 3\/2018 fr\u00e1 5. desember um vernd pers\u00f3nuuppl\u00fdsinga og \u00e1byrg\u00f0 stafr\u00e6nna r\u00e9ttinda (LOPD [&hellip;]<\/p>\n","protected":false},"author":2,"featured_media":0,"parent":0,"menu_order":0,"comment_status":"closed","ping_status":"closed","template":"","meta":{"footnotes":""},"class_list":["post-3772","page","type-page","status-publish","hentry"],"yoast_head":"<!-- This site is optimized with the Yoast SEO plugin v27.5 - https:\/\/yoast.com\/product\/yoast-seo-wordpress\/ -->\n<title>Pers\u00f3nuverndarstefna - Gardarsson Golf<\/title>\n<meta name=\"robots\" content=\"noindex, follow\" \/>\n<meta property=\"og:locale\" content=\"is_IS\" \/>\n<meta property=\"og:type\" content=\"article\" \/>\n<meta property=\"og:title\" content=\"Pers\u00f3nuverndarstefna - Gardarsson Golf\" \/>\n<meta property=\"og:description\" content=\"Eigandinn uppl\u00fdsir \u00feig um pers\u00f3nuverndarstefnu s\u00edna var\u00f0andi vinnslu og vernd pers\u00f3nuuppl\u00fdsinga notenda sem kunna a\u00f0 vera safna\u00f0 vi\u00f0 vafra um vefs\u00ed\u00f0una: https:\/\/gardarssongolf.com\/ \u00cd \u00feessu sambandi \u00e1byrgist eigandinn a\u00f0 fari\u00f0 s\u00e9 a\u00f0 gildandi reglum um vernd pers\u00f3nuuppl\u00fdsinga, eins og fram kemur \u00ed l\u00edfr\u00e6num l\u00f6gum 3\/2018 fr\u00e1 5. desember um vernd pers\u00f3nuuppl\u00fdsinga og \u00e1byrg\u00f0 stafr\u00e6nna r\u00e9ttinda (LOPD [&hellip;]\" \/>\n<meta property=\"og:url\" content=\"https:\/\/gardarssongolf.com\/is\/personuverndarstefnuna\/\" \/>\n<meta property=\"og:site_name\" content=\"Gardarsson Golf\" \/>\n<meta property=\"article:modified_time\" content=\"2026-03-03T12:36:30+00:00\" \/>\n<meta property=\"og:image\" content=\"https:\/\/gardarssongolf.com\/wp-content\/uploads\/2026\/02\/jon-h-gardarsson-profesor-golf.webp\" \/>\n\t<meta property=\"og:image:width\" content=\"1600\" \/>\n\t<meta property=\"og:image:height\" content=\"720\" \/>\n\t<meta property=\"og:image:type\" content=\"image\/webp\" \/>\n<meta name=\"twitter:card\" content=\"summary_large_image\" \/>\n<meta name=\"twitter:label1\" content=\"Est. reading time\" \/>\n\t<meta name=\"twitter:data1\" content=\"6 minutes\" \/>\n<script type=\"application\/ld+json\" class=\"yoast-schema-graph\">{\"@context\":\"https:\\\/\\\/schema.org\",\"@graph\":[{\"@type\":\"WebPage\",\"@id\":\"https:\\\/\\\/gardarssongolf.com\\\/is\\\/personuverndarstefnuna\\\/\",\"url\":\"https:\\\/\\\/gardarssongolf.com\\\/is\\\/personuverndarstefnuna\\\/\",\"name\":\"Pers\u00f3nuverndarstefna - Gardarsson Golf\",\"isPartOf\":{\"@id\":\"https:\\\/\\\/gardarssongolf.com\\\/is\\\/#website\"},\"datePublished\":\"2025-03-06T13:46:09+00:00\",\"dateModified\":\"2026-03-03T12:36:30+00:00\",\"breadcrumb\":{\"@id\":\"https:\\\/\\\/gardarssongolf.com\\\/is\\\/personuverndarstefnuna\\\/#breadcrumb\"},\"inLanguage\":\"is\",\"potentialAction\":[{\"@type\":\"ReadAction\",\"target\":[\"https:\\\/\\\/gardarssongolf.com\\\/is\\\/personuverndarstefnuna\\\/\"]}]},{\"@type\":\"BreadcrumbList\",\"@id\":\"https:\\\/\\\/gardarssongolf.com\\\/is\\\/personuverndarstefnuna\\\/#breadcrumb\",\"itemListElement\":[{\"@type\":\"ListItem\",\"position\":1,\"name\":\"Portada\",\"item\":\"https:\\\/\\\/gardarssongolf.com\\\/is\\\/\"},{\"@type\":\"ListItem\",\"position\":2,\"name\":\"Pers\u00f3nuverndarstefna\"}]},{\"@type\":\"WebSite\",\"@id\":\"https:\\\/\\\/gardarssongolf.com\\\/is\\\/#website\",\"url\":\"https:\\\/\\\/gardarssongolf.com\\\/is\\\/\",\"name\":\"Gardarsson Golf\",\"description\":\"\",\"publisher\":{\"@id\":\"https:\\\/\\\/gardarssongolf.com\\\/is\\\/#organization\"},\"potentialAction\":[{\"@type\":\"SearchAction\",\"target\":{\"@type\":\"EntryPoint\",\"urlTemplate\":\"https:\\\/\\\/gardarssongolf.com\\\/is\\\/?s={search_term_string}\"},\"query-input\":{\"@type\":\"PropertyValueSpecification\",\"valueRequired\":true,\"valueName\":\"search_term_string\"}}],\"inLanguage\":\"is\"},{\"@type\":\"Organization\",\"@id\":\"https:\\\/\\\/gardarssongolf.com\\\/is\\\/#organization\",\"name\":\"Gardarsson Golf\",\"url\":\"https:\\\/\\\/gardarssongolf.com\\\/is\\\/\",\"logo\":{\"@type\":\"ImageObject\",\"inLanguage\":\"is\",\"@id\":\"https:\\\/\\\/gardarssongolf.com\\\/is\\\/#\\\/schema\\\/logo\\\/image\\\/\",\"url\":\"https:\\\/\\\/gardarssongolf.com\\\/wp-content\\\/uploads\\\/2026\\\/02\\\/cropped-gardarsson-golf-school-and-properties.webp\",\"contentUrl\":\"https:\\\/\\\/gardarssongolf.com\\\/wp-content\\\/uploads\\\/2026\\\/02\\\/cropped-gardarsson-golf-school-and-properties.webp\",\"width\":1400,\"height\":400,\"caption\":\"Gardarsson Golf\"},\"image\":{\"@id\":\"https:\\\/\\\/gardarssongolf.com\\\/is\\\/#\\\/schema\\\/logo\\\/image\\\/\"}}]}<\/script>\n<!-- \/ Yoast SEO plugin. -->","yoast_head_json":{"title":"Pers\u00f3nuverndarstefna - Gardarsson Golf","robots":{"index":"noindex","follow":"follow"},"og_locale":"is_IS","og_type":"article","og_title":"Pers\u00f3nuverndarstefna - Gardarsson Golf","og_description":"Eigandinn uppl\u00fdsir \u00feig um pers\u00f3nuverndarstefnu s\u00edna var\u00f0andi vinnslu og vernd pers\u00f3nuuppl\u00fdsinga notenda sem kunna a\u00f0 vera safna\u00f0 vi\u00f0 vafra um vefs\u00ed\u00f0una: https:\/\/gardarssongolf.com\/ \u00cd \u00feessu sambandi \u00e1byrgist eigandinn a\u00f0 fari\u00f0 s\u00e9 a\u00f0 gildandi reglum um vernd pers\u00f3nuuppl\u00fdsinga, eins og fram kemur \u00ed l\u00edfr\u00e6num l\u00f6gum 3\/2018 fr\u00e1 5. desember um vernd pers\u00f3nuuppl\u00fdsinga og \u00e1byrg\u00f0 stafr\u00e6nna r\u00e9ttinda (LOPD [&hellip;]","og_url":"https:\/\/gardarssongolf.com\/is\/personuverndarstefnuna\/","og_site_name":"Gardarsson Golf","article_modified_time":"2026-03-03T12:36:30+00:00","og_image":[{"width":1600,"height":720,"url":"https:\/\/gardarssongolf.com\/wp-content\/uploads\/2026\/02\/jon-h-gardarsson-profesor-golf.webp","type":"image\/webp"}],"twitter_card":"summary_large_image","twitter_misc":{"Est. reading time":"6 minutes"},"schema":{"@context":"https:\/\/schema.org","@graph":[{"@type":"WebPage","@id":"https:\/\/gardarssongolf.com\/is\/personuverndarstefnuna\/","url":"https:\/\/gardarssongolf.com\/is\/personuverndarstefnuna\/","name":"Pers\u00f3nuverndarstefna - Gardarsson Golf","isPartOf":{"@id":"https:\/\/gardarssongolf.com\/is\/#website"},"datePublished":"2025-03-06T13:46:09+00:00","dateModified":"2026-03-03T12:36:30+00:00","breadcrumb":{"@id":"https:\/\/gardarssongolf.com\/is\/personuverndarstefnuna\/#breadcrumb"},"inLanguage":"is","potentialAction":[{"@type":"ReadAction","target":["https:\/\/gardarssongolf.com\/is\/personuverndarstefnuna\/"]}]},{"@type":"BreadcrumbList","@id":"https:\/\/gardarssongolf.com\/is\/personuverndarstefnuna\/#breadcrumb","itemListElement":[{"@type":"ListItem","position":1,"name":"Portada","item":"https:\/\/gardarssongolf.com\/is\/"},{"@type":"ListItem","position":2,"name":"Pers\u00f3nuverndarstefna"}]},{"@type":"WebSite","@id":"https:\/\/gardarssongolf.com\/is\/#website","url":"https:\/\/gardarssongolf.com\/is\/","name":"Gardarsson Golf","description":"","publisher":{"@id":"https:\/\/gardarssongolf.com\/is\/#organization"},"potentialAction":[{"@type":"SearchAction","target":{"@type":"EntryPoint","urlTemplate":"https:\/\/gardarssongolf.com\/is\/?s={search_term_string}"},"query-input":{"@type":"PropertyValueSpecification","valueRequired":true,"valueName":"search_term_string"}}],"inLanguage":"is"},{"@type":"Organization","@id":"https:\/\/gardarssongolf.com\/is\/#organization","name":"Gardarsson Golf","url":"https:\/\/gardarssongolf.com\/is\/","logo":{"@type":"ImageObject","inLanguage":"is","@id":"https:\/\/gardarssongolf.com\/is\/#\/schema\/logo\/image\/","url":"https:\/\/gardarssongolf.com\/wp-content\/uploads\/2026\/02\/cropped-gardarsson-golf-school-and-properties.webp","contentUrl":"https:\/\/gardarssongolf.com\/wp-content\/uploads\/2026\/02\/cropped-gardarsson-golf-school-and-properties.webp","width":1400,"height":400,"caption":"Gardarsson Golf"},"image":{"@id":"https:\/\/gardarssongolf.com\/is\/#\/schema\/logo\/image\/"}}]}},"_links":{"self":[{"href":"https:\/\/gardarssongolf.com\/is\/wp-json\/wp\/v2\/pages\/3772","targetHints":{"allow":["GET"]}}],"collection":[{"href":"https:\/\/gardarssongolf.com\/is\/wp-json\/wp\/v2\/pages"}],"about":[{"href":"https:\/\/gardarssongolf.com\/is\/wp-json\/wp\/v2\/types\/page"}],"author":[{"embeddable":true,"href":"https:\/\/gardarssongolf.com\/is\/wp-json\/wp\/v2\/users\/2"}],"replies":[{"embeddable":true,"href":"https:\/\/gardarssongolf.com\/is\/wp-json\/wp\/v2\/comments?post=3772"}],"version-history":[{"count":3,"href":"https:\/\/gardarssongolf.com\/is\/wp-json\/wp\/v2\/pages\/3772\/revisions"}],"predecessor-version":[{"id":3789,"href":"https:\/\/gardarssongolf.com\/is\/wp-json\/wp\/v2\/pages\/3772\/revisions\/3789"}],"wp:attachment":[{"href":"https:\/\/gardarssongolf.com\/is\/wp-json\/wp\/v2\/media?parent=3772"}],"curies":[{"name":"wp","href":"https:\/\/api.w.org\/{rel}","templated":true}]}}