{"id":3781,"date":"2025-03-06T14:46:09","date_gmt":"2025-03-06T13:46:09","guid":{"rendered":"https:\/\/gardarssongolf.com\/logleg-tilkynning\/"},"modified":"2026-03-03T13:37:27","modified_gmt":"2026-03-03T12:37:27","slug":"logleg-tilkynning","status":"publish","type":"page","link":"https:\/\/gardarssongolf.com\/is\/logleg-tilkynning\/","title":{"rendered":"L\u00f6gleg tilkynning"},"content":{"rendered":"\n<h2 class=\"wp-block-heading\">Au\u00f0kenning og eignarhald<\/h2>\n\n\n\n<p>\u00cd samr\u00e6mi vi\u00f0 10. grein laga nr. 34\/2002 fr\u00e1 11. j\u00fal\u00ed um \u00fej\u00f3nustu uppl\u00fdsingasamf\u00e9lagsins og rafr\u00e6n vi\u00f0skipti, leggur eigandinn fram eftirfarandi au\u00f0kennisuppl\u00fdsingar:<\/p>\n\n\n\n<ul class=\"wp-block-list\">\n<li><strong>Eigandi:<\/strong>\u00a0 Ulyana Petrus.<\/li>\n\n\n\n<li><strong>Skattn\u00famer:<\/strong>\u00a0X4174928Z<\/li>\n\n\n\n<li><strong>Heimilisfang:<\/strong>\u00a0 San Javier, 30720, Murcia &#8211; Espa\u00f1a.<\/li>\n\n\n\n<li><strong>Netfang:<\/strong>\u00a0 info@gardarssongolf.com<\/li>\n\n\n\n<li><strong>Vefs\u00ed\u00f0a:<\/strong>\u00a0\u00a0<a href=\"https:\/\/gardarssongolf.com\/is\/\">https:\/\/gardarssongolf.com\/<\/a><\/li>\n<\/ul>\n\n\n\n<h2 class=\"wp-block-heading\">Notkunarskilm\u00e1lar<\/h2>\n\n\n\n<p>Me\u00f0 \u00fev\u00ed a\u00f0 nota \u00feessa vefs\u00ed\u00f0u ver\u00f0ur \u00fe\u00fa notandi og sam\u00feykkir alla notkunarskilm\u00e1la sem eru \u00e1 eftirfarandi s\u00ed\u00f0um:<\/p>\n\n\n\n<ul class=\"wp-block-list\">\n<li><a href=\"\/is\/logleg-tilkynning\/\">L\u00f6gleg tilkynning<\/a><\/li>\n\n\n\n<li><a href=\"\/is\/personuverndarstefnuna\/\">Pers\u00f3nuverndarstefna<\/a><\/li>\n\n\n\n<li><a href=\"\/is\/vafrakokustefna\/\">Vafrak\u00f6kustefna<\/a><\/li>\n<\/ul>\n\n\n\n<p>Ef \u00fe\u00fa sam\u00feykkir ekki \u00f6ll \u00feessi skilm\u00e1la, vinsamlegast nota\u00f0u ekki vefs\u00ed\u00f0una.<\/p>\n\n\n\n<p>A\u00f0gangur a\u00f0 vefs\u00ed\u00f0unni felur ekki \u00e1 nokkurn h\u00e1tt \u00ed s\u00e9r upphaf vi\u00f0skiptasambands vi\u00f0 eiganda.<\/p>\n\n\n\n<p>\u00cd gegnum vefs\u00ed\u00f0una veitir eigandi \u00fe\u00e9r a\u00f0gang a\u00f0 og notkun \u00e1 \u00fdmsu efni sem eigandi og\/e\u00f0a samstarfsa\u00f0ilar hans hafa birt \u00e1 internetinu.<\/p>\n\n\n\n<p>\u00cd \u00fev\u00ed skyni ert \u00fe\u00fa skuldbundinn\/skuldbundin\/n til a\u00f0 NOTA EKKI neitt efni vefs\u00ed\u00f0unnar \u00ed \u00f3l\u00f6glegum tilgangi e\u00f0a me\u00f0 \u00e1hrifum sem eru b\u00f6nnu\u00f0 samkv\u00e6mt \u00feessari lagalegu tilkynningu e\u00f0a gildandi l\u00f6gum, ska\u00f0leg r\u00e9ttindum og hagsmunum \u00feri\u00f0ja a\u00f0ila, e\u00f0a sem \u00e1 nokkurn h\u00e1tt geta skemmt, gert \u00f3virkan, ofhla\u00f0i\u00f0, skert e\u00f0a komi\u00f0 \u00ed veg fyrir e\u00f0lilega notkun efnis, t\u00f6lvub\u00fana\u00f0ar e\u00f0a skjala, skr\u00e1a og alls kyns efnis sem geymt er \u00e1 t\u00f6lvub\u00fana\u00f0i sem eigandi, a\u00f0rir notendur e\u00f0a internetnotendur eiga e\u00f0a hafa samning vi\u00f0.<\/p>\n\n\n\n<h2 class=\"wp-block-heading\">\u00d6ryggisr\u00e1\u00f0stafanir<\/h2>\n\n\n\n<p>Pers\u00f3nuuppl\u00fdsingar sem \u00fe\u00fa l\u00e6tur eiganda \u00ed t\u00e9 kunna a\u00f0 vera geymdar \u00ed sj\u00e1lfvirkum e\u00f0a \u00f3sj\u00e1lfvirkum gagnagrunnum, sem eru \u00ed eigu eiganda eing\u00f6ngu, sem gr\u00edpur til allra t\u00e6knilegra, skipulagslegra og \u00f6ryggisr\u00e1\u00f0stafana sem tryggja tr\u00fana\u00f0, hei\u00f0arleika og g\u00e6\u00f0i uppl\u00fdsinganna sem \u00fear eru \u00ed samr\u00e6mi vi\u00f0 \u00e1kv\u00e6\u00f0i gildandi regluger\u00f0a um gagnavernd.<\/p>\n\n\n\n<p>Hins vegar \u00e6ttir \u00fe\u00fa a\u00f0 vera me\u00f0vita\u00f0ur um a\u00f0 \u00f6ryggisr\u00e1\u00f0stafanir t\u00f6lvukerfa \u00e1 Netinu eru ekki a\u00f0 fullu \u00e1rei\u00f0anlegar og \u00fev\u00ed getur eigandi ekki \u00e1byrgst a\u00f0 v\u00edrusar e\u00f0a a\u00f0rir \u00fe\u00e6ttir sem geta valdi\u00f0 breytingum \u00e1 t\u00f6lvukerfum notandans (hugb\u00fana\u00f0i og v\u00e9lb\u00fana\u00f0i) e\u00f0a rafr\u00e6num skj\u00f6lum og skr\u00e1m sem \u00fear eru geymdar s\u00e9u ekki til sta\u00f0ar, \u00fe\u00f3 a\u00f0 eigandi noti allar nau\u00f0synlegar lei\u00f0ir og gr\u00edpi til vi\u00f0eigandi \u00f6ryggisr\u00e1\u00f0stafana til a\u00f0 koma \u00ed veg fyrir tilvist \u00feessara ska\u00f0legu \u00fe\u00e1tta.<\/p>\n\n\n\n<h2 class=\"wp-block-heading\">Vinnsla pers\u00f3nuuppl\u00fdsinga<\/h2>\n\n\n\n<p>\u00de\u00fa getur sko\u00f0a\u00f0 allar uppl\u00fdsingar var\u00f0andi vinnslu pers\u00f3nuuppl\u00fdsinga sem eigandi safnar \u00e1 s\u00ed\u00f0unni\u00a0<a href=\"\/is\/personuverndarstefnuna\/\">Pers\u00f3nuverndarstefnu<\/a>\u00a0.<\/p>\n\n\n\n<h2 class=\"wp-block-heading\">Efnisyfirlit<\/h2>\n\n\n\n<p>Eigandi hefur afla\u00f0 s\u00e9r uppl\u00fdsinga, margmi\u00f0lunarefnis og efnis sem er a\u00f0 finna \u00e1 vefs\u00ed\u00f0unni \u00far heimildum sem hann telur \u00e1rei\u00f0anlegar. \u00de\u00f3tt hann hafi gert allar e\u00f0lilegar r\u00e1\u00f0stafanir til a\u00f0 tryggja a\u00f0 uppl\u00fdsingarnar sem \u00fear eru a\u00f0 finna s\u00e9u r\u00e9ttar, \u00e1byrgist eigandi ekki a\u00f0 \u00fe\u00e6r s\u00e9u n\u00e1kv\u00e6mar, t\u00e6mandi e\u00f0a uppf\u00e6r\u00f0ar. Eigandi afsalar s\u00e9r s\u00e9rstaklega allri \u00e1byrg\u00f0 \u00e1 villum e\u00f0a \u00farfellingum \u00ed uppl\u00fdsingum sem er a\u00f0 finna \u00e1 vefs\u00ed\u00f0us\u00ed\u00f0um.<\/p>\n\n\n\n<p>\u00d3heimilt er a\u00f0 senda e\u00f0a senda \u00ed gegnum vefs\u00ed\u00f0una \u00f3l\u00f6glegt e\u00f0a \u00f3l\u00f6glegt efni, t\u00f6lvuveirur e\u00f0a skilabo\u00f0 sem almennt hafa \u00e1hrif \u00e1 e\u00f0a brj\u00f3ta gegn r\u00e9ttindum eiganda e\u00f0a \u00feri\u00f0ja a\u00f0ila.<\/p>\n\n\n\n<p>Efni vefs\u00ed\u00f0unnar er eing\u00f6ngu \u00e6tla\u00f0 til uppl\u00fdsinga og skal undir engum kringumst\u00e6\u00f0um nota\u00f0 e\u00f0a liti\u00f0 \u00e1 \u00fea\u00f0 sem tilbo\u00f0 um s\u00f6lu, bei\u00f0ni um kauptilbo\u00f0 e\u00f0a tilm\u00e6li um a\u00f0 framkv\u00e6ma a\u00f0rar vi\u00f0skipti, nema anna\u00f0 s\u00e9 s\u00e9rstaklega teki\u00f0 fram.<\/p>\n\n\n\n<p>Eigandi \u00e1skilur s\u00e9r r\u00e9tt til a\u00f0 breyta, fresta, h\u00e6tta vi\u00f0 e\u00f0a takmarka efni vefs\u00ed\u00f0unnar, tengla e\u00f0a uppl\u00fdsingar sem fengnar eru \u00ed gegnum vefs\u00ed\u00f0una, \u00e1n fyrirvara.<\/p>\n\n\n\n<p>Eigandi ber ekki \u00e1byrg\u00f0 \u00e1 tj\u00f3ni sem kann a\u00f0 hlj\u00f3tast af notkun uppl\u00fdsinga \u00e1 vefs\u00ed\u00f0unni.<\/p>\n\n\n\n<h2 class=\"wp-block-heading\">Vafrak\u00f6kustefna<\/h2>\n\n\n\n<p>\u00de\u00fa getur fundi\u00f0 allar uppl\u00fdsingar var\u00f0andi stefnuna um s\u00f6fnun og vinnslu vafrak\u00f6kur \u00e1 s\u00ed\u00f0unni\u00a0<a href=\"\/is\/vafrakokustefna\/\">um vafrak\u00f6kustefnu<\/a>\u00a0.<\/p>\n\n\n\n<h2 class=\"wp-block-heading\">Tenglar \u00e1 a\u00f0rar vefs\u00ed\u00f0ur<\/h2>\n\n\n\n<p>Eigandinn kann a\u00f0 veita \u00fe\u00e9r a\u00f0gang a\u00f0 vefs\u00ed\u00f0um \u00feri\u00f0ja a\u00f0ila \u00ed gegnum tengla \u00ed \u00feeim eina tilgangi a\u00f0 uppl\u00fdsa \u00feig um tilvist annarra uppl\u00fdsingaveitna \u00e1 Netinu \u00fear sem \u00fe\u00fa getur \u00fatv\u00edkka\u00f0 uppl\u00fdsingarnar sem \u00ed bo\u00f0i eru \u00e1 vefs\u00ed\u00f0unni.<\/p>\n\n\n\n<p>\u00deessir tenglar \u00e1 a\u00f0rar vefs\u00ed\u00f0ur eru ekki tillaga e\u00f0a r\u00e1\u00f0legging um a\u00f0 \u00fe\u00fa heims\u00e6kir vi\u00f0komandi vefs\u00ed\u00f0ur, sem eru utan stj\u00f3rn eiganda. \u00deess vegna ber eigandi ekki \u00e1byrg\u00f0 \u00e1 innihaldi tengdra vefs\u00ed\u00f0na e\u00f0a ni\u00f0urst\u00f6\u00f0um sem \u00fe\u00fa f\u00e6r\u00f0 me\u00f0 \u00fev\u00ed a\u00f0 fylgja tenglunum. \u00c1 sama h\u00e1tt ber eigandi ekki \u00e1byrg\u00f0 \u00e1 tenglum sem eru sta\u00f0settir \u00e1 tengdum vefs\u00ed\u00f0um sem hann veitir \u00fe\u00e9r a\u00f0gang a\u00f0.<\/p>\n\n\n\n<p>Stofnun tengils felur ekki \u00ed s\u00e9r \u00ed neinum tilvikum a\u00f0 tengsl s\u00e9u til sta\u00f0ar milli eiganda og eiganda s\u00ed\u00f0unnar \u00fear sem tengillinn er settur upp, n\u00e9 heldur a\u00f0 eigandi sam\u00feykki e\u00f0a sam\u00feykki efni hennar e\u00f0a \u00fej\u00f3nustu.<\/p>\n\n\n\n<p>Ef \u00fe\u00fa opnar utana\u00f0komandi vefs\u00ed\u00f0u \u00ed gegnum tengla sem finnast \u00e1 \u00feessari vefs\u00ed\u00f0u, \u00e6ttir \u00fe\u00fa a\u00f0 lesa pers\u00f3nuverndarstefnu \u00feeirrar vefs\u00ed\u00f0u, sem getur veri\u00f0 fr\u00e1brug\u00f0in pers\u00f3nuverndarstefnu \u00feessarar vefs\u00ed\u00f0u.<\/p>\n\n\n\n<h2 class=\"wp-block-heading\">Hugverkar\u00e9ttur og i\u00f0na\u00f0arr\u00e9ttur<\/h2>\n\n\n\n<p>\u00d6ll r\u00e9ttindi \u00e1skilin.<\/p>\n\n\n\n<p>\u00d6ll a\u00f0gangur a\u00f0 \u00feessari vefs\u00ed\u00f0u er h\u00e1\u00f0ur eftirfarandi skilyr\u00f0um: afritun, varanleg geymsla og dreifing efnisins e\u00f0a \u00f6nnur notkun sem hefur opinberan e\u00f0a vi\u00f0skiptalegan tilgang er stranglega b\u00f6nnu\u00f0 \u00e1n fyrirfram skriflegs sam\u00feykkis eiganda.<\/p>\n\n\n\n<h2 class=\"wp-block-heading\">Takm\u00f6rkun \u00e1byrg\u00f0ar<\/h2>\n\n\n\n<p>Uppl\u00fdsingar og \u00fej\u00f3nusta sem er a\u00f0 finna \u00e1 vefs\u00ed\u00f0unni e\u00f0a a\u00f0gengileg \u00ed gegnum hana geta innihaldi\u00f0 \u00f3n\u00e1kv\u00e6mni e\u00f0a prentvillur. Eigandi gerir reglulega \u00farb\u00e6tur og\/e\u00f0a breytingar \u00e1 uppl\u00fdsingunum og\/e\u00f0a \u00fej\u00f3nustunni, sem kunna a\u00f0 vera innleiddar hven\u00e6r sem er.<\/p>\n\n\n\n<p>Eigandi l\u00fdsir ekki yfir e\u00f0a \u00e1byrgist a\u00f0 \u00fej\u00f3nustan e\u00f0a efni\u00f0 ver\u00f0i \u00e1n truflana e\u00f0a villna, a\u00f0 gallar ver\u00f0i lei\u00f0r\u00e9ttir e\u00f0a a\u00f0 \u00fej\u00f3nustan e\u00f0a net\u00fej\u00f3nninn sem gerir hana a\u00f0gengilega ver\u00f0i laus vi\u00f0 v\u00edrusa e\u00f0a a\u00f0ra ska\u00f0lega \u00edhluti, \u00fer\u00e1tt fyrir a\u00f0 eigandi geri sitt besta til a\u00f0 for\u00f0ast sl\u00edk atvik.<\/p>\n\n\n\n<p>Eigandi afsalar s\u00e9r allri \u00e1byrg\u00f0 \u00e1 truflunum e\u00f0a bilunum \u00ed \u00fej\u00f3nustunni e\u00f0a efni sem bo\u00f0i\u00f0 er upp \u00e1 \u00e1 netinu, \u00f3h\u00e1\u00f0 ors\u00f6kum. Eigandi ber heldur ekki \u00e1byrg\u00f0 \u00e1 netbilunum, rekstrartapi sem hl\u00fdst af sl\u00edkum bilunum, t\u00edmabundnum rafmagnsleysi e\u00f0a \u00f6\u00f0rum \u00f3beinum ska\u00f0a sem kann a\u00f0 hlj\u00f3tast af a\u00f0st\u00e6\u00f0um sem eigandi r\u00e6\u00f0ur ekki vi\u00f0.<\/p>\n\n\n\n<p>\u00c1\u00f0ur en \u00e1kvar\u00f0anir eru teknar og\/e\u00f0a a\u00f0ger\u00f0ir eru ger\u00f0ar \u00e1 grundvelli uppl\u00fdsinganna sem birtast \u00e1 vefs\u00ed\u00f0unni m\u00e6lir eigandi me\u00f0 \u00fev\u00ed a\u00f0 \u00fe\u00fa athugir og berir saman uppl\u00fdsingarnar sem berast vi\u00f0 a\u00f0rar heimildir.<\/p>\n\n\n\n<h2 class=\"wp-block-heading\">Haf\u00f0u samband<\/h2>\n\n\n\n<p>Ef \u00fe\u00fa hefur einhverjar spurningar var\u00f0andi \u00feessa lagalegu tilkynningu e\u00f0a vilt gera athugasemdir vi\u00f0 vefs\u00ed\u00f0una getur\u00f0u sent t\u00f6lvup\u00f3st \u00e1: info@gardarssongolf.com<\/p>\n","protected":false},"excerpt":{"rendered":"<p>Au\u00f0kenning og eignarhald \u00cd samr\u00e6mi vi\u00f0 10. grein laga nr. 34\/2002 fr\u00e1 11. j\u00fal\u00ed um \u00fej\u00f3nustu uppl\u00fdsingasamf\u00e9lagsins og rafr\u00e6n vi\u00f0skipti, leggur eigandinn fram eftirfarandi au\u00f0kennisuppl\u00fdsingar: Notkunarskilm\u00e1lar Me\u00f0 \u00fev\u00ed a\u00f0 nota \u00feessa vefs\u00ed\u00f0u ver\u00f0ur \u00fe\u00fa notandi og sam\u00feykkir alla notkunarskilm\u00e1la sem eru \u00e1 eftirfarandi s\u00ed\u00f0um: Ef \u00fe\u00fa sam\u00feykkir ekki \u00f6ll \u00feessi skilm\u00e1la, vinsamlegast nota\u00f0u ekki vefs\u00ed\u00f0una. [&hellip;]<\/p>\n","protected":false},"author":2,"featured_media":0,"parent":0,"menu_order":0,"comment_status":"closed","ping_status":"closed","template":"","meta":{"footnotes":""},"class_list":["post-3781","page","type-page","status-publish","hentry"],"yoast_head":"<!-- This site is optimized with the Yoast SEO plugin v27.5 - https:\/\/yoast.com\/product\/yoast-seo-wordpress\/ -->\n<title>L\u00f6gleg tilkynning - Gardarsson Golf<\/title>\n<meta name=\"robots\" content=\"noindex, follow\" \/>\n<meta property=\"og:locale\" content=\"is_IS\" \/>\n<meta property=\"og:type\" content=\"article\" \/>\n<meta property=\"og:title\" content=\"L\u00f6gleg tilkynning - Gardarsson Golf\" \/>\n<meta property=\"og:description\" content=\"Au\u00f0kenning og eignarhald \u00cd samr\u00e6mi vi\u00f0 10. grein laga nr. 34\/2002 fr\u00e1 11. j\u00fal\u00ed um \u00fej\u00f3nustu uppl\u00fdsingasamf\u00e9lagsins og rafr\u00e6n vi\u00f0skipti, leggur eigandinn fram eftirfarandi au\u00f0kennisuppl\u00fdsingar: Notkunarskilm\u00e1lar Me\u00f0 \u00fev\u00ed a\u00f0 nota \u00feessa vefs\u00ed\u00f0u ver\u00f0ur \u00fe\u00fa notandi og sam\u00feykkir alla notkunarskilm\u00e1la sem eru \u00e1 eftirfarandi s\u00ed\u00f0um: Ef \u00fe\u00fa sam\u00feykkir ekki \u00f6ll \u00feessi skilm\u00e1la, vinsamlegast nota\u00f0u ekki vefs\u00ed\u00f0una. [&hellip;]\" \/>\n<meta property=\"og:url\" content=\"https:\/\/gardarssongolf.com\/is\/logleg-tilkynning\/\" \/>\n<meta property=\"og:site_name\" content=\"Gardarsson Golf\" \/>\n<meta property=\"article:modified_time\" content=\"2026-03-03T12:37:27+00:00\" \/>\n<meta property=\"og:image\" content=\"https:\/\/gardarssongolf.com\/wp-content\/uploads\/2026\/02\/jon-h-gardarsson-profesor-golf.webp\" \/>\n\t<meta property=\"og:image:width\" content=\"1600\" \/>\n\t<meta property=\"og:image:height\" content=\"720\" \/>\n\t<meta property=\"og:image:type\" content=\"image\/webp\" \/>\n<meta name=\"twitter:card\" content=\"summary_large_image\" \/>\n<meta name=\"twitter:label1\" content=\"Est. reading time\" \/>\n\t<meta name=\"twitter:data1\" content=\"5 minutes\" \/>\n<script type=\"application\/ld+json\" class=\"yoast-schema-graph\">{\"@context\":\"https:\\\/\\\/schema.org\",\"@graph\":[{\"@type\":\"WebPage\",\"@id\":\"https:\\\/\\\/gardarssongolf.com\\\/is\\\/logleg-tilkynning\\\/\",\"url\":\"https:\\\/\\\/gardarssongolf.com\\\/is\\\/logleg-tilkynning\\\/\",\"name\":\"L\u00f6gleg tilkynning - Gardarsson Golf\",\"isPartOf\":{\"@id\":\"https:\\\/\\\/gardarssongolf.com\\\/is\\\/#website\"},\"datePublished\":\"2025-03-06T13:46:09+00:00\",\"dateModified\":\"2026-03-03T12:37:27+00:00\",\"breadcrumb\":{\"@id\":\"https:\\\/\\\/gardarssongolf.com\\\/is\\\/logleg-tilkynning\\\/#breadcrumb\"},\"inLanguage\":\"is\",\"potentialAction\":[{\"@type\":\"ReadAction\",\"target\":[\"https:\\\/\\\/gardarssongolf.com\\\/is\\\/logleg-tilkynning\\\/\"]}]},{\"@type\":\"BreadcrumbList\",\"@id\":\"https:\\\/\\\/gardarssongolf.com\\\/is\\\/logleg-tilkynning\\\/#breadcrumb\",\"itemListElement\":[{\"@type\":\"ListItem\",\"position\":1,\"name\":\"Portada\",\"item\":\"https:\\\/\\\/gardarssongolf.com\\\/is\\\/\"},{\"@type\":\"ListItem\",\"position\":2,\"name\":\"L\u00f6gleg tilkynning\"}]},{\"@type\":\"WebSite\",\"@id\":\"https:\\\/\\\/gardarssongolf.com\\\/is\\\/#website\",\"url\":\"https:\\\/\\\/gardarssongolf.com\\\/is\\\/\",\"name\":\"Gardarsson Golf\",\"description\":\"\",\"publisher\":{\"@id\":\"https:\\\/\\\/gardarssongolf.com\\\/is\\\/#organization\"},\"potentialAction\":[{\"@type\":\"SearchAction\",\"target\":{\"@type\":\"EntryPoint\",\"urlTemplate\":\"https:\\\/\\\/gardarssongolf.com\\\/is\\\/?s={search_term_string}\"},\"query-input\":{\"@type\":\"PropertyValueSpecification\",\"valueRequired\":true,\"valueName\":\"search_term_string\"}}],\"inLanguage\":\"is\"},{\"@type\":\"Organization\",\"@id\":\"https:\\\/\\\/gardarssongolf.com\\\/is\\\/#organization\",\"name\":\"Gardarsson Golf\",\"url\":\"https:\\\/\\\/gardarssongolf.com\\\/is\\\/\",\"logo\":{\"@type\":\"ImageObject\",\"inLanguage\":\"is\",\"@id\":\"https:\\\/\\\/gardarssongolf.com\\\/is\\\/#\\\/schema\\\/logo\\\/image\\\/\",\"url\":\"https:\\\/\\\/gardarssongolf.com\\\/wp-content\\\/uploads\\\/2026\\\/02\\\/cropped-gardarsson-golf-school-and-properties.webp\",\"contentUrl\":\"https:\\\/\\\/gardarssongolf.com\\\/wp-content\\\/uploads\\\/2026\\\/02\\\/cropped-gardarsson-golf-school-and-properties.webp\",\"width\":1400,\"height\":400,\"caption\":\"Gardarsson Golf\"},\"image\":{\"@id\":\"https:\\\/\\\/gardarssongolf.com\\\/is\\\/#\\\/schema\\\/logo\\\/image\\\/\"}}]}<\/script>\n<!-- \/ Yoast SEO plugin. -->","yoast_head_json":{"title":"L\u00f6gleg tilkynning - Gardarsson Golf","robots":{"index":"noindex","follow":"follow"},"og_locale":"is_IS","og_type":"article","og_title":"L\u00f6gleg tilkynning - Gardarsson Golf","og_description":"Au\u00f0kenning og eignarhald \u00cd samr\u00e6mi vi\u00f0 10. grein laga nr. 34\/2002 fr\u00e1 11. j\u00fal\u00ed um \u00fej\u00f3nustu uppl\u00fdsingasamf\u00e9lagsins og rafr\u00e6n vi\u00f0skipti, leggur eigandinn fram eftirfarandi au\u00f0kennisuppl\u00fdsingar: Notkunarskilm\u00e1lar Me\u00f0 \u00fev\u00ed a\u00f0 nota \u00feessa vefs\u00ed\u00f0u ver\u00f0ur \u00fe\u00fa notandi og sam\u00feykkir alla notkunarskilm\u00e1la sem eru \u00e1 eftirfarandi s\u00ed\u00f0um: Ef \u00fe\u00fa sam\u00feykkir ekki \u00f6ll \u00feessi skilm\u00e1la, vinsamlegast nota\u00f0u ekki vefs\u00ed\u00f0una. [&hellip;]","og_url":"https:\/\/gardarssongolf.com\/is\/logleg-tilkynning\/","og_site_name":"Gardarsson Golf","article_modified_time":"2026-03-03T12:37:27+00:00","og_image":[{"width":1600,"height":720,"url":"https:\/\/gardarssongolf.com\/wp-content\/uploads\/2026\/02\/jon-h-gardarsson-profesor-golf.webp","type":"image\/webp"}],"twitter_card":"summary_large_image","twitter_misc":{"Est. reading time":"5 minutes"},"schema":{"@context":"https:\/\/schema.org","@graph":[{"@type":"WebPage","@id":"https:\/\/gardarssongolf.com\/is\/logleg-tilkynning\/","url":"https:\/\/gardarssongolf.com\/is\/logleg-tilkynning\/","name":"L\u00f6gleg tilkynning - Gardarsson Golf","isPartOf":{"@id":"https:\/\/gardarssongolf.com\/is\/#website"},"datePublished":"2025-03-06T13:46:09+00:00","dateModified":"2026-03-03T12:37:27+00:00","breadcrumb":{"@id":"https:\/\/gardarssongolf.com\/is\/logleg-tilkynning\/#breadcrumb"},"inLanguage":"is","potentialAction":[{"@type":"ReadAction","target":["https:\/\/gardarssongolf.com\/is\/logleg-tilkynning\/"]}]},{"@type":"BreadcrumbList","@id":"https:\/\/gardarssongolf.com\/is\/logleg-tilkynning\/#breadcrumb","itemListElement":[{"@type":"ListItem","position":1,"name":"Portada","item":"https:\/\/gardarssongolf.com\/is\/"},{"@type":"ListItem","position":2,"name":"L\u00f6gleg tilkynning"}]},{"@type":"WebSite","@id":"https:\/\/gardarssongolf.com\/is\/#website","url":"https:\/\/gardarssongolf.com\/is\/","name":"Gardarsson Golf","description":"","publisher":{"@id":"https:\/\/gardarssongolf.com\/is\/#organization"},"potentialAction":[{"@type":"SearchAction","target":{"@type":"EntryPoint","urlTemplate":"https:\/\/gardarssongolf.com\/is\/?s={search_term_string}"},"query-input":{"@type":"PropertyValueSpecification","valueRequired":true,"valueName":"search_term_string"}}],"inLanguage":"is"},{"@type":"Organization","@id":"https:\/\/gardarssongolf.com\/is\/#organization","name":"Gardarsson Golf","url":"https:\/\/gardarssongolf.com\/is\/","logo":{"@type":"ImageObject","inLanguage":"is","@id":"https:\/\/gardarssongolf.com\/is\/#\/schema\/logo\/image\/","url":"https:\/\/gardarssongolf.com\/wp-content\/uploads\/2026\/02\/cropped-gardarsson-golf-school-and-properties.webp","contentUrl":"https:\/\/gardarssongolf.com\/wp-content\/uploads\/2026\/02\/cropped-gardarsson-golf-school-and-properties.webp","width":1400,"height":400,"caption":"Gardarsson Golf"},"image":{"@id":"https:\/\/gardarssongolf.com\/is\/#\/schema\/logo\/image\/"}}]}},"_links":{"self":[{"href":"https:\/\/gardarssongolf.com\/is\/wp-json\/wp\/v2\/pages\/3781","targetHints":{"allow":["GET"]}}],"collection":[{"href":"https:\/\/gardarssongolf.com\/is\/wp-json\/wp\/v2\/pages"}],"about":[{"href":"https:\/\/gardarssongolf.com\/is\/wp-json\/wp\/v2\/types\/page"}],"author":[{"embeddable":true,"href":"https:\/\/gardarssongolf.com\/is\/wp-json\/wp\/v2\/users\/2"}],"replies":[{"embeddable":true,"href":"https:\/\/gardarssongolf.com\/is\/wp-json\/wp\/v2\/comments?post=3781"}],"version-history":[{"count":2,"href":"https:\/\/gardarssongolf.com\/is\/wp-json\/wp\/v2\/pages\/3781\/revisions"}],"predecessor-version":[{"id":3791,"href":"https:\/\/gardarssongolf.com\/is\/wp-json\/wp\/v2\/pages\/3781\/revisions\/3791"}],"wp:attachment":[{"href":"https:\/\/gardarssongolf.com\/is\/wp-json\/wp\/v2\/media?parent=3781"}],"curies":[{"name":"wp","href":"https:\/\/api.w.org\/{rel}","templated":true}]}}