{"id":3798,"date":"2025-03-06T14:46:09","date_gmt":"2025-03-06T13:46:09","guid":{"rendered":"https:\/\/gardarssongolf.com\/vafrakokustefna\/"},"modified":"2026-03-03T15:10:45","modified_gmt":"2026-03-03T14:10:45","slug":"vafrakokustefna","status":"publish","type":"page","link":"https:\/\/gardarssongolf.com\/is\/vafrakokustefna\/","title":{"rendered":"Vafrak\u00f6kustefna"},"content":{"rendered":"\n<h2 class=\"wp-block-heading\">Hva\u00f0 eru sm\u00e1k\u00f6kur?<\/h2>\n\n\n\n<p>\u00c1 ensku \u00fe\u00fd\u00f0ir hugtaki\u00f0 \u201ecookie\u201c kex, en \u00ed samhengi vi\u00f0 vefsko\u00f0un er \u201ecookie\u201c eitthva\u00f0 allt anna\u00f0. \u00deegar \u00fe\u00fa opnar vefs\u00ed\u00f0u okkar er l\u00edtill textab\u00fatur sem kallast \u201ecookie\u201c geymdur \u00ed vafra t\u00e6kisins \u00fe\u00edns. \u00deessi texti inniheldur \u00fdmsar uppl\u00fdsingar um vafravenjur \u00fe\u00ednar, \u00f3skir, s\u00e9rstillingar \u00e1 efni og svo framvegis.<\/p>\n\n\n\n<p>\u00dea\u00f0 eru a\u00f0rar t\u00e6knilausnir sem virka \u00e1 svipa\u00f0an h\u00e1tt og eru einnig nota\u00f0ar til a\u00f0 safna g\u00f6gnum um vafravirkni \u00fe\u00edna. Vi\u00f0 munum v\u00edsa til allra \u00feessara t\u00e6knilausna sameiginlega sem \u201esm\u00e1k\u00f6kur\u201c.<\/p>\n\n\n\n<p>\u00cd \u00feessu skjali er l\u00fdst \u00feeirri s\u00e9rst\u00f6ku notkun sem vi\u00f0 notum \u00feessa t\u00e6kni.<\/p>\n\n\n\n<h2 class=\"wp-block-heading\">Til hvers eru vafrak\u00f6kur nota\u00f0ar \u00e1 \u00feessari vefs\u00ed\u00f0u?<\/h2>\n\n\n\n<p>Vafrak\u00f6kur eru nau\u00f0synlegur \u00fe\u00e1ttur \u00ed \u00fev\u00ed hvernig vefs\u00ed\u00f0an virkar. Megintilgangur vafrak\u00f6kunnar okkar er a\u00f0 b\u00e6ta vafraupplifun \u00fe\u00edna. Til d\u00e6mis a\u00f0 muna \u00f3skir \u00fe\u00ednar (tungum\u00e1l, land o.s.frv.) me\u00f0an \u00fe\u00fa vafrar og vi\u00f0 framt\u00ed\u00f0arheims\u00f3knir. Uppl\u00fdsingarnar sem safna\u00f0 er \u00ed vafrak\u00f6kunum gera okkur einnig kleift a\u00f0 b\u00e6ta vefs\u00ed\u00f0una, sn\u00ed\u00f0a hana a\u00f0 \u00e1hugam\u00e1lum \u00fe\u00ednum sem notanda, fl\u00fdta fyrir leit \u00feinni og fleira.<\/p>\n\n\n\n<p>\u00cd vissum tilfellum, ef vi\u00f0 h\u00f6fum fengi\u00f0 uppl\u00fdst sam\u00feykki \u00feitt fyrirfram, g\u00e6tum vi\u00f0 nota\u00f0 vafrak\u00f6kur \u00ed \u00f6\u00f0rum tilgangi, svo sem til a\u00f0 afla uppl\u00fdsinga sem gera okkur kleift a\u00f0 s\u00fdna \u00fe\u00e9r augl\u00fdsingar bygg\u00f0ar \u00e1 greiningu \u00e1 vafravenjum \u00fe\u00ednum.<\/p>\n\n\n\n<h2 class=\"wp-block-heading\">Til hvers eru vafrak\u00f6kur EKKI nota\u00f0ar \u00e1 \u00feessari vefs\u00ed\u00f0u?<\/h2>\n\n\n\n<p>Vafrak\u00f6kurnar sem vi\u00f0 notum geyma ekki vi\u00f0kv\u00e6mar pers\u00f3nugreinanlegar uppl\u00fdsingar eins og nafn \u00feitt, heimilisfang, lykilor\u00f0 o.s.frv.<\/p>\n\n\n\n<h2 class=\"wp-block-heading\">Hver notar uppl\u00fdsingarnar sem eru geymdar \u00ed vafrak\u00f6kum?<\/h2>\n\n\n\n<p>Uppl\u00fdsingarnar sem geymdar eru \u00ed vafrak\u00f6kum \u00e1 vefs\u00ed\u00f0u okkar eru eing\u00f6ngu nota\u00f0ar af okkur, fyrir utan \u00fe\u00e6r sem eru skilgreindar h\u00e9r a\u00f0 ne\u00f0an sem \u201evafrak\u00f6kur fr\u00e1 \u00feri\u00f0ja a\u00f0ila\u201c, sem eru nota\u00f0ar og stj\u00f3rna\u00f0ar af utana\u00f0komandi a\u00f0ilum sem veita okkur \u00fej\u00f3nustu sem b\u00e6tir upplifun notenda. Til d\u00e6mis t\u00f6lfr\u00e6\u00f0i sem safna\u00f0 er um fj\u00f6lda heims\u00f3kna, vins\u00e6lasta efni\u00f0 o.s.frv.<\/p>\n\n\n\n<h2 class=\"wp-block-heading\">Hvernig get \u00e9g komi\u00f0 \u00ed veg fyrir notkun vafrak\u00f6ku \u00e1 \u00feessari vefs\u00ed\u00f0u?<\/h2>\n\n\n\n<p>Ef \u00fe\u00fa vilt for\u00f0ast notkun vafrak\u00f6kur getur\u00f0u HAFNA\u00d0 notkun \u00feeirra e\u00f0a STILLT hva\u00f0a vafrak\u00f6kur \u00fe\u00fa vilt for\u00f0ast og hva\u00f0a vafrak\u00f6kur \u00fe\u00fa leyfir (\u00ed \u00feessu skjali gefum vi\u00f0 \u00fe\u00e9r \u00edtarlegri uppl\u00fdsingar um hverja ger\u00f0 vafrak\u00f6ku, tilgang hennar, m\u00f3ttakanda, gildist\u00edma o.s.frv.).<\/p>\n\n\n\n<p>Ef \u00fe\u00fa hefur sam\u00feykkt \u00fe\u00e6r munum vi\u00f0 ekki spyrja \u00feig aftur nema \u00fe\u00fa ey\u00f0ir vafrak\u00f6kunum \u00e1 t\u00e6kinu \u00fe\u00ednu eins og l\u00fdst er \u00ed n\u00e6sta kafla. Ef \u00fe\u00fa vilt afturkalla sam\u00feykki \u00feitt \u00fearftu a\u00f0 ey\u00f0a vafrak\u00f6kunum og stilla \u00fe\u00e6r upp \u00e1 n\u00fdtt.<\/p>\n\n\n\n<h2 class=\"wp-block-heading\">Hvernig sl\u00f6kkva \u00e9g \u00e1 og ey\u00f0i notkun vafrak\u00f6kna?<\/h2>\n\n\n\n<p>Eigandinn birtir uppl\u00fdsingar um stefnu s\u00edna um vafrak\u00f6kur \u00ed vafrak\u00f6kubor\u00f0anum sem er a\u00f0gengilegur \u00e1 \u00f6llum s\u00ed\u00f0um vefs\u00ed\u00f0unnar. Vafrak\u00f6kubor\u00f0inn s\u00fdnir nau\u00f0synlegar uppl\u00fdsingar um gagnavinnslu og gerir notandanum kleift a\u00f0 framkv\u00e6ma eftirfarandi a\u00f0ger\u00f0ir:<\/p>\n\n\n\n<ul class=\"wp-block-list\">\n<li>SAM\u00deYKKJA e\u00f0a HAFNA uppsetningu vafrak\u00f6kna e\u00f0a afturkalla \u00e1\u00f0ur veitt sam\u00feykki.<\/li>\n\n\n\n<li>Finndu frekari uppl\u00fdsingar \u00e1 s\u00ed\u00f0unni&nbsp;<a href=\"\/is\/vafrakokustefna\/\">um vafrak\u00f6kustefnu<\/a>&nbsp;.<\/li>\n<\/ul>\n\n\n\n<p>Til a\u00f0 takmarka, loka fyrir e\u00f0a ey\u00f0a vafrak\u00f6kum af \u00feessari vefs\u00ed\u00f0u (og \u00feeim sem \u00feri\u00f0ju a\u00f0ilar nota) getur\u00f0u breytt stillingum vafrans hven\u00e6r sem er. Athugi\u00f0 a\u00f0 \u00feessar stillingar eru mismunandi eftir v\u00f6frum.<\/p>\n\n\n\n<p>Eftirfarandi tenglar veita lei\u00f0beiningar um hvernig \u00e1 a\u00f0 virkja e\u00f0a sl\u00f6kkva \u00e1 vafrak\u00f6kum \u00ed algengustu v\u00f6frum.<\/p>\n\n\n\n<ul class=\"wp-block-list\">\n<li><a href=\"http:\/\/support.mozilla.org\/es\/kb\/habilitar-y-deshabilitar-cookies-que-los-sitios-we\" target=\"_blank\" rel=\"noreferrer noopener\">Firefox<\/a><\/li>\n\n\n\n<li><a href=\"https:\/\/support.google.com\/chrome\/answer\/95647?hl=es\" target=\"_blank\" rel=\"noreferrer noopener\">Google Chrome<\/a><\/li>\n\n\n\n<li><a href=\"https:\/\/support.microsoft.com\/es-es\/help\/17442\/windows-internet-explorer-delete-manage-cookies#ie=%22ie-10\" target=\"_blank\" rel=\"noreferrer noopener\">Internet Explorer<\/a><\/li>\n\n\n\n<li><a href=\"https:\/\/support.microsoft.com\/es-es\/help\/4468242\/microsoft-edge-browsing-data-and-privacy\" target=\"_blank\" rel=\"noreferrer noopener\">Microsoft Edge<\/a><\/li>\n\n\n\n<li><a href=\"http:\/\/support.apple.com\/kb\/HT1677?viewlocale=es_ES\" target=\"_blank\" rel=\"noreferrer noopener\">Safar\u00ed<\/a><\/li>\n<\/ul>\n\n\n\n<h2 class=\"wp-block-heading\">Hva\u00f0a tegundir af vafrak\u00f6kum eru nota\u00f0ar \u00e1 \u00feessari vefs\u00ed\u00f0u?<\/h2>\n\n\n\n<p>Hver vefs\u00ed\u00f0a notar s\u00ednar eigin vafrak\u00f6kur. \u00c1 vefs\u00ed\u00f0u okkar notum vi\u00f0 \u00fe\u00e6r sem taldar eru upp h\u00e9r a\u00f0 ne\u00f0an:<\/p>\n\n\n\n<p><strong>SAMKV\u00c6MT A\u00d0ILANUM SEM STJ\u00d3RNAR \u00deV\u00cd<\/strong><\/p>\n\n\n\n<p><strong>Vafrak\u00f6kur fr\u00e1 fyrsta a\u00f0ila:<\/strong><\/p>\n\n\n\n<p>\u00deetta eru \u00feau sem eru send \u00e1 endab\u00fana\u00f0 notandans fr\u00e1 t\u00f6lvu e\u00f0a l\u00e9ni sem \u00fatgefandinn sj\u00e1lfur stj\u00f3rnar og \u00fea\u00f0an sem \u00fej\u00f3nustan sem notandinn \u00f3skar eftir er veitt.<\/p>\n\n\n\n<p><strong>Vafrak\u00f6kur fr\u00e1 \u00feri\u00f0ja a\u00f0ila:<\/strong><\/p>\n\n\n\n<p>\u00deetta eru \u00feau sem eru send \u00e1 endab\u00fana\u00f0 notandans fr\u00e1 t\u00f6lvu e\u00f0a l\u00e9ni sem er ekki stj\u00f3rna\u00f0 af \u00fatgefandanum, heldur af \u00f6\u00f0rum a\u00f0ila sem vinnur \u00far g\u00f6gnum sem afla\u00f0 er me\u00f0 vafrak\u00f6kum.<\/p>\n\n\n\n<p>Ef vafrak\u00f6kur eru birtar fr\u00e1 t\u00f6lvu e\u00f0a l\u00e9ni sem \u00fatgefandinn sj\u00e1lfur stj\u00f3rnar, en uppl\u00fdsingarnar sem safna\u00f0 er \u00ed gegnum \u00fe\u00e6r eru stj\u00f3rna\u00f0ar af \u00feri\u00f0ja a\u00f0ila, geta \u00fe\u00e6r ekki talist vafrak\u00f6kur fr\u00e1 fyrsta a\u00f0ila ef \u00feri\u00f0ji a\u00f0ilinn notar \u00fe\u00e6r \u00ed eigin \u00fe\u00e1gu (til d\u00e6mis til a\u00f0 b\u00e6ta \u00fej\u00f3nustu sem hann veitir e\u00f0a veita augl\u00fdsinga\u00fej\u00f3nustu til annarra a\u00f0ila).<\/p>\n\n\n\n<p><strong>SAMKV\u00c6MT TILGANGI \u00deEIRRA<\/strong><\/p>\n\n\n\n<p><strong>T\u00e6knilegar vafrak\u00f6kur:<\/strong><\/p>\n\n\n\n<p>\u00deetta eru \u00feau atri\u00f0i sem nau\u00f0synleg eru fyrir flakk og r\u00e9tta virkni vefs\u00ed\u00f0u okkar, svo sem a\u00f0 stj\u00f3rna umfer\u00f0 og gagnasamskiptum, au\u00f0kenna lotuna, f\u00e1 a\u00f0gang a\u00f0 takm\u00f6rku\u00f0um sv\u00e6\u00f0um, vinna \u00far skr\u00e1ningar- e\u00f0a \u00fe\u00e1ttt\u00f6kubei\u00f0num fyrir vi\u00f0bur\u00f0i, telja heims\u00f3knir til a\u00f0 innheimta hugb\u00fana\u00f0arleyfi sem kn\u00fdja vefs\u00ed\u00f0u\u00fej\u00f3nustuna, nota \u00f6ryggiseiginleika vi\u00f0 flakk, geyma efni fyrir myndbands- e\u00f0a hlj\u00f3\u00f0spilun og virkja breytilegt efni (t.d. hla\u00f0a inn hreyfimyndum \u00far texta e\u00f0a myndum).<\/p>\n\n\n\n<p><strong>Greiningarvafrak\u00f6kur:<\/strong><\/p>\n\n\n\n<p>\u00deau gera okkur kleift a\u00f0 magngreina fj\u00f6lda notenda og \u00feannig framkv\u00e6ma t\u00f6lfr\u00e6\u00f0ilegar m\u00e6lingar og greiningar \u00e1 \u00fev\u00ed hvernig notendur nota vefs\u00ed\u00f0una.<\/p>\n\n\n\n<p><strong>Kj\u00f6rstillingar- e\u00f0a pers\u00f3nustillingark\u00f6kur:<\/strong><\/p>\n\n\n\n<p>\u00deetta eru vafrak\u00f6kur sem gera kleift a\u00f0 muna uppl\u00fdsingar svo a\u00f0 notandinn geti n\u00e1lgast \u00fej\u00f3nustuna me\u00f0 \u00e1kve\u00f0num eiginleikum sem geta a\u00f0greint upplifun hans fr\u00e1 upplifun annarra notenda, svo sem til d\u00e6mis tungum\u00e1li\u00f0, fj\u00f6lda ni\u00f0ursta\u00f0na sem birtast \u00feegar notandinn framkv\u00e6mir leit, \u00fatlit e\u00f0a efni \u00fej\u00f3nustunnar eftir \u00fev\u00ed hva\u00f0a vafra notandinn notar e\u00f0a hva\u00f0a sv\u00e6\u00f0i hann notar hana fr\u00e1 o.s.frv.<\/p>\n\n\n\n<p><strong>SAMKV\u00c6MT T\u00cdMALENGD \u00deEIR ERU VIRKIR<\/strong><\/p>\n\n\n\n<p><strong>Lotuvafrak\u00f6kur:<\/strong><\/p>\n\n\n\n<p>\u00deetta eru vafrak\u00f6kur sem eru hanna\u00f0ar til a\u00f0 safna og geyma g\u00f6gn \u00feegar notandinn heims\u00e6kir vefs\u00ed\u00f0u.<\/p>\n\n\n\n<p>\u00deau eru venjulega notu\u00f0 til a\u00f0 geyma uppl\u00fdsingar sem eru a\u00f0eins vi\u00f0eigandi til a\u00f0 veita \u00fej\u00f3nustuna sem notandinn \u00f3skar eftir \u00ed einu tilefni (til d\u00e6mis lista yfir keyptar v\u00f6rur) og hverfa \u00feegar lotunni l\u00fdkur.<\/p>\n\n\n\n<p><strong>Varanlegar vafrak\u00f6kur:<\/strong><\/p>\n\n\n\n<p>\u00deetta eru vafrak\u00f6kur \u00fear sem g\u00f6gnin eru geymd \u00e1 t\u00e6ki notandans og h\u00e6gt er a\u00f0 n\u00e1lgast \u00fe\u00e6r og vinna \u00far \u00feeim \u00ed \u00feann t\u00edma sem vafrak\u00f6kuveitan skilgreinir, allt fr\u00e1 nokkrum m\u00edn\u00fatum upp \u00ed nokkur \u00e1r. \u00cd \u00feessu sambandi er mikilv\u00e6gt a\u00f0 meta s\u00e9rstaklega hvort notkun varanlegra vafrak\u00f6ku s\u00e9 nau\u00f0synleg, \u00fear sem h\u00e6gt v\u00e6ri a\u00f0 draga \u00far \u00e1h\u00e6ttu fyrir fri\u00f0helgi einkal\u00edfs me\u00f0 \u00fev\u00ed a\u00f0 nota lotuk\u00f6kur. \u00cd \u00f6llum tilvikum, \u00feegar varanlegar vafrak\u00f6kur eru settar upp, er m\u00e6lt me\u00f0 \u00fev\u00ed a\u00f0 stytta l\u00edft\u00edma \u00feeirra, me\u00f0 hli\u00f0sj\u00f3n af tilgangi \u00feeirra. \u00cd \u00feessu skyni benti \u00e1lit 4\/2012 starfsh\u00f3psins um 29. greinina \u00e1 a\u00f0 til \u00feess a\u00f0 vafrak\u00f6ku s\u00e9 undan\u00feegin kr\u00f6funni um uppl\u00fdst sam\u00feykki ver\u00f0i gildist\u00edmi hennar a\u00f0 tengjast tilgangi hennar. \u00dev\u00ed eru lotuk\u00f6kur mun l\u00edklegri til a\u00f0 teljast undan\u00feegnar en varanlegar vafrak\u00f6kur.<\/p>\n","protected":false},"excerpt":{"rendered":"<p>Hva\u00f0 eru sm\u00e1k\u00f6kur? \u00c1 ensku \u00fe\u00fd\u00f0ir hugtaki\u00f0 \u201ecookie\u201c kex, en \u00ed samhengi vi\u00f0 vefsko\u00f0un er \u201ecookie\u201c eitthva\u00f0 allt anna\u00f0. \u00deegar \u00fe\u00fa opnar vefs\u00ed\u00f0u okkar er l\u00edtill textab\u00fatur sem kallast \u201ecookie\u201c geymdur \u00ed vafra t\u00e6kisins \u00fe\u00edns. \u00deessi texti inniheldur \u00fdmsar uppl\u00fdsingar um vafravenjur \u00fe\u00ednar, \u00f3skir, s\u00e9rstillingar \u00e1 efni og svo framvegis. \u00dea\u00f0 eru a\u00f0rar t\u00e6knilausnir sem [&hellip;]<\/p>\n","protected":false},"author":2,"featured_media":0,"parent":0,"menu_order":0,"comment_status":"closed","ping_status":"closed","template":"","meta":{"footnotes":""},"class_list":["post-3798","page","type-page","status-publish","hentry"],"yoast_head":"<!-- This site is optimized with the Yoast SEO plugin v27.5 - https:\/\/yoast.com\/product\/yoast-seo-wordpress\/ -->\n<title>Vafrak\u00f6kustefna - Gardarsson Golf<\/title>\n<meta name=\"robots\" content=\"noindex, follow\" \/>\n<meta property=\"og:locale\" content=\"is_IS\" \/>\n<meta property=\"og:type\" content=\"article\" \/>\n<meta property=\"og:title\" content=\"Vafrak\u00f6kustefna - Gardarsson Golf\" \/>\n<meta property=\"og:description\" content=\"Hva\u00f0 eru sm\u00e1k\u00f6kur? \u00c1 ensku \u00fe\u00fd\u00f0ir hugtaki\u00f0 \u201ecookie\u201c kex, en \u00ed samhengi vi\u00f0 vefsko\u00f0un er \u201ecookie\u201c eitthva\u00f0 allt anna\u00f0. \u00deegar \u00fe\u00fa opnar vefs\u00ed\u00f0u okkar er l\u00edtill textab\u00fatur sem kallast \u201ecookie\u201c geymdur \u00ed vafra t\u00e6kisins \u00fe\u00edns. \u00deessi texti inniheldur \u00fdmsar uppl\u00fdsingar um vafravenjur \u00fe\u00ednar, \u00f3skir, s\u00e9rstillingar \u00e1 efni og svo framvegis. \u00dea\u00f0 eru a\u00f0rar t\u00e6knilausnir sem [&hellip;]\" \/>\n<meta property=\"og:url\" content=\"https:\/\/gardarssongolf.com\/is\/vafrakokustefna\/\" \/>\n<meta property=\"og:site_name\" content=\"Gardarsson Golf\" \/>\n<meta property=\"article:modified_time\" content=\"2026-03-03T14:10:45+00:00\" \/>\n<meta property=\"og:image\" content=\"https:\/\/gardarssongolf.com\/wp-content\/uploads\/2026\/02\/jon-h-gardarsson-profesor-golf.webp\" \/>\n\t<meta property=\"og:image:width\" content=\"1600\" \/>\n\t<meta property=\"og:image:height\" content=\"720\" \/>\n\t<meta property=\"og:image:type\" content=\"image\/webp\" \/>\n<meta name=\"twitter:card\" content=\"summary_large_image\" \/>\n<meta name=\"twitter:label1\" content=\"Est. reading time\" \/>\n\t<meta name=\"twitter:data1\" content=\"5 minutes\" \/>\n<script type=\"application\/ld+json\" class=\"yoast-schema-graph\">{\"@context\":\"https:\\\/\\\/schema.org\",\"@graph\":[{\"@type\":\"WebPage\",\"@id\":\"https:\\\/\\\/gardarssongolf.com\\\/is\\\/vafrakokustefna\\\/\",\"url\":\"https:\\\/\\\/gardarssongolf.com\\\/is\\\/vafrakokustefna\\\/\",\"name\":\"Vafrak\u00f6kustefna - Gardarsson Golf\",\"isPartOf\":{\"@id\":\"https:\\\/\\\/gardarssongolf.com\\\/is\\\/#website\"},\"datePublished\":\"2025-03-06T13:46:09+00:00\",\"dateModified\":\"2026-03-03T14:10:45+00:00\",\"breadcrumb\":{\"@id\":\"https:\\\/\\\/gardarssongolf.com\\\/is\\\/vafrakokustefna\\\/#breadcrumb\"},\"inLanguage\":\"is\",\"potentialAction\":[{\"@type\":\"ReadAction\",\"target\":[\"https:\\\/\\\/gardarssongolf.com\\\/is\\\/vafrakokustefna\\\/\"]}]},{\"@type\":\"BreadcrumbList\",\"@id\":\"https:\\\/\\\/gardarssongolf.com\\\/is\\\/vafrakokustefna\\\/#breadcrumb\",\"itemListElement\":[{\"@type\":\"ListItem\",\"position\":1,\"name\":\"Portada\",\"item\":\"https:\\\/\\\/gardarssongolf.com\\\/is\\\/\"},{\"@type\":\"ListItem\",\"position\":2,\"name\":\"Vafrak\u00f6kustefna\"}]},{\"@type\":\"WebSite\",\"@id\":\"https:\\\/\\\/gardarssongolf.com\\\/is\\\/#website\",\"url\":\"https:\\\/\\\/gardarssongolf.com\\\/is\\\/\",\"name\":\"Gardarsson Golf\",\"description\":\"\",\"publisher\":{\"@id\":\"https:\\\/\\\/gardarssongolf.com\\\/is\\\/#organization\"},\"potentialAction\":[{\"@type\":\"SearchAction\",\"target\":{\"@type\":\"EntryPoint\",\"urlTemplate\":\"https:\\\/\\\/gardarssongolf.com\\\/is\\\/?s={search_term_string}\"},\"query-input\":{\"@type\":\"PropertyValueSpecification\",\"valueRequired\":true,\"valueName\":\"search_term_string\"}}],\"inLanguage\":\"is\"},{\"@type\":\"Organization\",\"@id\":\"https:\\\/\\\/gardarssongolf.com\\\/is\\\/#organization\",\"name\":\"Gardarsson Golf\",\"url\":\"https:\\\/\\\/gardarssongolf.com\\\/is\\\/\",\"logo\":{\"@type\":\"ImageObject\",\"inLanguage\":\"is\",\"@id\":\"https:\\\/\\\/gardarssongolf.com\\\/is\\\/#\\\/schema\\\/logo\\\/image\\\/\",\"url\":\"https:\\\/\\\/gardarssongolf.com\\\/wp-content\\\/uploads\\\/2026\\\/02\\\/cropped-gardarsson-golf-school-and-properties.webp\",\"contentUrl\":\"https:\\\/\\\/gardarssongolf.com\\\/wp-content\\\/uploads\\\/2026\\\/02\\\/cropped-gardarsson-golf-school-and-properties.webp\",\"width\":1400,\"height\":400,\"caption\":\"Gardarsson Golf\"},\"image\":{\"@id\":\"https:\\\/\\\/gardarssongolf.com\\\/is\\\/#\\\/schema\\\/logo\\\/image\\\/\"}}]}<\/script>\n<!-- \/ Yoast SEO plugin. -->","yoast_head_json":{"title":"Vafrak\u00f6kustefna - Gardarsson Golf","robots":{"index":"noindex","follow":"follow"},"og_locale":"is_IS","og_type":"article","og_title":"Vafrak\u00f6kustefna - Gardarsson Golf","og_description":"Hva\u00f0 eru sm\u00e1k\u00f6kur? \u00c1 ensku \u00fe\u00fd\u00f0ir hugtaki\u00f0 \u201ecookie\u201c kex, en \u00ed samhengi vi\u00f0 vefsko\u00f0un er \u201ecookie\u201c eitthva\u00f0 allt anna\u00f0. \u00deegar \u00fe\u00fa opnar vefs\u00ed\u00f0u okkar er l\u00edtill textab\u00fatur sem kallast \u201ecookie\u201c geymdur \u00ed vafra t\u00e6kisins \u00fe\u00edns. \u00deessi texti inniheldur \u00fdmsar uppl\u00fdsingar um vafravenjur \u00fe\u00ednar, \u00f3skir, s\u00e9rstillingar \u00e1 efni og svo framvegis. \u00dea\u00f0 eru a\u00f0rar t\u00e6knilausnir sem [&hellip;]","og_url":"https:\/\/gardarssongolf.com\/is\/vafrakokustefna\/","og_site_name":"Gardarsson Golf","article_modified_time":"2026-03-03T14:10:45+00:00","og_image":[{"width":1600,"height":720,"url":"https:\/\/gardarssongolf.com\/wp-content\/uploads\/2026\/02\/jon-h-gardarsson-profesor-golf.webp","type":"image\/webp"}],"twitter_card":"summary_large_image","twitter_misc":{"Est. reading time":"5 minutes"},"schema":{"@context":"https:\/\/schema.org","@graph":[{"@type":"WebPage","@id":"https:\/\/gardarssongolf.com\/is\/vafrakokustefna\/","url":"https:\/\/gardarssongolf.com\/is\/vafrakokustefna\/","name":"Vafrak\u00f6kustefna - Gardarsson Golf","isPartOf":{"@id":"https:\/\/gardarssongolf.com\/is\/#website"},"datePublished":"2025-03-06T13:46:09+00:00","dateModified":"2026-03-03T14:10:45+00:00","breadcrumb":{"@id":"https:\/\/gardarssongolf.com\/is\/vafrakokustefna\/#breadcrumb"},"inLanguage":"is","potentialAction":[{"@type":"ReadAction","target":["https:\/\/gardarssongolf.com\/is\/vafrakokustefna\/"]}]},{"@type":"BreadcrumbList","@id":"https:\/\/gardarssongolf.com\/is\/vafrakokustefna\/#breadcrumb","itemListElement":[{"@type":"ListItem","position":1,"name":"Portada","item":"https:\/\/gardarssongolf.com\/is\/"},{"@type":"ListItem","position":2,"name":"Vafrak\u00f6kustefna"}]},{"@type":"WebSite","@id":"https:\/\/gardarssongolf.com\/is\/#website","url":"https:\/\/gardarssongolf.com\/is\/","name":"Gardarsson Golf","description":"","publisher":{"@id":"https:\/\/gardarssongolf.com\/is\/#organization"},"potentialAction":[{"@type":"SearchAction","target":{"@type":"EntryPoint","urlTemplate":"https:\/\/gardarssongolf.com\/is\/?s={search_term_string}"},"query-input":{"@type":"PropertyValueSpecification","valueRequired":true,"valueName":"search_term_string"}}],"inLanguage":"is"},{"@type":"Organization","@id":"https:\/\/gardarssongolf.com\/is\/#organization","name":"Gardarsson Golf","url":"https:\/\/gardarssongolf.com\/is\/","logo":{"@type":"ImageObject","inLanguage":"is","@id":"https:\/\/gardarssongolf.com\/is\/#\/schema\/logo\/image\/","url":"https:\/\/gardarssongolf.com\/wp-content\/uploads\/2026\/02\/cropped-gardarsson-golf-school-and-properties.webp","contentUrl":"https:\/\/gardarssongolf.com\/wp-content\/uploads\/2026\/02\/cropped-gardarsson-golf-school-and-properties.webp","width":1400,"height":400,"caption":"Gardarsson Golf"},"image":{"@id":"https:\/\/gardarssongolf.com\/is\/#\/schema\/logo\/image\/"}}]}},"_links":{"self":[{"href":"https:\/\/gardarssongolf.com\/is\/wp-json\/wp\/v2\/pages\/3798","targetHints":{"allow":["GET"]}}],"collection":[{"href":"https:\/\/gardarssongolf.com\/is\/wp-json\/wp\/v2\/pages"}],"about":[{"href":"https:\/\/gardarssongolf.com\/is\/wp-json\/wp\/v2\/types\/page"}],"author":[{"embeddable":true,"href":"https:\/\/gardarssongolf.com\/is\/wp-json\/wp\/v2\/users\/2"}],"replies":[{"embeddable":true,"href":"https:\/\/gardarssongolf.com\/is\/wp-json\/wp\/v2\/comments?post=3798"}],"version-history":[{"count":2,"href":"https:\/\/gardarssongolf.com\/is\/wp-json\/wp\/v2\/pages\/3798\/revisions"}],"predecessor-version":[{"id":3810,"href":"https:\/\/gardarssongolf.com\/is\/wp-json\/wp\/v2\/pages\/3798\/revisions\/3810"}],"wp:attachment":[{"href":"https:\/\/gardarssongolf.com\/is\/wp-json\/wp\/v2\/media?parent=3798"}],"curies":[{"name":"wp","href":"https:\/\/api.w.org\/{rel}","templated":true}]}}